{"id":108,"date":"2017-07-04T20:22:19","date_gmt":"2017-07-04T20:22:19","guid":{"rendered":"http:\/\/www2.unsa.edu.pe\/escuelas\/ingindustrial\/?page_id=108"},"modified":"2021-04-28T22:37:37","modified_gmt":"2021-04-29T03:37:37","slug":"perfil-profesional","status":"publish","type":"page","link":"https:\/\/fips.unsa.edu.pe\/ingenieriaindustrial\/perfil-profesional\/","title":{"rendered":"Perfil Profesional"},"content":{"rendered":"<p>Los objetivos educacionales describen los logros que los egresados de Ingenier\u00eda Industrial deben obtener luego de tres a\u00f1os de haber concluido la carrera. Estos objetivos educacionales han sido definidos tomando en cuenta las opiniones de los estudiantes y empleadores.<\/p>\n<p><span style=\"color: #333399\"><strong>El profesional de Ingenier\u00eda Industrial de la Universidad Nacional de San Agust\u00edn lograr\u00e1:<\/strong><\/span><\/p>\n<ol>\n<li>Formular, implementar, controlar, supervisar y evaluar proyectos de ingenier\u00eda industrial utilizando de manera eficiente los factores de producci\u00f3n de bienes y servicios.<\/li>\n<li>Dise\u00f1ar, mejorar, implementar y administrar procesos y sistemas, solucionando problemas que se generen al interior de la empresa o en interacci\u00f3n con otras entidades.<\/li>\n<li>Liderar y trabajar en equipo promoviendo la comunicaci\u00f3n y la participaci\u00f3n activa de sus integrantes con el fin de mejorar su desempe\u00f1o.<\/li>\n<li>Asumir con \u00e9xito retos profesionales que involucren la adquisici\u00f3n de conocimientos y habilidades adicionales a su formaci\u00f3n profesional.<\/li>\n<li>Ser agente de cambio demostrando en todo momento una actitud positiva frente a la innovaci\u00f3n y actuando de manera responsable y \u00e9tica.<\/li>\n<li>Seguir con \u00e9xito estudios de posgrado a nivel nacional e internacional.<\/li>\n<\/ol>\n","protected":false},"excerpt":{"rendered":"<p>Los objetivos educacionales describen los logros que los egresados de Ingenier\u00eda Industrial deben obtener luego de tres a\u00f1os de haber concluido la carrera. Estos objetivos educacionales han sido definidos tomando en cuenta las opiniones de los estudiantes y empleadores. El profesional de Ingenier\u00eda Industrial de la Universidad Nacional de San Agust\u00edn lograr\u00e1: Formular, implementar, controlar, [&hellip;]<\/p>\n","protected":false},"author":1,"featured_media":153,"parent":0,"menu_order":0,"comment_status":"closed","ping_status":"closed","template":"","meta":{"_acf_changed":false,"footnotes":""},"class_list":["post-108","page","type-page","status-publish","has-post-thumbnail","hentry"],"acf":[],"_links":{"self":[{"href":"https:\/\/fips.unsa.edu.pe\/ingenieriaindustrial\/wp-json\/wp\/v2\/pages\/108","targetHints":{"allow":["GET"]}}],"collection":[{"href":"https:\/\/fips.unsa.edu.pe\/ingenieriaindustrial\/wp-json\/wp\/v2\/pages"}],"about":[{"href":"https:\/\/fips.unsa.edu.pe\/ingenieriaindustrial\/wp-json\/wp\/v2\/types\/page"}],"author":[{"embeddable":true,"href":"https:\/\/fips.unsa.edu.pe\/ingenieriaindustrial\/wp-json\/wp\/v2\/users\/1"}],"replies":[{"embeddable":true,"href":"https:\/\/fips.unsa.edu.pe\/ingenieriaindustrial\/wp-json\/wp\/v2\/comments?post=108"}],"version-history":[{"count":4,"href":"https:\/\/fips.unsa.edu.pe\/ingenieriaindustrial\/wp-json\/wp\/v2\/pages\/108\/revisions"}],"predecessor-version":[{"id":645,"href":"https:\/\/fips.unsa.edu.pe\/ingenieriaindustrial\/wp-json\/wp\/v2\/pages\/108\/revisions\/645"}],"wp:featuredmedia":[{"embeddable":true,"href":"https:\/\/fips.unsa.edu.pe\/ingenieriaindustrial\/wp-json\/wp\/v2\/media\/153"}],"wp:attachment":[{"href":"https:\/\/fips.unsa.edu.pe\/ingenieriaindustrial\/wp-json\/wp\/v2\/media?parent=108"}],"curies":[{"name":"wp","href":"https:\/\/api.w.org\/{rel}","templated":true}]}}