{"id":1634,"date":"2022-09-15T16:24:27","date_gmt":"2022-09-15T16:24:27","guid":{"rendered":"https:\/\/fips.unsa.edu.pe\/ingenieriaelectronica\/?page_id=1634"},"modified":"2022-09-28T16:58:00","modified_gmt":"2022-09-28T16:58:00","slug":"resultados-del-estudiante-epie","status":"publish","type":"page","link":"https:\/\/fips.unsa.edu.pe\/ingenieriaelectronica\/resultados-del-estudiante-epie\/","title":{"rendered":"Resultados del Estudiante &#8211; EPIE"},"content":{"rendered":"<p>Los Resultados del Estudiante de la Escuela de Ingenier\u00eda Electr\u00f3nica son:<\/p>\n<h4><strong>1. Soluci\u00f3n de Problemas de Ingenier\u00eda<\/strong><\/h4>\n<p>Definici\u00f3n: Identifica, formula y resuelve problemas complejos de ingenier\u00eda electr\u00f3nica, aplicando principios de ingenier\u00eda, ciencias y matem\u00e1ticas, usando t\u00e9cnicas, m\u00e9todos, herramientas y normas apropiadas.<\/p>\n<p>Capacidades Medibles:<\/p>\n<ul>\n<li>Identifica, diagnostica problemas y los prioriza seg\u00fan su impacto y relevancia.<\/li>\n<li>Propone y desarrolla soluciones adecuadas utilizando normas y est\u00e1ndares apropiados.<\/li>\n<li>Identifica y utiliza t\u00e9cnicas y metodolog\u00edas de la matem\u00e1tica, la ciencia y la ingenier\u00eda para describir, analizar, simular e implementar soluciones a problemas de ingenier\u00eda.<\/li>\n<li>Opera y utiliza equipos, instrumentos y software necesarios para la pr\u00e1ctica de la ingenier\u00eda electr\u00f3nica.<\/li>\n<li>Toma en cuenta las medidas de seguridad en la pr\u00e1ctica de la ingenier\u00eda.<\/li>\n<\/ul>\n<h4><strong>2. Dise\u00f1o en Ingenier\u00eda<\/strong><\/h4>\n<p>Definici\u00f3n: Dise\u00f1a un sistema, producto o proceso en el campo de la ingenier\u00eda electr\u00f3nica que satisface necesidades y requerimientos, considerando salud p\u00fablica, seguridad y bienestar, as\u00ed como factores globales, culturales, sociales, ambientales y econ\u00f3micos.<\/p>\n<p>Capacidades Medibles:<\/p>\n<ul>\n<li>Interpreta requerimientos, necesidades y los formula para un proyecto de ingenier\u00eda electr\u00f3nica.<\/li>\n<li>Formula y analiza las especificaciones de un proyecto de dise\u00f1o considerando variables t\u00e9cnicas, as\u00ed como restricciones econ\u00f3micas, sociales, legales y ambientales.<\/li>\n<\/ul>\n<h4><strong>3. Comunicaci\u00f3n Efectiva<\/strong><\/h4>\n<p>Definici\u00f3n: Se comunica de manera clara y efectiva en forma oral, escrita y gr\u00e1fica seg\u00fan los diferentes tipos de interlocutores o audiencias.<\/p>\n<p>Capacidades Medibles:<\/p>\n<ul>\n<li>Expresa sus ideas de forma clara y concisa utilizando el soporte tecnol\u00f3gico adecuado.<\/li>\n<li>Elabora documentaci\u00f3n t\u00e9cnica clara y precisa utilizando normas, s\u00edmbolos y terminolog\u00eda propia de la ingenier\u00eda electr\u00f3nica.<\/li>\n<li>Ajusta su discurso seg\u00fan el tipo de p\u00fablico para conseguir una correcta comprensi\u00f3n e interpretaci\u00f3n.<\/li>\n<li>Lee documentaci\u00f3n t\u00e9cnica en ingl\u00e9s.<\/li>\n<\/ul>\n<h4><strong>4.a. \u00c9tica y Responsabilidad Profesional<\/strong><\/h4>\n<p>Definici\u00f3n: Desarrolla un comportamiento \u00e9tico y asume responsabilidad por los proyectos y trabajos realizados, tomando decisiones de manera informada y justa.<\/p>\n<p>Capacidades Medibles:<\/p>\n<ul>\n<li>Anticipa las implicaciones de sus decisiones, as\u00ed como los resultados de sus acciones y proyectos.<\/li>\n<li>Analiza cuidadosamente los antecedentes de un problema para tomar decisiones informados y reflexivos.<\/li>\n<li>Valora el cumplimiento puntual y responsable de sus deberes personales y profesionales.<\/li>\n<li>Toma en consideraci\u00f3n los intereses de la comunidad y el beneficio social.<\/li>\n<li>Conoce y act\u00faa de acuerdo con el c\u00f3digo de \u00e9tica profesional.<\/li>\n<\/ul>\n<h4><strong>4.b. Impacto de la Ingenier\u00eda<\/strong><\/h4>\n<p>Definici\u00f3n: Comprende y eval\u00faa el impacto que las soluciones de ingenier\u00eda electr\u00f3nica tienen sobre las personas y la sociedad en contextos local, global, econ\u00f3mico y ambiental.<\/p>\n<p>Capacidades Medibles:<\/p>\n<ul>\n<li>Reconoce el papel de la ingenier\u00eda electr\u00f3nica en el progreso de la sociedad y el bienestar de las personas.<\/li>\n<li>Identifica y valora los beneficios econ\u00f3micos y sociales de las obras de ingenier\u00eda.<\/li>\n<li>Reconoce la importancia de la ingenier\u00eda para la creaci\u00f3n e innovaci\u00f3n de productos y procesos.<\/li>\n<li>Comprende el papel de la ingenier\u00eda en la prevenci\u00f3n de riesgos y mitigaci\u00f3n de desastres.<\/li>\n<\/ul>\n<h4><strong>5.a. Trabajo en Equipo<\/strong><\/h4>\n<p>Definici\u00f3n: Se integra y participa efectivamente en equipos de trabajo, aportando con liderazgo para crear un ambiente colaborativo e inclusivo.<\/p>\n<p>Capacidades Medibles:<\/p>\n<ul>\n<li>Promover la creaci\u00f3n de grupos de trabajo altamente comprometidos, amigables, colaborativos e incluyentes.<\/li>\n<li>Puede desempe\u00f1arse como l\u00edder o miembro activo de un equipo de trabajo participando de manera efectiva para lograr las metas.<\/li>\n<li>Propone y acepta ideas consecuentes al logro de objetivos y resultados.<\/li>\n<li>Valora las diferencias de opini\u00f3n, es tolerante y respeta los acuerdos.<\/li>\n<\/ul>\n<h4><strong>5.b. Impacto de la Ingenier\u00eda<\/strong><\/h4>\n<p>Definici\u00f3n: Dentro del contexto del trabajo en equipo, planifica y gestiona proyectos de ingenier\u00eda electr\u00f3nica definiendo objetivos, utilizando efectivamente los recursos y logrando metas.<\/p>\n<p>Capacidades Medibles:<\/p>\n<ul>\n<li>Formula los objetivos y restricciones de un proyecto de ingenier\u00eda y proponer estrategias para su implementaci\u00f3n.<\/li>\n<li>Determina el alcance de un proyecto, sus actividades y prioridades, y propone cronogramas de ejecuci\u00f3n y control.<\/li>\n<li>Identifica los recursos necesarios y sus costes, y estima el presupuesto de los proyectos de ingenier\u00eda electr\u00f3nica.<\/li>\n<li>Determina la factibilidad t\u00e9cnica y econ\u00f3mica de un proyecto de ingenier\u00eda, as\u00ed como su viabilidad social y ambiental.<\/li>\n<\/ul>\n<h4><strong>6. Experimentaci\u00f3n y Pruebas<\/strong><\/h4>\n<p>Definici\u00f3n: Desarrolla y conduce experimentos de manera apropiada, analiza datos, interpreta resultados, y aplica criterios de ingenier\u00eda para formular conclusiones.<\/p>\n<p>Capacidades Medibles:<\/p>\n<ul>\n<li>Determina los objetivos y restricciones del experimento o prueba a realizar.<\/li>\n<li>Determina los equipos, herramientas y materiales requeridos de acuerdo al experimento a realizar.<\/li>\n<li>Discrimina las variables relevantes de un experimento, relacion\u00e1ndolas, midi\u00e9ndolas, cuantific\u00e1ndolas y determinando sus tolerancias.<\/li>\n<li>Analiza, procesa datos y resultados utilizando conceptos y criterios adecuados.<\/li>\n<li>Utiliza el m\u00e9todo cient\u00edfico para el desarrollo de experimentos, dise\u00f1o y proyectos de investigaci\u00f3n.<\/li>\n<\/ul>\n<h4><strong>7. Aprendizaje Aut\u00f3nomo<\/strong><\/h4>\n<p>Definici\u00f3n: Adquiriere y aplica nuevo conocimiento para permanecer vigente y actualizado, usando estrategias de aprendizaje apropiadas.<\/p>\n<p>Capacidades Medibles:<\/p>\n<ul>\n<li>Identifica las \u00e1reas relevantes para el desarrollo de su carrera profesional.<\/li>\n<li>Se Mantiene actualizado sobre las nuevas tendencias y tecnolog\u00edas de la ingenier\u00eda electr\u00f3nica, as\u00ed como sus diversas aplicaciones.<\/li>\n<li>Ser aut\u00f3nomo en su proceso de aprendizaje, aplicando estrategias de aprendizaje adecuadas.<\/li>\n<li>Identifica y aplica tecnolog\u00edas de la informaci\u00f3n y la comunicaci\u00f3n que faciliten el proceso de aprendizaje.<\/li>\n<li>Reconoce la importancia de formar parte de grupos de investigaci\u00f3n y participar en ramas estudiantiles de sociedades profesionales.<\/li>\n<li>Asiste y participa en eventos de desarrollo profesional y personal.<\/li>\n<\/ul>\n<h4><strong>8. Seguridad Ambiental<\/strong><\/h4>\n<p>Definici\u00f3n: Tiene en cuenta la importancia de conservar y mejorar el medio ambiente en el desarrollo de sus actividades personales y profesionales.<\/p>\n<p>Capacidades Medibles:<\/p>\n<ul>\n<li>Promueve el uso de materiales, tecnolog\u00edas y procesos ambientalmente adecuados.<\/li>\n<li>Hace un uso racional de los recursos naturales entendiendo su importancia en la vida de las personas y la sociedad.<\/li>\n<li>Promueve el desarrollo sostenible en sus actividades profesionales y aplicar normas de gesti\u00f3n ambiental.<\/li>\n<li>Participa en actividades y campa\u00f1as para la conservaci\u00f3n y mejora del medio ambiente y los ecosistemas.<\/li>\n<\/ul>\n","protected":false},"excerpt":{"rendered":"<p>Los Resultados del Estudiante de la Escuela de Ingenier\u00eda Electr\u00f3nica son: 1. Soluci\u00f3n de Problemas de Ingenier\u00eda Definici\u00f3n: Identifica, formula y resuelve problemas complejos de ingenier\u00eda electr\u00f3nica, aplicando principios de ingenier\u00eda, ciencias y matem\u00e1ticas, usando t\u00e9cnicas, m\u00e9todos, herramientas y normas apropiadas. Capacidades Medibles: Identifica, diagnostica problemas y los prioriza seg\u00fan su impacto y relevancia. Propone [&hellip;]<\/p>\n","protected":false},"author":11,"featured_media":0,"parent":0,"menu_order":0,"comment_status":"closed","ping_status":"closed","template":"","meta":{"footnotes":""},"class_list":["post-1634","page","type-page","status-publish","hentry"],"_links":{"self":[{"href":"https:\/\/fips.unsa.edu.pe\/ingenieriaelectronica\/wp-json\/wp\/v2\/pages\/1634","targetHints":{"allow":["GET"]}}],"collection":[{"href":"https:\/\/fips.unsa.edu.pe\/ingenieriaelectronica\/wp-json\/wp\/v2\/pages"}],"about":[{"href":"https:\/\/fips.unsa.edu.pe\/ingenieriaelectronica\/wp-json\/wp\/v2\/types\/page"}],"author":[{"embeddable":true,"href":"https:\/\/fips.unsa.edu.pe\/ingenieriaelectronica\/wp-json\/wp\/v2\/users\/11"}],"replies":[{"embeddable":true,"href":"https:\/\/fips.unsa.edu.pe\/ingenieriaelectronica\/wp-json\/wp\/v2\/comments?post=1634"}],"version-history":[{"count":7,"href":"https:\/\/fips.unsa.edu.pe\/ingenieriaelectronica\/wp-json\/wp\/v2\/pages\/1634\/revisions"}],"predecessor-version":[{"id":1650,"href":"https:\/\/fips.unsa.edu.pe\/ingenieriaelectronica\/wp-json\/wp\/v2\/pages\/1634\/revisions\/1650"}],"wp:attachment":[{"href":"https:\/\/fips.unsa.edu.pe\/ingenieriaelectronica\/wp-json\/wp\/v2\/media?parent=1634"}],"curies":[{"name":"wp","href":"https:\/\/api.w.org\/{rel}","templated":true}]}}