{"id":1441,"date":"2020-07-16T17:06:09","date_gmt":"2020-07-16T17:06:09","guid":{"rendered":"https:\/\/fips.unsa.edu.pe\/ingenieriaelectronica\/?page_id=1441"},"modified":"2025-11-03T11:55:44","modified_gmt":"2025-11-03T16:55:44","slug":"director-de-escuela-2","status":"publish","type":"page","link":"https:\/\/fips.unsa.edu.pe\/ingenieriaelectronica\/director-de-escuela-2\/","title":{"rendered":"Director de Escuela"},"content":{"rendered":"<div style=\"align-items: center;background: linear-gradient(90deg, #e6e6fa 0%, #fafdff 100%);border-radius: 20px;padding: 32px;margin-bottom: 36px\">\n<div style=\"flex: 0 0 140px;margin-right: 32px\"><img decoding=\"async\" style=\"width: 140px;height: 140px;object-fit: cover;border-radius: 50%;border: 4px solid #163b6c\" src=\"https:\/\/fips.unsa.edu.pe\/ingenieriaelectronica\/wp-content\/uploads\/sites\/4\/2025\/11\/Dr.-German-Echaiz.png\" alt=\"Dr. Germ\u00e1n Echaiz Espinoza\" \/><\/div>\n<div style=\"flex: 1\">\n<h2 style=\"margin: 0 0 10px 0;font-size: 2em;color: #163b6c\"><strong>DR. GERMAN ALBERTO ECHAIZ ESPINOZA<\/strong><\/h2>\n<h2 style=\"margin: 0 0 14px 0;color: #0973b9;font-size: 1.2em;font-weight: 600\"><span style=\"color: #083d61\"><em>Director de la Escuela Profesional de Ingenier\u00eda Electr\u00f3nica<\/em><\/span><\/h2>\n<p>Maestro en Ciencias Ingenier\u00eda Electr\u00f3nica (Automatizaci\u00f3n e Instrumentaci\u00f3n, UNSA).<br \/>\nDoctor en Ciencias, menci\u00f3n Ingenier\u00eda en Energ\u00e9tica (UNSA).<br \/>\nDocente principal a dedicaci\u00f3n exclusiva adscrito al Departamento Acad\u00e9mico de Ingenier\u00eda Electr\u00f3nica.<br \/>\nInvestigador RENACYT P0062484.<\/p>\n<p style=\"color: #115ba2;font-weight: 500;margin: 0 0 10px 0\"><span style=\"background: #e1ecfb;border-radius: 6px;padding: 4px 10px;margin-right: 10px\">ICACIT<\/span><br \/>\n<span style=\"background: #d0f6e5;border-radius: 6px;padding: 4px 10px;margin-right: 10px\">ABET<\/span><\/p>\n<p style=\"font-size: 0.97em;color: #444444;margin: 0px 0px 14px;text-align: left\">Tiene amplia experiencia en docencia, investigaci\u00f3n, y gesti\u00f3n universitaria. Bajo su direcci\u00f3n, la Escuela sostiene las acreditaciones ICACIT y ABET, reafirmando su compromiso con la excelencia acad\u00e9mica y mejora continua.<\/p>\n<h5 style=\"width: 100%;max-width: 350px;margin-left: 0;margin-bottom: 0\"><a style=\"background: linear-gradient(90deg,#163b6c 0%,#1976d2 100%);color: #fff !important;border-radius: 12px;font-weight: 600;font-size: 1.09em;padding: 10px 0;text-decoration: none !important;text-align: center;width: 100%;margin-bottom: 7px;letter-spacing: 0.01em;cursor: pointer\" href=\"https:\/\/mail.google.com\/mail\/?view=cm&amp;fs=1&amp;to=epie@unsa.edu.pe\" target=\"_blank\" rel=\"noopener\"><br \/>\nContactar por Gmail<br \/>\n<\/a><br \/>\n<a style=\"background: linear-gradient(90deg,#00b38f 0%,#163b6c 100%);color: #fff !important;border-radius: 12px;font-weight: 600;font-size: 1.09em;padding: 10px 0;text-decoration: none !important;text-align: center;width: 100%;letter-spacing: 0.01em;cursor: pointer\" href=\"https:\/\/dina.concytec.gob.pe\/appDirectorioCTI\/VerDatosInvestigador.do?id_investigador=62484\" target=\"_blank\" rel=\"noopener\"><br \/>\nRENACYT<\/a><\/h5>\n<\/div>\n<\/div>\n","protected":false},"excerpt":{"rendered":"<p>DR. GERMAN ALBERTO ECHAIZ ESPINOZA Director de la Escuela Profesional de Ingenier\u00eda Electr\u00f3nica Maestro en Ciencias Ingenier\u00eda Electr\u00f3nica (Automatizaci\u00f3n e Instrumentaci\u00f3n, UNSA). Doctor en Ciencias, menci\u00f3n Ingenier\u00eda en Energ\u00e9tica (UNSA). Docente principal a dedicaci\u00f3n exclusiva adscrito al Departamento Acad\u00e9mico de Ingenier\u00eda Electr\u00f3nica. Investigador RENACYT P0062484. ICACIT ABET Tiene amplia experiencia en docencia, investigaci\u00f3n, y gesti\u00f3n [&hellip;]<\/p>\n","protected":false},"author":1,"featured_media":0,"parent":0,"menu_order":0,"comment_status":"closed","ping_status":"closed","template":"","meta":{"footnotes":""},"class_list":["post-1441","page","type-page","status-publish","hentry"],"_links":{"self":[{"href":"https:\/\/fips.unsa.edu.pe\/ingenieriaelectronica\/wp-json\/wp\/v2\/pages\/1441","targetHints":{"allow":["GET"]}}],"collection":[{"href":"https:\/\/fips.unsa.edu.pe\/ingenieriaelectronica\/wp-json\/wp\/v2\/pages"}],"about":[{"href":"https:\/\/fips.unsa.edu.pe\/ingenieriaelectronica\/wp-json\/wp\/v2\/types\/page"}],"author":[{"embeddable":true,"href":"https:\/\/fips.unsa.edu.pe\/ingenieriaelectronica\/wp-json\/wp\/v2\/users\/1"}],"replies":[{"embeddable":true,"href":"https:\/\/fips.unsa.edu.pe\/ingenieriaelectronica\/wp-json\/wp\/v2\/comments?post=1441"}],"version-history":[{"count":31,"href":"https:\/\/fips.unsa.edu.pe\/ingenieriaelectronica\/wp-json\/wp\/v2\/pages\/1441\/revisions"}],"predecessor-version":[{"id":1791,"href":"https:\/\/fips.unsa.edu.pe\/ingenieriaelectronica\/wp-json\/wp\/v2\/pages\/1441\/revisions\/1791"}],"wp:attachment":[{"href":"https:\/\/fips.unsa.edu.pe\/ingenieriaelectronica\/wp-json\/wp\/v2\/media?parent=1441"}],"curies":[{"name":"wp","href":"https:\/\/api.w.org\/{rel}","templated":true}]}}