{"id":1425,"date":"2020-02-04T13:56:36","date_gmt":"2020-02-04T13:56:36","guid":{"rendered":"https:\/\/fips.unsa.edu.pe\/ingenieriaelectronica\/?page_id=1425"},"modified":"2025-11-03T22:00:35","modified_gmt":"2025-11-04T03:00:35","slug":"laboratorios","status":"publish","type":"page","link":"https:\/\/fips.unsa.edu.pe\/ingenieriaelectronica\/laboratorios\/","title":{"rendered":"Laboratorios"},"content":{"rendered":"<div style=\"max-width: 900px;margin: auto;padding: 32px 0;background: linear-gradient(110deg,#e3f0ff 0%,#fbfce8 100%);font-family: 'Segoe UI',Arial,sans-serif\">\n<h2 style=\"color: #1976d2;font-size: 2em;font-weight: 800;font-family: 'Montserrat',Arial,sans-serif;margin-bottom: 22px;letter-spacing: 1px;text-align: center\">Listado de laboratorios<\/h2>\n<div style=\"gap: 32px;flex-wrap: wrap;justify-content: center\"><!-- Card 2019 --><\/p>\n<div style=\"border-radius: 22px;box-shadow: 0 2px 18px #3384c521;padding: 26px 24px;min-width: 250px;flex: 1\">\n<div style=\"color: #2f65d9;font-weight: bold;font-size: 1.2em;margin-bottom: 8px\">2019<\/div>\n<ul style=\"color: #203359;font-size: 1em;line-height: 1.7;margin-bottom: 0\">\n<li>Laboratorio de Electrotecnia<\/li>\n<li>Laboratorio de Control<\/li>\n<li>Laboratorio de PLC<\/li>\n<li>Laboratorio de Telecomunicaciones<\/li>\n<li>Laboratorio de Inform\u00e1tica (2)<\/li>\n<li>Laboratorio de Investigaci\u00f3n Formativa en Electr\u00f3nica<\/li>\n<li>Laboratorio de Sistemas Digitales Y Embebidos<\/li>\n<\/ul>\n<\/div>\n<p><!-- Card 2018 --><\/p>\n<div style=\"border-radius: 22px;box-shadow: 0 2px 18px #fa9f1c17;padding: 26px 24px;min-width: 250px;flex: 1\">\n<div style=\"color: #e37c1c;font-weight: bold;font-size: 1.2em;margin-bottom: 8px\">2018<\/div>\n<ul style=\"color: #203359;font-size: 1em;line-height: 1.7;margin-bottom: 0\">\n<li>Laboratorio de Electrotecnia<\/li>\n<li>Laboratorio de Control<\/li>\n<li>Laboratorio de PLC<\/li>\n<li>Laboratorio de Telecomunicaciones<\/li>\n<li>Laboratorio de Inform\u00e1tica (2)<\/li>\n<\/ul>\n<\/div>\n<p><!-- Card 2017 --><\/p>\n<div style=\"border-radius: 22px;box-shadow: 0 2px 18px #36dee214;padding: 26px 24px;min-width: 250px;flex: 1\">\n<div style=\"color: #32a98f;font-weight: bold;font-size: 1.2em;margin-bottom: 8px\">2017<\/div>\n<ul style=\"color: #203359;font-size: 1em;line-height: 1.7;margin-bottom: 0\">\n<li>Laboratorio de Electrotecnia<\/li>\n<li>Laboratorio de Control<\/li>\n<li>Laboratorio de PLC<\/li>\n<li>Laboratorio de Telecomunicaciones<\/li>\n<li>Laboratorio de Inform\u00e1tica (2)<\/li>\n<\/ul>\n<\/div>\n<p><!-- Card 2016 --><\/p>\n<div style=\"border-radius: 22px;box-shadow: 0 2px 18px #1976d20c;padding: 26px 24px;min-width: 250px;flex: 1\">\n<div style=\"color: #7f8e97;font-weight: bold;font-size: 1.2em;margin-bottom: 8px\">2016<\/div>\n<ul style=\"color: #203359;font-size: 1em;line-height: 1.7;margin-bottom: 0\">\n<li>Laboratorio de Electrotecnia<\/li>\n<li>Laboratorio de Control<\/li>\n<li>Laboratorio de PLC<\/li>\n<li>Laboratorio de Telecomunicaciones<\/li>\n<li>Laboratorio de Inform\u00e1tica (2)<\/li>\n<\/ul>\n<\/div>\n<\/div>\n<\/div>\n","protected":false},"excerpt":{"rendered":"<p>Listado de laboratorios 2019 Laboratorio de Electrotecnia Laboratorio de Control Laboratorio de PLC Laboratorio de Telecomunicaciones Laboratorio de Inform\u00e1tica (2) Laboratorio de Investigaci\u00f3n Formativa en Electr\u00f3nica Laboratorio de Sistemas Digitales Y Embebidos 2018 Laboratorio de Electrotecnia Laboratorio de Control Laboratorio de PLC Laboratorio de Telecomunicaciones Laboratorio de Inform\u00e1tica (2) 2017 Laboratorio de Electrotecnia Laboratorio de [&hellip;]<\/p>\n","protected":false},"author":1,"featured_media":0,"parent":0,"menu_order":0,"comment_status":"closed","ping_status":"closed","template":"","meta":{"footnotes":""},"class_list":["post-1425","page","type-page","status-publish","hentry"],"_links":{"self":[{"href":"https:\/\/fips.unsa.edu.pe\/ingenieriaelectronica\/wp-json\/wp\/v2\/pages\/1425","targetHints":{"allow":["GET"]}}],"collection":[{"href":"https:\/\/fips.unsa.edu.pe\/ingenieriaelectronica\/wp-json\/wp\/v2\/pages"}],"about":[{"href":"https:\/\/fips.unsa.edu.pe\/ingenieriaelectronica\/wp-json\/wp\/v2\/types\/page"}],"author":[{"embeddable":true,"href":"https:\/\/fips.unsa.edu.pe\/ingenieriaelectronica\/wp-json\/wp\/v2\/users\/1"}],"replies":[{"embeddable":true,"href":"https:\/\/fips.unsa.edu.pe\/ingenieriaelectronica\/wp-json\/wp\/v2\/comments?post=1425"}],"version-history":[{"count":3,"href":"https:\/\/fips.unsa.edu.pe\/ingenieriaelectronica\/wp-json\/wp\/v2\/pages\/1425\/revisions"}],"predecessor-version":[{"id":1818,"href":"https:\/\/fips.unsa.edu.pe\/ingenieriaelectronica\/wp-json\/wp\/v2\/pages\/1425\/revisions\/1818"}],"wp:attachment":[{"href":"https:\/\/fips.unsa.edu.pe\/ingenieriaelectronica\/wp-json\/wp\/v2\/media?parent=1425"}],"curies":[{"name":"wp","href":"https:\/\/api.w.org\/{rel}","templated":true}]}}