{"id":1191,"date":"2017-09-11T21:10:58","date_gmt":"2017-09-11T21:10:58","guid":{"rendered":"http:\/\/www2.unsa.edu.pe\/escuelas\/ingelectronica\/?page_id=1191"},"modified":"2026-02-04T20:48:38","modified_gmt":"2026-02-05T01:48:38","slug":"grados-y-titulos","status":"publish","type":"page","link":"https:\/\/fips.unsa.edu.pe\/ingenieriaelectronica\/grados-y-titulos\/","title":{"rendered":"Grados y T\u00edtulos"},"content":{"rendered":"<p><!-- SECCI\u00d3N PRINCIPAL --><\/p>\n<div style=\"background: linear-gradient(120deg,#e6e6fa 0%, #fafdff 95%);border-radius: 24px;padding: 40px 28px;max-width: 960px;margin: auto\">\n<h2 style=\"text-align: center;color: #163b6c;font-size: 2em;margin-bottom: 20px\">Grados y T\u00edtulos<\/h2>\n<p style=\"text-align: center;color: #37474f;font-size: 1.1em;margin-bottom: 36px\">El Programa de Estudios de Ingenier\u00eda Electr\u00f3nica de la Universidad Nacional de San Agust\u00edn de Arequipa otorga los siguientes grados acad\u00e9micos y t\u00edtulos profesionales conforme a las normas vigentes:<\/p>\n<table style=\"width: 100%;border-spacing: 20px;border-collapse: separate\">\n<tbody>\n<tr>\n<td style=\"background: #fff;border-left: 6px solid #1976d2;border-radius: 18px;padding: 26px;vertical-align: top\">\n<div style=\"text-align: center\"><span style=\"font-size: 3em;color: #1976d2\">?<\/span><\/div>\n<h3 style=\"text-align: center;color: #163b6c;margin: 10px 0\">Grado Acad\u00e9mico<\/h3>\n<p style=\"text-align: center;font-size: 1em;color: #37474f\"><strong>Bachiller en Ingenier\u00eda Electr\u00f3nica<\/strong><br \/>\nOtorgado al culminar el Plan de Estudios y cumplir los requisitos acad\u00e9micos establecidos por la UNSA.<\/p>\n<p><em>Requisitos principales:<\/em><br \/>\n\u2013 Aprobaci\u00f3n de todas las asignaturas del plan curricular.<br \/>\n\u2013 Sustentaci\u00f3n de informe de pr\u00e1cticas o trabajo de investigaci\u00f3n.<\/td>\n<td style=\"background: #fff;border-left: 6px solid #26ae60;border-radius: 18px;padding: 26px;vertical-align: top\">\n<div style=\"text-align: center\"><span style=\"font-size: 3em;color: #26ae60\">?<\/span><\/div>\n<h3 style=\"text-align: center;color: #163b6c;margin: 10px 0\">T\u00edtulo Profesional<\/h3>\n<p style=\"text-align: center;font-size: 1em;color: #37474f\"><strong>Ingeniero Electr\u00f3nico<\/strong><br \/>\nOtorgado tras obtener el Grado de Bachiller y aprobar los requisitos de titulaci\u00f3n profesional seg\u00fan el Reglamento de la UNSA.<\/p>\n<p><em>Modalidades disponibles:<\/em><br \/>\n\u2013 Tesis profesional.<br \/>\n\u2013 Trabajo de Suficiencia Profesional.<br \/>\n\u2013 Suficiencia Profesional.<br \/>\n\u2013 Tesis Formato Art\u00edculo publicado en revista indexada.<\/td>\n<\/tr>\n<\/tbody>\n<\/table>\n<div style=\"text-align: center;margin-top: 30px;color: #444\">Para verificar procedimientos y plazos, visite:<br \/>\n<a style=\"color: #1976d2;font-weight: 600;text-decoration: none\" href=\"https:\/\/fips.unsa.edu.pe\/sistema-de-gestion-de-graduacion-y-titulacion\/\" target=\"_blank\" rel=\"noopener\"><br \/>\nOficina de Grados y T\u00edtulos &#8211; UNSA<br \/>\n<\/a>Para m\u00e1s informaci\u00f3n sobre tr\u00e1mites documentarios y procesos de graduaci\u00f3n y titulaci\u00f3n, visite:<br \/>\n<a style=\"color: #1976d2;font-weight: 600;text-decoration: none\" href=\"https:\/\/fips.unsa.edu.pe\/ingenieriaelectronica\/grados-y-titulos\/tramites-documentarios\/\" target=\"_blank\" rel=\"noopener\"><br \/>\nTr\u00e1mites Documentarios &#8211; UNSA<br \/>\n<\/a><\/div>\n<\/div>\n","protected":false},"excerpt":{"rendered":"<p>Grados y T\u00edtulos El Programa de Estudios de Ingenier\u00eda Electr\u00f3nica de la Universidad Nacional de San Agust\u00edn de Arequipa otorga los siguientes grados acad\u00e9micos y t\u00edtulos profesionales conforme a las normas vigentes: ? Grado Acad\u00e9mico Bachiller en Ingenier\u00eda Electr\u00f3nica Otorgado al culminar el Plan de Estudios y cumplir los requisitos acad\u00e9micos establecidos por la UNSA. [&hellip;]<\/p>\n","protected":false},"author":1,"featured_media":1300,"parent":0,"menu_order":0,"comment_status":"closed","ping_status":"closed","template":"","meta":{"footnotes":""},"class_list":["post-1191","page","type-page","status-publish","has-post-thumbnail","hentry"],"_links":{"self":[{"href":"https:\/\/fips.unsa.edu.pe\/ingenieriaelectronica\/wp-json\/wp\/v2\/pages\/1191","targetHints":{"allow":["GET"]}}],"collection":[{"href":"https:\/\/fips.unsa.edu.pe\/ingenieriaelectronica\/wp-json\/wp\/v2\/pages"}],"about":[{"href":"https:\/\/fips.unsa.edu.pe\/ingenieriaelectronica\/wp-json\/wp\/v2\/types\/page"}],"author":[{"embeddable":true,"href":"https:\/\/fips.unsa.edu.pe\/ingenieriaelectronica\/wp-json\/wp\/v2\/users\/1"}],"replies":[{"embeddable":true,"href":"https:\/\/fips.unsa.edu.pe\/ingenieriaelectronica\/wp-json\/wp\/v2\/comments?post=1191"}],"version-history":[{"count":10,"href":"https:\/\/fips.unsa.edu.pe\/ingenieriaelectronica\/wp-json\/wp\/v2\/pages\/1191\/revisions"}],"predecessor-version":[{"id":1825,"href":"https:\/\/fips.unsa.edu.pe\/ingenieriaelectronica\/wp-json\/wp\/v2\/pages\/1191\/revisions\/1825"}],"wp:featuredmedia":[{"embeddable":true,"href":"https:\/\/fips.unsa.edu.pe\/ingenieriaelectronica\/wp-json\/wp\/v2\/media\/1300"}],"wp:attachment":[{"href":"https:\/\/fips.unsa.edu.pe\/ingenieriaelectronica\/wp-json\/wp\/v2\/media?parent=1191"}],"curies":[{"name":"wp","href":"https:\/\/api.w.org\/{rel}","templated":true}]}}