{"id":1165,"date":"2017-08-07T17:41:22","date_gmt":"2017-08-07T17:41:22","guid":{"rendered":"http:\/\/www2.unsa.edu.pe\/escuelas\/ingelectronica\/?page_id=1158"},"modified":"2025-10-18T23:42:17","modified_gmt":"2025-10-19T04:42:17","slug":"campo-ocupacional","status":"publish","type":"page","link":"https:\/\/fips.unsa.edu.pe\/ingenieriaelectronica\/campo-ocupacional\/","title":{"rendered":"Campo Ocupacional"},"content":{"rendered":"<div style=\"background: linear-gradient(115deg,#e6e6fa 0%, #fafdff 95%);border-radius: 26px;padding: 30px 18px 42px 18px;max-width: 960px;margin: auto\">\n<h2 style=\"text-align: center;color: #163b6c;font-size: 2em;margin-bottom: 12px\">Campo Ocupacional<\/h2>\n<p style=\"text-align: center;font-size: 1.1em;color: #37474f;margin-bottom: 26px\">Los egresados de Ingenier\u00eda Electr\u00f3nica UNSA destacan en diversos sectores, siendo capaces de desarrollar y liderar proyectos de alto impacto tecnol\u00f3gico en \u00e1reas estrat\u00e9gicas:<\/p>\n<table style=\"width: 100%;border-spacing: 18px;border-collapse: separate\">\n<tbody>\n<tr>\n<td style=\"background: #fff;border-radius: 18px;padding: 22px;vertical-align: top\">\n<div style=\"text-align: center\"><span style=\"font-size: 2.45em;color: #1976d2\">?<\/span><\/div>\n<div style=\"text-align: center;color: #163b6c;font-weight: 600;margin-top: 7px\">Telecomunicaciones<\/div>\n<div style=\"font-size: 0.98em;color: #37474f;margin-top: 3px;text-align: center\">Dise\u00f1ar e integrar sistemas de telecomunicaciones optimizando recursos con adecuado criterio t\u00e9cnico-econ\u00f3mico.<\/div>\n<\/td>\n<td style=\"background: #fff;border-radius: 18px;padding: 22px;vertical-align: top\">\n<div style=\"text-align: center\"><span style=\"font-size: 2.45em;color: #26ae60\">?<\/span><\/div>\n<div style=\"text-align: center;color: #163b6c;font-weight: 600;margin-top: 7px\">Automatizaci\u00f3n y rob\u00f3tica<\/div>\n<div style=\"font-size: 0.98em;color: #37474f;margin-top: 3px;text-align: center\">Dise\u00f1ar y poner en marcha sistemas de automatizaci\u00f3n industrial y rob\u00f3tica.<\/div>\n<\/td>\n<td style=\"background: #fff;border-radius: 18px;padding: 22px;vertical-align: top\">\n<div style=\"text-align: center\"><span style=\"font-size: 2.45em;color: #00b38f\">?<\/span><\/div>\n<div style=\"text-align: center;color: #163b6c;font-weight: 600;margin-top: 7px\">Sistemas digitales<\/div>\n<div style=\"font-size: 0.98em;color: #37474f;margin-top: 3px;text-align: center\">Dise\u00f1ar y programar sistemas digitales basados en microprocesadores y otras arquitecturas.<\/div>\n<\/td>\n<td style=\"background: #fff;border-radius: 18px;padding: 22px;vertical-align: top\">\n<div style=\"text-align: center\"><span style=\"font-size: 2.45em;color: #ffb400\">?<\/span><\/div>\n<div style=\"text-align: center;color: #163b6c;font-weight: 600;margin-top: 7px\">Control de procesos<\/div>\n<div style=\"font-size: 0.98em;color: #37474f;margin-top: 3px;text-align: center\">Dise\u00f1ar, configurar y programar equipos de control para la automatizaci\u00f3n de procesos.<\/div>\n<\/td>\n<\/tr>\n<tr>\n<td style=\"background: #fff;border-radius: 18px;padding: 22px;vertical-align: top\">\n<div style=\"text-align: center\"><span style=\"font-size: 2.45em;color: #d94565\">?<\/span><\/div>\n<div style=\"text-align: center;color: #163b6c;font-weight: 600;margin-top: 7px\">Evaluaci\u00f3n de proyectos<\/div>\n<div style=\"font-size: 0.98em;color: #37474f;margin-top: 3px;text-align: center\">Evaluar la factibilidad t\u00e9cnica y econ\u00f3mica de proyectos de Ingenier\u00eda Electr\u00f3nica.<\/div>\n<\/td>\n<td style=\"background: #fff;border-radius: 18px;padding: 22px;vertical-align: top\">\n<div style=\"text-align: center\"><span style=\"font-size: 2.45em;color: #00b38f\">?<\/span><\/div>\n<div style=\"text-align: center;color: #163b6c;font-weight: 600;margin-top: 7px\">Innovaci\u00f3n tecnol\u00f3gica<\/div>\n<div style=\"font-size: 0.98em;color: #37474f;margin-top: 3px;text-align: center\">Desarrollar y mejorar sistemas electr\u00f3nicos usando tecnolog\u00edas modernas.<\/div>\n<\/td>\n<td style=\"background: #fff;border-radius: 18px;padding: 22px;vertical-align: top\">\n<div style=\"text-align: center\"><span style=\"font-size: 2.45em;color: #115ba2\">?<\/span><\/div>\n<div style=\"text-align: center;color: #163b6c;font-weight: 600;margin-top: 7px\">Gesti\u00f3n de proyectos<\/div>\n<div style=\"font-size: 0.98em;color: #37474f;margin-top: 3px;text-align: center\">Planificar, administrar y dirigir proyectos tecnol\u00f3gicos.<\/div>\n<\/td>\n<td style=\"background: #fff;border-radius: 18px;padding: 22px;vertical-align: top\">\n<div style=\"text-align: center\"><span style=\"font-size: 2.45em;color: #e17715\">?<\/span><\/div>\n<div style=\"text-align: center;color: #163b6c;font-weight: 600;margin-top: 7px\">Electr\u00f3nica biom\u00e9dica<\/div>\n<div style=\"font-size: 0.98em;color: #37474f;margin-top: 3px;text-align: center\">Mantenimiento y dise\u00f1o de equipos biom\u00e9dicos.<\/div>\n<\/td>\n<\/tr>\n<\/tbody>\n<\/table>\n<\/div>\n","protected":false},"excerpt":{"rendered":"<p>Campo Ocupacional Los egresados de Ingenier\u00eda Electr\u00f3nica UNSA destacan en diversos sectores, siendo capaces de desarrollar y liderar proyectos de alto impacto tecnol\u00f3gico en \u00e1reas estrat\u00e9gicas: ? Telecomunicaciones Dise\u00f1ar e integrar sistemas de telecomunicaciones optimizando recursos con adecuado criterio t\u00e9cnico-econ\u00f3mico. ? Automatizaci\u00f3n y rob\u00f3tica Dise\u00f1ar y poner en marcha sistemas de automatizaci\u00f3n industrial y rob\u00f3tica. [&hellip;]<\/p>\n","protected":false},"author":1,"featured_media":1296,"parent":0,"menu_order":0,"comment_status":"closed","ping_status":"closed","template":"","meta":{"footnotes":""},"class_list":["post-1165","page","type-page","status-publish","has-post-thumbnail","hentry"],"_links":{"self":[{"href":"https:\/\/fips.unsa.edu.pe\/ingenieriaelectronica\/wp-json\/wp\/v2\/pages\/1165","targetHints":{"allow":["GET"]}}],"collection":[{"href":"https:\/\/fips.unsa.edu.pe\/ingenieriaelectronica\/wp-json\/wp\/v2\/pages"}],"about":[{"href":"https:\/\/fips.unsa.edu.pe\/ingenieriaelectronica\/wp-json\/wp\/v2\/types\/page"}],"author":[{"embeddable":true,"href":"https:\/\/fips.unsa.edu.pe\/ingenieriaelectronica\/wp-json\/wp\/v2\/users\/1"}],"replies":[{"embeddable":true,"href":"https:\/\/fips.unsa.edu.pe\/ingenieriaelectronica\/wp-json\/wp\/v2\/comments?post=1165"}],"version-history":[{"count":3,"href":"https:\/\/fips.unsa.edu.pe\/ingenieriaelectronica\/wp-json\/wp\/v2\/pages\/1165\/revisions"}],"predecessor-version":[{"id":1762,"href":"https:\/\/fips.unsa.edu.pe\/ingenieriaelectronica\/wp-json\/wp\/v2\/pages\/1165\/revisions\/1762"}],"wp:featuredmedia":[{"embeddable":true,"href":"https:\/\/fips.unsa.edu.pe\/ingenieriaelectronica\/wp-json\/wp\/v2\/media\/1296"}],"wp:attachment":[{"href":"https:\/\/fips.unsa.edu.pe\/ingenieriaelectronica\/wp-json\/wp\/v2\/media?parent=1165"}],"curies":[{"name":"wp","href":"https:\/\/api.w.org\/{rel}","templated":true}]}}