{"id":1155,"date":"2017-08-07T17:40:16","date_gmt":"2017-08-07T17:40:16","guid":{"rendered":"http:\/\/www2.unsa.edu.pe\/escuelas\/ingelectronica\/?page_id=1154"},"modified":"2025-10-18T23:50:04","modified_gmt":"2025-10-19T04:50:04","slug":"competencias-generales","status":"publish","type":"page","link":"https:\/\/fips.unsa.edu.pe\/ingenieriaelectronica\/competencias-generales\/","title":{"rendered":"Competencias Generales"},"content":{"rendered":"<div style=\"background: linear-gradient(120deg,#e6e6fa 0%, #fafdff 95%);border-radius: 24px;padding: 32px 24px 38px 24px;max-width: 950px;margin: auto\">\n<h2 style=\"text-align: center;color: #163b6c;font-size: 2em;margin-bottom: 16px\">Competencias Generales<\/h2>\n<table style=\"width: 100%;border-spacing: 18px;border-collapse: separate\">\n<tbody>\n<tr>\n<td style=\"background: #fff;border-radius: 18px;padding: 22px;vertical-align: top\">\n<div style=\"text-align: center\"><span style=\"font-size: 2.25em;color: #1976d2\">?<\/span><\/div>\n<div style=\"text-align: center;color: #163b6c;font-weight: 600;margin-top: 8px\">An\u00e1lisis cr\u00edtico<\/div>\n<div style=\"font-size: 0.99em;color: #37474f;margin-top: 4px;text-align: center\">Analiza las estructuras y enfoques te\u00f3ricos, antes de aceptarlos como v\u00e1lidos y partiendo de las necesidades de su sociedad.<\/div>\n<\/td>\n<td style=\"background: #fff;border-radius: 18px;padding: 22px;vertical-align: top\">\n<div style=\"text-align: center\"><span style=\"font-size: 2.25em;color: #00b38f\">?<\/span><\/div>\n<div style=\"text-align: center;color: #163b6c;font-weight: 600;margin-top: 8px\">Innovaci\u00f3n y creatividad<\/div>\n<div style=\"font-size: 0.99em;color: #37474f;margin-top: 4px;text-align: center\">Aborda problemas con actitud innovadora y creativa, proponiendo soluciones originales acorde a la realidad profesional.<\/div>\n<\/td>\n<td style=\"background: #fff;border-radius: 18px;padding: 22px;vertical-align: top\">\n<div style=\"text-align: center\"><span style=\"font-size: 2.25em;color: #ffb400\">?\u200d?<\/span><\/div>\n<div style=\"text-align: center;color: #163b6c;font-weight: 600;margin-top: 8px\">Aprendizaje aut\u00f3nomo<\/div>\n<div style=\"font-size: 0.99em;color: #37474f;margin-top: 4px;text-align: center\">Desarrolla el h\u00e1bito del autoaprendizaje, autoestudio y aprendizaje grupal, con efectividad y precisi\u00f3n.<\/div>\n<\/td>\n<\/tr>\n<tr>\n<td style=\"background: #fff;border-radius: 18px;padding: 22px;vertical-align: top\">\n<div style=\"text-align: center\"><span style=\"font-size: 2.25em;color: #d94565\">?<\/span><\/div>\n<div style=\"text-align: center;color: #163b6c;font-weight: 600;margin-top: 8px\">\u00c9tica y honestidad<\/div>\n<div style=\"font-size: 0.99em;color: #37474f;margin-top: 4px;text-align: center\">Act\u00faa con comportamiento \u00e9tico, honesto y justo, respetando a s\u00ed mismo y a los dem\u00e1s.<\/div>\n<\/td>\n<td style=\"background: #fff;border-radius: 18px;padding: 22px;vertical-align: top\">\n<div style=\"text-align: center\"><span style=\"font-size: 2.25em;color: #26ae60\">?<\/span><\/div>\n<div style=\"text-align: center;color: #163b6c;font-weight: 600;margin-top: 8px\">Comunicaci\u00f3n y derechos<\/div>\n<div style=\"font-size: 0.99em;color: #37474f;margin-top: 4px;text-align: center\">Conoce, ejerce y defiende sus derechos, asume sus deberes, respeta la diversidad y se comunica efectivamente.<\/div>\n<\/td>\n<td style=\"background: #fff;border-radius: 18px;padding: 22px;vertical-align: top\">\n<div style=\"text-align: center\"><span style=\"font-size: 2.25em;color: #1976d2\">?<\/span><\/div>\n<div style=\"text-align: center;color: #163b6c;font-weight: 600;margin-top: 8px\">Compromiso social<\/div>\n<div style=\"font-size: 0.99em;color: #37474f;margin-top: 4px;text-align: center\">Se identifica con la instituci\u00f3n, valora la diversidad cultural y se compromete con la sociedad y el ambiente.<\/div>\n<\/td>\n<\/tr>\n<\/tbody>\n<\/table>\n<\/div>\n","protected":false},"excerpt":{"rendered":"<p>Competencias Generales ? An\u00e1lisis cr\u00edtico Analiza las estructuras y enfoques te\u00f3ricos, antes de aceptarlos como v\u00e1lidos y partiendo de las necesidades de su sociedad. ? Innovaci\u00f3n y creatividad Aborda problemas con actitud innovadora y creativa, proponiendo soluciones originales acorde a la realidad profesional. ?\u200d? Aprendizaje aut\u00f3nomo Desarrolla el h\u00e1bito del autoaprendizaje, autoestudio y aprendizaje grupal, [&hellip;]<\/p>\n","protected":false},"author":1,"featured_media":1292,"parent":0,"menu_order":0,"comment_status":"closed","ping_status":"closed","template":"page-imagen.php","meta":{"footnotes":""},"class_list":["post-1155","page","type-page","status-publish","has-post-thumbnail","hentry"],"_links":{"self":[{"href":"https:\/\/fips.unsa.edu.pe\/ingenieriaelectronica\/wp-json\/wp\/v2\/pages\/1155","targetHints":{"allow":["GET"]}}],"collection":[{"href":"https:\/\/fips.unsa.edu.pe\/ingenieriaelectronica\/wp-json\/wp\/v2\/pages"}],"about":[{"href":"https:\/\/fips.unsa.edu.pe\/ingenieriaelectronica\/wp-json\/wp\/v2\/types\/page"}],"author":[{"embeddable":true,"href":"https:\/\/fips.unsa.edu.pe\/ingenieriaelectronica\/wp-json\/wp\/v2\/users\/1"}],"replies":[{"embeddable":true,"href":"https:\/\/fips.unsa.edu.pe\/ingenieriaelectronica\/wp-json\/wp\/v2\/comments?post=1155"}],"version-history":[{"count":4,"href":"https:\/\/fips.unsa.edu.pe\/ingenieriaelectronica\/wp-json\/wp\/v2\/pages\/1155\/revisions"}],"predecessor-version":[{"id":1764,"href":"https:\/\/fips.unsa.edu.pe\/ingenieriaelectronica\/wp-json\/wp\/v2\/pages\/1155\/revisions\/1764"}],"wp:featuredmedia":[{"embeddable":true,"href":"https:\/\/fips.unsa.edu.pe\/ingenieriaelectronica\/wp-json\/wp\/v2\/media\/1292"}],"wp:attachment":[{"href":"https:\/\/fips.unsa.edu.pe\/ingenieriaelectronica\/wp-json\/wp\/v2\/media?parent=1155"}],"curies":[{"name":"wp","href":"https:\/\/api.w.org\/{rel}","templated":true}]}}