{"id":1150,"date":"2017-08-07T17:06:01","date_gmt":"2017-08-07T17:06:01","guid":{"rendered":"http:\/\/www2.unsa.edu.pe\/escuelas\/ingelectronica\/?page_id=1137"},"modified":"2022-10-26T21:26:28","modified_gmt":"2022-10-26T21:26:28","slug":"objetivos-educacionales","status":"publish","type":"page","link":"https:\/\/fips.unsa.edu.pe\/ingenieriaelectronica\/objetivos-educacionales\/","title":{"rendered":"Objetivos Educacionales"},"content":{"rendered":"<p>Tomando en cuenta las necesidades y las expectativas de los constituyentes y considerando los logros esperados en algunos a\u00f1os despu\u00e9s de la graduaci\u00f3n, los objetivos educacionales del programa han sido definidos de manera que los egresados de Ingenier\u00eda Electr\u00f3nica, demuestran:<\/p>\n<ul>\n<li><strong>Competencia T\u00e9cnica<\/strong><br \/>\nDemuestran competencia t\u00e9cnica reconocida por sus colegas en los diferentes niveles de la profesi\u00f3n, proponiendo y ejecutando soluciones de ingenier\u00eda efectivas, creativas e innovadoras.<\/li>\n<li><strong>Liderazgo y Excelencia<\/strong><br \/>\nSon reconocidos como l\u00edderes y agentes del cambio, comprometidos con la innovaci\u00f3n y la b\u00fasqueda continua de la excelencia, logrando metas organizacionales y avanzando exitosamente en sus carreras profesionales.<\/li>\n<li><strong>Profesionalismo<\/strong><br \/>\nSe conducen correctamente como ciudadanos responsables y profesionales \u00e9ticos contribuyendo al avance de la ingenier\u00eda, y al progreso y bienestar de la sociedad.<\/li>\n<li><strong>Capacitaci\u00f3n y Actualizaci\u00f3n Continua<\/strong><br \/>\nSe comprometen con el aprendizaje y desarrollo intelectual continuo a trav\u00e9s de estudios de postgrado, el desarrollo profesional y el autoestudio para enfrentar los nuevos desaf\u00edos de la profesi\u00f3n con competitividad y efectividad.<\/li>\n<\/ul>\n","protected":false},"excerpt":{"rendered":"<p>Tomando en cuenta las necesidades y las expectativas de los constituyentes y considerando los logros esperados en algunos a\u00f1os despu\u00e9s de la graduaci\u00f3n, los objetivos educacionales del programa han sido definidos de manera que los egresados de Ingenier\u00eda Electr\u00f3nica, demuestran: Competencia T\u00e9cnica Demuestran competencia t\u00e9cnica reconocida por sus colegas en los diferentes niveles de la [&hellip;]<\/p>\n","protected":false},"author":1,"featured_media":0,"parent":0,"menu_order":0,"comment_status":"closed","ping_status":"closed","template":"","meta":{"footnotes":""},"class_list":["post-1150","page","type-page","status-publish","hentry"],"_links":{"self":[{"href":"https:\/\/fips.unsa.edu.pe\/ingenieriaelectronica\/wp-json\/wp\/v2\/pages\/1150","targetHints":{"allow":["GET"]}}],"collection":[{"href":"https:\/\/fips.unsa.edu.pe\/ingenieriaelectronica\/wp-json\/wp\/v2\/pages"}],"about":[{"href":"https:\/\/fips.unsa.edu.pe\/ingenieriaelectronica\/wp-json\/wp\/v2\/types\/page"}],"author":[{"embeddable":true,"href":"https:\/\/fips.unsa.edu.pe\/ingenieriaelectronica\/wp-json\/wp\/v2\/users\/1"}],"replies":[{"embeddable":true,"href":"https:\/\/fips.unsa.edu.pe\/ingenieriaelectronica\/wp-json\/wp\/v2\/comments?post=1150"}],"version-history":[{"count":12,"href":"https:\/\/fips.unsa.edu.pe\/ingenieriaelectronica\/wp-json\/wp\/v2\/pages\/1150\/revisions"}],"predecessor-version":[{"id":1665,"href":"https:\/\/fips.unsa.edu.pe\/ingenieriaelectronica\/wp-json\/wp\/v2\/pages\/1150\/revisions\/1665"}],"wp:attachment":[{"href":"https:\/\/fips.unsa.edu.pe\/ingenieriaelectronica\/wp-json\/wp\/v2\/media?parent=1150"}],"curies":[{"name":"wp","href":"https:\/\/api.w.org\/{rel}","templated":true}]}}