{"id":1149,"date":"2017-08-07T17:02:16","date_gmt":"2017-08-07T17:02:16","guid":{"rendered":"http:\/\/www2.unsa.edu.pe\/escuelas\/ingelectronica\/?page_id=1135"},"modified":"2025-11-03T13:03:19","modified_gmt":"2025-11-03T18:03:19","slug":"vision-y-mision","status":"publish","type":"page","link":"https:\/\/fips.unsa.edu.pe\/ingenieriaelectronica\/vision-y-mision\/","title":{"rendered":"Visi\u00f3n y Misi\u00f3n"},"content":{"rendered":"<div style=\"max-width: 900px;margin: 0 auto 36px auto;padding: 32px 0\">\n<p><!-- VISI\u00d3N: texto izquierda, imagen derecha --><\/p>\n<div style=\"background: linear-gradient(90deg,#e0f1fc 60%,#d3fafd 100%);border-radius: 22px;margin-bottom: 26px;padding: 22px 24px\">\n<table style=\"width: 100%;border-collapse: collapse\">\n<tbody>\n<tr>\n<td style=\"padding-right: 28px;width: 70%\">\n<h2 style=\"font-family: 'Montserrat',Arial,sans-serif;font-weight: bold;color: #1976d2;font-size: 1.37em;margin-bottom: 10px;margin-top: 0\">Visi\u00f3n<\/h2>\n<div style=\"font-family: 'Merriweather','Georgia',serif;font-size: 1.09em;color: #203359;line-height: 1.62;text-align: justify\">Ser una escuela profesional l\u00edder en la formaci\u00f3n de profesionales altamente creativos, innovadores y \u00e9ticos. Estrechamente vinculados con su medio, promoviendo un pensamiento cr\u00edtico y tecnol\u00f3gico para la sociedad actual y futura.<\/div>\n<\/td>\n<td style=\"width: 30%;text-align: right\"><img decoding=\"async\" class=\"alignright\" style=\"width: 166px;height: 166px;object-fit: cover;border-radius: 16px\" src=\"https:\/\/fips.unsa.edu.pe\/ingenieriaelectronica\/wp-content\/uploads\/sites\/4\/2018\/04\/IMG_5577.jpg\" alt=\"Visi\u00f3n\" \/><\/td>\n<\/tr>\n<\/tbody>\n<\/table>\n<\/div>\n<p><!-- MISI\u00d3N: imagen izquierda, texto derecha --><\/p>\n<div style=\"background: linear-gradient(90deg,#ecfff5 60%,#d6fbf3 100%);border-radius: 22px;padding: 22px 24px\">\n<table style=\"width: 100%;border-collapse: collapse\">\n<tbody>\n<tr>\n<td style=\"width: 30%;text-align: left\"><img decoding=\"async\" class=\"\" style=\"width: 203px;height: 203px;object-fit: cover;border-radius: 16px\" src=\"https:\/\/fips.unsa.edu.pe\/ingenieriaelectronica\/wp-content\/uploads\/sites\/4\/2018\/04\/IMG_5650.jpg\" alt=\"Misi\u00f3n\" \/><\/td>\n<td style=\"padding-left: 28px;width: 70%\">\n<h2 style=\"font-family: 'Montserrat',Arial,sans-serif;font-weight: bold;color: #00b38f;font-size: 1.37em;margin-bottom: 10px;margin-top: 0\">Misi\u00f3n<\/h2>\n<div style=\"font-family: 'Merriweather','Georgia',serif;font-size: 1.09em;color: #203359;line-height: 1.62;text-align: justify\">Formar Profesionales \u00e9ticos en Ingenier\u00eda Electr\u00f3nica, para promover el desarrollo tecnol\u00f3gico, cient\u00edfico, econ\u00f3mico y social del pa\u00eds, promoviendo en el estudiante proactividad para que interact\u00fae socialmente con el entorno, participe en su desarrollo, adquiriendo gradualmente las bases de matem\u00e1tica, f\u00edsica, electr\u00f3nica, administraci\u00f3n y humanidades con el fin de aplicarlos eficientemente en las \u00e1reas de automatizaci\u00f3n, control de procesos industriales sistemas rob\u00f3ticos, sistemas inform\u00e1ticos y de telecomunicaciones, y sistemas electr\u00f3nicos emergentes.<\/div>\n<\/td>\n<\/tr>\n<\/tbody>\n<\/table>\n<\/div>\n<\/div>\n","protected":false},"excerpt":{"rendered":"<p>Visi\u00f3n Ser una escuela profesional l\u00edder en la formaci\u00f3n de profesionales altamente creativos, innovadores y \u00e9ticos. Estrechamente vinculados con su medio, promoviendo un pensamiento cr\u00edtico y tecnol\u00f3gico para la sociedad actual y futura. Misi\u00f3n Formar Profesionales \u00e9ticos en Ingenier\u00eda Electr\u00f3nica, para promover el desarrollo tecnol\u00f3gico, cient\u00edfico, econ\u00f3mico y social del pa\u00eds, promoviendo en el estudiante [&hellip;]<\/p>\n","protected":false},"author":1,"featured_media":0,"parent":0,"menu_order":0,"comment_status":"closed","ping_status":"closed","template":"page-blanco.php","meta":{"footnotes":""},"class_list":["post-1149","page","type-page","status-publish","hentry"],"_links":{"self":[{"href":"https:\/\/fips.unsa.edu.pe\/ingenieriaelectronica\/wp-json\/wp\/v2\/pages\/1149","targetHints":{"allow":["GET"]}}],"collection":[{"href":"https:\/\/fips.unsa.edu.pe\/ingenieriaelectronica\/wp-json\/wp\/v2\/pages"}],"about":[{"href":"https:\/\/fips.unsa.edu.pe\/ingenieriaelectronica\/wp-json\/wp\/v2\/types\/page"}],"author":[{"embeddable":true,"href":"https:\/\/fips.unsa.edu.pe\/ingenieriaelectronica\/wp-json\/wp\/v2\/users\/1"}],"replies":[{"embeddable":true,"href":"https:\/\/fips.unsa.edu.pe\/ingenieriaelectronica\/wp-json\/wp\/v2\/comments?post=1149"}],"version-history":[{"count":20,"href":"https:\/\/fips.unsa.edu.pe\/ingenieriaelectronica\/wp-json\/wp\/v2\/pages\/1149\/revisions"}],"predecessor-version":[{"id":1810,"href":"https:\/\/fips.unsa.edu.pe\/ingenieriaelectronica\/wp-json\/wp\/v2\/pages\/1149\/revisions\/1810"}],"wp:attachment":[{"href":"https:\/\/fips.unsa.edu.pe\/ingenieriaelectronica\/wp-json\/wp\/v2\/media?parent=1149"}],"curies":[{"name":"wp","href":"https:\/\/api.w.org\/{rel}","templated":true}]}}