{"id":1129,"date":"2017-08-07T16:56:34","date_gmt":"2017-08-07T16:56:34","guid":{"rendered":"http:\/\/www2.unsa.edu.pe\/escuelas\/ingelectronica\/?page_id=1129"},"modified":"2025-11-03T12:04:36","modified_gmt":"2025-11-03T17:04:36","slug":"presentacion","status":"publish","type":"page","link":"https:\/\/fips.unsa.edu.pe\/ingenieriaelectronica\/presentacion\/","title":{"rendered":"Presentaci\u00f3n"},"content":{"rendered":"<div style=\"max-width: 900px;margin: 0 auto 36px auto;padding: 40px 35px 38px 35px;border-radius: 24px\">\n<h1 style=\"font-family: 'Montserrat', 'Segoe UI', Arial, sans-serif;font-weight: bold;color: #163b6c;font-size: 2.55em;letter-spacing: 0.01em;margin-bottom: 28px;text-align: center;border-bottom: 2.5px solid #00b38f;padding-bottom: 7px\">Presentaci\u00f3n<\/h1>\n<div style=\"font-family: 'Merriweather', 'Georgia', serif;color: #212e4e;font-size: 1.13em;line-height: 1.72;letter-spacing: 0.01em;padding: 8px 6px 0 6px\">Como consecuencia de la daci\u00f3n de la nueva Ley N\u00b0 30220 (Ley Universitaria) y en concordancia con el Estatuto de la UNSA aprobado en Sesi\u00f3n Plenaria de Asamblea Estatutaria de fecha 06 y 09 de noviembre de 2015. Y su modelo educativo; la Comisi\u00f3n Acad\u00e9mica de la Escuela Profesional de Ingenier\u00eda Electr\u00f3nica presenta una propuesta de la nueva malla curricular a ser aplicada a partir del semestre 2017-A.<\/div>\n<div style=\"font-family: 'Merriweather', 'Georgia', serif;color: #212e4e;font-size: 1.13em;line-height: 1.72;letter-spacing: 0.01em;padding: 8px 6px 0 6px\">\nEl estudiante y egresado de la carrera profesional de ingenier\u00eda electr\u00f3nica tiene una formaci\u00f3n integral humana y cient\u00edfica, consciente de la realidad social, tecnol\u00f3gica a nivel regional y nacional.<\/div>\n<div style=\"font-family: 'Merriweather', 'Georgia', serif;color: #212e4e;font-size: 1.13em;line-height: 1.72;letter-spacing: 0.01em;padding: 8px 6px 0 6px\">\nEl ingeniero electr\u00f3nico debe conocer las leyes generales que gobiernan la naturaleza y la sociedad teniendo capacidad de an\u00e1lisis cr\u00edtico y autocritico, cultivando el h\u00e1bito de auto aprendizaje, autoestudio y aprendizaje grupal con efectividad y precisi\u00f3n.<\/div>\n<div style=\"font-family: 'Merriweather', 'Georgia', serif;color: #212e4e;font-size: 1.13em;line-height: 1.72;letter-spacing: 0.01em;padding: 8px 6px 0 6px\">\nComo persona es \u00e9tico y honesto, con un comportamiento honrado y justo, respetuoso de s\u00ed mismo y los dem\u00e1s. Como ciudadano conoce, ejerce y defiende sus derechos, cumple sus deberes y se compromete con la sociedad y preservaci\u00f3n del ambiente. Se identifica con su instituci\u00f3n, localidad, regi\u00f3n y naci\u00f3n; asimismo, valora y respeta la diversidad ling\u00fc\u00edstica, cultural y la libertad de expresi\u00f3n.<\/div>\n<\/div>\n","protected":false},"excerpt":{"rendered":"<p>Presentaci\u00f3n Como consecuencia de la daci\u00f3n de la nueva Ley N\u00b0 30220 (Ley Universitaria) y en concordancia con el Estatuto de la UNSA aprobado en Sesi\u00f3n Plenaria de Asamblea Estatutaria de fecha 06 y 09 de noviembre de 2015. Y su modelo educativo; la Comisi\u00f3n Acad\u00e9mica de la Escuela Profesional de Ingenier\u00eda Electr\u00f3nica presenta una [&hellip;]<\/p>\n","protected":false},"author":1,"featured_media":1281,"parent":0,"menu_order":0,"comment_status":"closed","ping_status":"closed","template":"page-imagen.php","meta":{"footnotes":""},"class_list":["post-1129","page","type-page","status-publish","has-post-thumbnail","hentry"],"_links":{"self":[{"href":"https:\/\/fips.unsa.edu.pe\/ingenieriaelectronica\/wp-json\/wp\/v2\/pages\/1129","targetHints":{"allow":["GET"]}}],"collection":[{"href":"https:\/\/fips.unsa.edu.pe\/ingenieriaelectronica\/wp-json\/wp\/v2\/pages"}],"about":[{"href":"https:\/\/fips.unsa.edu.pe\/ingenieriaelectronica\/wp-json\/wp\/v2\/types\/page"}],"author":[{"embeddable":true,"href":"https:\/\/fips.unsa.edu.pe\/ingenieriaelectronica\/wp-json\/wp\/v2\/users\/1"}],"replies":[{"embeddable":true,"href":"https:\/\/fips.unsa.edu.pe\/ingenieriaelectronica\/wp-json\/wp\/v2\/comments?post=1129"}],"version-history":[{"count":6,"href":"https:\/\/fips.unsa.edu.pe\/ingenieriaelectronica\/wp-json\/wp\/v2\/pages\/1129\/revisions"}],"predecessor-version":[{"id":1794,"href":"https:\/\/fips.unsa.edu.pe\/ingenieriaelectronica\/wp-json\/wp\/v2\/pages\/1129\/revisions\/1794"}],"wp:featuredmedia":[{"embeddable":true,"href":"https:\/\/fips.unsa.edu.pe\/ingenieriaelectronica\/wp-json\/wp\/v2\/media\/1281"}],"wp:attachment":[{"href":"https:\/\/fips.unsa.edu.pe\/ingenieriaelectronica\/wp-json\/wp\/v2\/media?parent=1129"}],"curies":[{"name":"wp","href":"https:\/\/api.w.org\/{rel}","templated":true}]}}