{"id":1488,"date":"2019-01-28T09:40:01","date_gmt":"2019-01-28T14:40:01","guid":{"rendered":"https:\/\/fips.unsa.edu.pe\/ingenierialectrica\/?page_id=1488"},"modified":"2025-12-30T11:40:35","modified_gmt":"2025-12-30T16:40:35","slug":"objetivos-educacionales","status":"publish","type":"page","link":"https:\/\/fips.unsa.edu.pe\/ingenieriaelectrica\/objetivos-educacionales\/","title":{"rendered":"Objetivos Educacionales"},"content":{"rendered":"<p>Se espera que los egresados de la Escuela Profesional de Ingenier\u00eda El\u00e9ctrica algunos a\u00f1os despu\u00e9s de su graduaci\u00f3n sean capaces de:<\/p>\n<p style=\"padding-left: 40px\"><strong>(1) O.E.1 Competencia tecnol\u00f3gica<\/strong>: Demostrar s\u00f3lida competencia tecnol\u00f3gica para el dise\u00f1o, construcci\u00f3n, montaje, operaci\u00f3n, mantenimiento, planeamiento, gesti\u00f3n y evaluaci\u00f3n de sistemas de generaci\u00f3n, transformaci\u00f3n, transmisi\u00f3n, distribuci\u00f3n y utilizaci\u00f3n de la energ\u00eda el\u00e9ctrica<\/p>\n<p style=\"padding-left: 40px\"><strong>(2) O.E.2 Aspectos profesionales<\/strong>: Ejercer su labor respetando los est\u00e1ndares t\u00e9cnicos y principios \u00e9ticos de la profesi\u00f3n, proyect\u00e1ndose como ciudadanos y profesionales responsables.<\/p>\n<p style=\"padding-left: 40px\"><strong>(3) O.E.3 Aprendizaje continuo y capacidad de investigaci\u00f3n<\/strong>: Desarrollar un aprendizaje y actualizaci\u00f3n profesional continuos, asimilando los cambios y avances de la profesi\u00f3n, contribuyendo a la investigaci\u00f3n y generaci\u00f3n de conocimiento cient\u00edfico y tecnol\u00f3gico para proveer alternativas de soluci\u00f3n a los problemas de la sociedad especialmente en el campo de la ingenier\u00eda el\u00e9ctrica.<\/p>\n<p style=\"padding-left: 40px\"><strong>(4) O.E.4 Emprendimiento e innovaci\u00f3n:<\/strong> Desarrollar la capacidad de crear y gestionar empresas del sector, generando oportunidades de trabajo en la comunidad y contribuyendo al desarrollo econ\u00f3mico, promoviendo pr\u00e1cticas sostenibles y de responsabilidad social.<\/p>\n<p style=\"padding-left: 40px\"><strong>(5) O.E.5 Trabajo en equipo, liderazgo y comunicaci\u00f3n: <\/strong>Liderar y participar de manera proactiva en equipos multidisciplinarios, demostrando capacidad de comunicaci\u00f3n efectiva, iniciativa ante nuevos desaf\u00edos y compromiso con el logro de metas organizacionales y personales.<\/p>\n","protected":false},"excerpt":{"rendered":"<p>Se espera que los egresados de la Escuela Profesional de Ingenier\u00eda El\u00e9ctrica algunos a\u00f1os despu\u00e9s de su graduaci\u00f3n sean capaces de: (1) O.E.1 Competencia tecnol\u00f3gica: Demostrar s\u00f3lida competencia tecnol\u00f3gica para el dise\u00f1o, construcci\u00f3n, montaje, operaci\u00f3n, mantenimiento, planeamiento, gesti\u00f3n y evaluaci\u00f3n de sistemas de generaci\u00f3n, transformaci\u00f3n, transmisi\u00f3n, distribuci\u00f3n y utilizaci\u00f3n de la energ\u00eda el\u00e9ctrica (2) O.E.2 [&hellip;]<\/p>\n","protected":false},"author":1,"featured_media":1452,"parent":0,"menu_order":0,"comment_status":"closed","ping_status":"closed","template":"","meta":{"footnotes":""},"class_list":["post-1488","page","type-page","status-publish","has-post-thumbnail","hentry"],"_links":{"self":[{"href":"https:\/\/fips.unsa.edu.pe\/ingenieriaelectrica\/wp-json\/wp\/v2\/pages\/1488","targetHints":{"allow":["GET"]}}],"collection":[{"href":"https:\/\/fips.unsa.edu.pe\/ingenieriaelectrica\/wp-json\/wp\/v2\/pages"}],"about":[{"href":"https:\/\/fips.unsa.edu.pe\/ingenieriaelectrica\/wp-json\/wp\/v2\/types\/page"}],"author":[{"embeddable":true,"href":"https:\/\/fips.unsa.edu.pe\/ingenieriaelectrica\/wp-json\/wp\/v2\/users\/1"}],"replies":[{"embeddable":true,"href":"https:\/\/fips.unsa.edu.pe\/ingenieriaelectrica\/wp-json\/wp\/v2\/comments?post=1488"}],"version-history":[{"count":5,"href":"https:\/\/fips.unsa.edu.pe\/ingenieriaelectrica\/wp-json\/wp\/v2\/pages\/1488\/revisions"}],"predecessor-version":[{"id":1994,"href":"https:\/\/fips.unsa.edu.pe\/ingenieriaelectrica\/wp-json\/wp\/v2\/pages\/1488\/revisions\/1994"}],"wp:featuredmedia":[{"embeddable":true,"href":"https:\/\/fips.unsa.edu.pe\/ingenieriaelectrica\/wp-json\/wp\/v2\/media\/1452"}],"wp:attachment":[{"href":"https:\/\/fips.unsa.edu.pe\/ingenieriaelectrica\/wp-json\/wp\/v2\/media?parent=1488"}],"curies":[{"name":"wp","href":"https:\/\/api.w.org\/{rel}","templated":true}]}}