{"id":1486,"date":"2019-01-28T09:38:56","date_gmt":"2019-01-28T14:38:56","guid":{"rendered":"https:\/\/fips.unsa.edu.pe\/ingenierialectrica\/?page_id=1486"},"modified":"2025-01-14T16:55:01","modified_gmt":"2025-01-14T21:55:01","slug":"mision","status":"publish","type":"page","link":"https:\/\/fips.unsa.edu.pe\/ingenieriaelectrica\/mision\/","title":{"rendered":"Misi\u00f3n"},"content":{"rendered":"<div class=\"cua-gri\"><\/p>\n<p><img loading=\"lazy\" decoding=\"async\" class=\"hidden-xs alignnone size-medium wp-image-1447\" src=\"https:\/\/fips.unsa.edu.pe\/ingenierialectrica\/wp-content\/uploads\/sites\/3\/2018\/05\/IMG_0312-2-360x203.jpg\" alt=\"\" width=\"360\" height=\"203\" \/>Formar ingenieros electricistas competentes y \u00e9ticos, con capacidad para la investigaci\u00f3n e innovaci\u00f3n, generando conocimiento cient\u00edfico y tecnol\u00f3gico en el \u00e1mbito el\u00e9ctrico, contribuyendo al desarrollo human\u00edstico y sostenible de la regi\u00f3n y del pa\u00eds. Formar ingenieros electricistas competentes y \u00e9ticos, con capacidad para la investigaci\u00f3n e innovaci\u00f3n, generando conocimiento cient\u00edfico y tecnol\u00f3gico en el \u00e1mbito el\u00e9ctrico, contribuyendo al desarrollo human\u00edstico y sostenible de la regi\u00f3n y del pa\u00eds.<\/p>\n<p><\/div>\n","protected":false},"excerpt":{"rendered":"","protected":false},"author":1,"featured_media":0,"parent":0,"menu_order":0,"comment_status":"closed","ping_status":"closed","template":"","meta":{"footnotes":""},"class_list":["post-1486","page","type-page","status-publish","hentry"],"_links":{"self":[{"href":"https:\/\/fips.unsa.edu.pe\/ingenieriaelectrica\/wp-json\/wp\/v2\/pages\/1486","targetHints":{"allow":["GET"]}}],"collection":[{"href":"https:\/\/fips.unsa.edu.pe\/ingenieriaelectrica\/wp-json\/wp\/v2\/pages"}],"about":[{"href":"https:\/\/fips.unsa.edu.pe\/ingenieriaelectrica\/wp-json\/wp\/v2\/types\/page"}],"author":[{"embeddable":true,"href":"https:\/\/fips.unsa.edu.pe\/ingenieriaelectrica\/wp-json\/wp\/v2\/users\/1"}],"replies":[{"embeddable":true,"href":"https:\/\/fips.unsa.edu.pe\/ingenieriaelectrica\/wp-json\/wp\/v2\/comments?post=1486"}],"version-history":[{"count":3,"href":"https:\/\/fips.unsa.edu.pe\/ingenieriaelectrica\/wp-json\/wp\/v2\/pages\/1486\/revisions"}],"predecessor-version":[{"id":1982,"href":"https:\/\/fips.unsa.edu.pe\/ingenieriaelectrica\/wp-json\/wp\/v2\/pages\/1486\/revisions\/1982"}],"wp:attachment":[{"href":"https:\/\/fips.unsa.edu.pe\/ingenieriaelectrica\/wp-json\/wp\/v2\/media?parent=1486"}],"curies":[{"name":"wp","href":"https:\/\/api.w.org\/{rel}","templated":true}]}}