{"id":1245,"date":"2017-08-07T16:34:47","date_gmt":"2017-08-07T16:34:47","guid":{"rendered":"http:\/\/www2.unsa.edu.pe\/escuelas\/ingelectrica\/?page_id=1237"},"modified":"2019-01-28T10:05:55","modified_gmt":"2019-01-28T15:05:55","slug":"campo-ocupacional","status":"publish","type":"page","link":"https:\/\/fips.unsa.edu.pe\/ingenieriaelectrica\/campo-ocupacional\/","title":{"rendered":"Campo Ocupacional"},"content":{"rendered":"<p><strong>Sector P\u00fablico<\/strong>:<br \/>\nEn empresas estatales y paraestatales dedicadas a la generaci\u00f3n, planteamiento, transporte, distribuci\u00f3n y utilizaci\u00f3n de la energ\u00eda el\u00e9ctrica.<\/p>\n<p><strong>Sector Privado:<\/strong><br \/>\nEmpresas consultoras y contratistas dedicadas al dise\u00f1o, montaje, supervisi\u00f3n, ejecuci\u00f3n y mantenimiento de centrales el\u00e9ctricas de generaci\u00f3n, de l\u00edneas de transporte de energ\u00eda, redes de distribuci\u00f3n y utilizaci\u00f3n.<\/p>\n<p><strong>Ejercicio libre de la profesi\u00f3n.<br \/>\n<\/strong>Instituciones Educaci\u00f3n Superior, Institutos Nacionales o Internacionales de Investigaci\u00f3n y desarrollo de Ciencia y Tecnolog\u00edas e Innovaci\u00f3n.<\/p>\n","protected":false},"excerpt":{"rendered":"<p>Sector P\u00fablico: En empresas estatales y paraestatales dedicadas a la generaci\u00f3n, planteamiento, transporte, distribuci\u00f3n y utilizaci\u00f3n de la energ\u00eda el\u00e9ctrica. Sector Privado: Empresas consultoras y contratistas dedicadas al dise\u00f1o, montaje, supervisi\u00f3n, ejecuci\u00f3n y mantenimiento de centrales el\u00e9ctricas de generaci\u00f3n, de l\u00edneas de transporte de energ\u00eda, redes de distribuci\u00f3n y utilizaci\u00f3n. Ejercicio libre de la profesi\u00f3n. [&hellip;]<\/p>\n","protected":false},"author":1,"featured_media":1452,"parent":0,"menu_order":0,"comment_status":"closed","ping_status":"closed","template":"","meta":{"footnotes":""},"class_list":["post-1245","page","type-page","status-publish","has-post-thumbnail","hentry"],"_links":{"self":[{"href":"https:\/\/fips.unsa.edu.pe\/ingenieriaelectrica\/wp-json\/wp\/v2\/pages\/1245","targetHints":{"allow":["GET"]}}],"collection":[{"href":"https:\/\/fips.unsa.edu.pe\/ingenieriaelectrica\/wp-json\/wp\/v2\/pages"}],"about":[{"href":"https:\/\/fips.unsa.edu.pe\/ingenieriaelectrica\/wp-json\/wp\/v2\/types\/page"}],"author":[{"embeddable":true,"href":"https:\/\/fips.unsa.edu.pe\/ingenieriaelectrica\/wp-json\/wp\/v2\/users\/1"}],"replies":[{"embeddable":true,"href":"https:\/\/fips.unsa.edu.pe\/ingenieriaelectrica\/wp-json\/wp\/v2\/comments?post=1245"}],"version-history":[{"count":2,"href":"https:\/\/fips.unsa.edu.pe\/ingenieriaelectrica\/wp-json\/wp\/v2\/pages\/1245\/revisions"}],"predecessor-version":[{"id":1507,"href":"https:\/\/fips.unsa.edu.pe\/ingenieriaelectrica\/wp-json\/wp\/v2\/pages\/1245\/revisions\/1507"}],"wp:featuredmedia":[{"embeddable":true,"href":"https:\/\/fips.unsa.edu.pe\/ingenieriaelectrica\/wp-json\/wp\/v2\/media\/1452"}],"wp:attachment":[{"href":"https:\/\/fips.unsa.edu.pe\/ingenieriaelectrica\/wp-json\/wp\/v2\/media?parent=1245"}],"curies":[{"name":"wp","href":"https:\/\/api.w.org\/{rel}","templated":true}]}}