{"id":1242,"date":"2017-08-07T16:23:16","date_gmt":"2017-08-07T16:23:16","guid":{"rendered":"http:\/\/www2.unsa.edu.pe\/escuelas\/ingelectrica\/?page_id=1231"},"modified":"2017-08-07T16:23:16","modified_gmt":"2017-08-07T16:23:16","slug":"modelo-educativo","status":"publish","type":"page","link":"https:\/\/fips.unsa.edu.pe\/ingenieriaelectrica\/modelo-educativo\/","title":{"rendered":"Modelo Educativo"},"content":{"rendered":"<p>El modelo educativo de la escuela es la de formar a personas que tiendan a la reflexi\u00f3n y al pensamiento cr\u00edtico para promover la innovaci\u00f3n. Los estudiantes y egresados de la carrera valoran ante todo a la persona; priorizan altamente el bienestar social y el desarrollo con posibilidades de crecimiento articulado y sostenible<\/p>\n","protected":false},"excerpt":{"rendered":"<p>El modelo educativo de la escuela es la de formar a personas que tiendan a la reflexi\u00f3n y al pensamiento cr\u00edtico para promover la innovaci\u00f3n. Los estudiantes y egresados de la carrera valoran ante todo a la persona; priorizan altamente el bienestar social y el desarrollo con posibilidades de crecimiento articulado y sostenible<\/p>\n","protected":false},"author":1,"featured_media":1220,"parent":0,"menu_order":0,"comment_status":"closed","ping_status":"closed","template":"","meta":{"footnotes":""},"class_list":["post-1242","page","type-page","status-publish","has-post-thumbnail","hentry"],"_links":{"self":[{"href":"https:\/\/fips.unsa.edu.pe\/ingenieriaelectrica\/wp-json\/wp\/v2\/pages\/1242","targetHints":{"allow":["GET"]}}],"collection":[{"href":"https:\/\/fips.unsa.edu.pe\/ingenieriaelectrica\/wp-json\/wp\/v2\/pages"}],"about":[{"href":"https:\/\/fips.unsa.edu.pe\/ingenieriaelectrica\/wp-json\/wp\/v2\/types\/page"}],"author":[{"embeddable":true,"href":"https:\/\/fips.unsa.edu.pe\/ingenieriaelectrica\/wp-json\/wp\/v2\/users\/1"}],"replies":[{"embeddable":true,"href":"https:\/\/fips.unsa.edu.pe\/ingenieriaelectrica\/wp-json\/wp\/v2\/comments?post=1242"}],"version-history":[{"count":0,"href":"https:\/\/fips.unsa.edu.pe\/ingenieriaelectrica\/wp-json\/wp\/v2\/pages\/1242\/revisions"}],"wp:featuredmedia":[{"embeddable":true,"href":"https:\/\/fips.unsa.edu.pe\/ingenieriaelectrica\/wp-json\/wp\/v2\/media\/1220"}],"wp:attachment":[{"href":"https:\/\/fips.unsa.edu.pe\/ingenieriaelectrica\/wp-json\/wp\/v2\/media?parent=1242"}],"curies":[{"name":"wp","href":"https:\/\/api.w.org\/{rel}","templated":true}]}}