{"id":1241,"date":"2017-08-07T16:22:53","date_gmt":"2017-08-07T16:22:53","guid":{"rendered":"http:\/\/www2.unsa.edu.pe\/escuelas\/ingelectrica\/?page_id=1229"},"modified":"2019-01-28T10:05:09","modified_gmt":"2019-01-28T15:05:09","slug":"perfil-del-egresado","status":"publish","type":"page","link":"https:\/\/fips.unsa.edu.pe\/ingenieriaelectrica\/perfil-del-egresado\/","title":{"rendered":"Perfil del Egresado"},"content":{"rendered":"<p>El perfil del egresado de la Escuela Profesional de Ingenier\u00eda El\u00e9ctrica, debe ser un profesional integral que tiene una formaci\u00f3n s\u00f3lida en matem\u00e1ticas, f\u00edsica, estad\u00edsticas y una preparaci\u00f3n adecuada en las ciencias de la Conversi\u00f3n eficiente y responsable de la Energ\u00eda El\u00e9ctrica. Debe conocer las herramientas necesarias para el an\u00e1lisis e investigaci\u00f3n de los sistemas el\u00e9ctricos y electr\u00f3nicos; estar capacitado para gestionar, administrar, dise\u00f1ar, desarrollar, analizar, evaluar, normalizar, asesorar y aplicar tecnolog\u00eda para la soluci\u00f3n de problemas en sistemas de generaci\u00f3n, transmisi\u00f3n, distribuci\u00f3n y utilizaci\u00f3n de la energ\u00eda El\u00e9ctrica, con un enfoque de desarrollo sostenido para la innovaci\u00f3n tecnol\u00f3gica regional. El profesional electricista debe tener tambi\u00e9n un dominio pleno de los sistemas computacionales, habilidad para adquirir y procesar informaci\u00f3n, liderar trabajos en equipo. Debe ser capaz de comunicarse eficazmente y argumentar ideas en forma oral y escrita, debe tener disposici\u00f3n para el aprendizaje y mejora continua, realizaci\u00f3n de trabajos de investigaci\u00f3n, la autoformaci\u00f3n y el liderazgo basado en valores y la \u00e9tica profesional.<\/p>\n","protected":false},"excerpt":{"rendered":"<p>El perfil del egresado de la Escuela Profesional de Ingenier\u00eda El\u00e9ctrica, debe ser un profesional integral que tiene una formaci\u00f3n s\u00f3lida en matem\u00e1ticas, f\u00edsica, estad\u00edsticas y una preparaci\u00f3n adecuada en las ciencias de la Conversi\u00f3n eficiente y responsable de la Energ\u00eda El\u00e9ctrica. Debe conocer las herramientas necesarias para el an\u00e1lisis e investigaci\u00f3n de los sistemas [&hellip;]<\/p>\n","protected":false},"author":1,"featured_media":1454,"parent":0,"menu_order":0,"comment_status":"closed","ping_status":"closed","template":"","meta":{"footnotes":""},"class_list":["post-1241","page","type-page","status-publish","has-post-thumbnail","hentry"],"_links":{"self":[{"href":"https:\/\/fips.unsa.edu.pe\/ingenieriaelectrica\/wp-json\/wp\/v2\/pages\/1241","targetHints":{"allow":["GET"]}}],"collection":[{"href":"https:\/\/fips.unsa.edu.pe\/ingenieriaelectrica\/wp-json\/wp\/v2\/pages"}],"about":[{"href":"https:\/\/fips.unsa.edu.pe\/ingenieriaelectrica\/wp-json\/wp\/v2\/types\/page"}],"author":[{"embeddable":true,"href":"https:\/\/fips.unsa.edu.pe\/ingenieriaelectrica\/wp-json\/wp\/v2\/users\/1"}],"replies":[{"embeddable":true,"href":"https:\/\/fips.unsa.edu.pe\/ingenieriaelectrica\/wp-json\/wp\/v2\/comments?post=1241"}],"version-history":[{"count":3,"href":"https:\/\/fips.unsa.edu.pe\/ingenieriaelectrica\/wp-json\/wp\/v2\/pages\/1241\/revisions"}],"predecessor-version":[{"id":1505,"href":"https:\/\/fips.unsa.edu.pe\/ingenieriaelectrica\/wp-json\/wp\/v2\/pages\/1241\/revisions\/1505"}],"wp:featuredmedia":[{"embeddable":true,"href":"https:\/\/fips.unsa.edu.pe\/ingenieriaelectrica\/wp-json\/wp\/v2\/media\/1454"}],"wp:attachment":[{"href":"https:\/\/fips.unsa.edu.pe\/ingenieriaelectrica\/wp-json\/wp\/v2\/media?parent=1241"}],"curies":[{"name":"wp","href":"https:\/\/api.w.org\/{rel}","templated":true}]}}