{"id":1239,"date":"2017-08-07T16:18:44","date_gmt":"2017-08-07T16:18:44","guid":{"rendered":"http:\/\/www2.unsa.edu.pe\/escuelas\/ingelectrica\/?page_id=1225"},"modified":"2025-12-31T13:52:41","modified_gmt":"2025-12-31T18:52:41","slug":"personal-docente","status":"publish","type":"page","link":"https:\/\/fips.unsa.edu.pe\/ingenieriaelectrica\/personal-docente\/","title":{"rendered":"Personal Docente"},"content":{"rendered":"<p>Personal Docente que presta servicios a la Escuela Profesional:<\/p>\n<table style=\"font-weight: 400;height: 1000px\" width=\"544\">\n<tbody>\n<tr>\n<td width=\"40\"><strong>N<\/strong><\/td>\n<td width=\"273\"><strong>Apellidos Y Nombres<\/strong><\/td>\n<td width=\"158\"><strong>Grado Acad\u00e9mico<\/strong><\/td>\n<\/tr>\n<tr>\n<td width=\"40\">1<\/td>\n<td width=\"273\">Alencastre Medrano Yuri Augusto<\/td>\n<td width=\"158\">Magister<\/td>\n<\/tr>\n<tr>\n<td width=\"40\">2<\/td>\n<td width=\"273\">Butr\u00f3n Fern\u00e1ndez Fredy Alberto<\/td>\n<td width=\"158\">Ingeniero<\/td>\n<\/tr>\n<tr>\n<td width=\"40\">3<\/td>\n<td width=\"273\">Carcausto Tapia Mikhail Venancio<\/td>\n<td width=\"158\">Doctor<\/td>\n<\/tr>\n<tr>\n<td width=\"40\">4<\/td>\n<td width=\"273\">Carpio Ramos Giraldo Henry<\/td>\n<td width=\"158\">Doctor<\/td>\n<\/tr>\n<tr>\n<td width=\"40\">5<\/td>\n<td width=\"273\">Carrasco Zu\u00f1iga Harry N\u00e9stor Roland<\/td>\n<td width=\"158\">Magister<\/td>\n<\/tr>\n<tr>\n<td width=\"40\">6<\/td>\n<td width=\"273\">Castillo C\u00e1ceres Cesar Pio<\/td>\n<td width=\"158\">Magister<\/td>\n<\/tr>\n<tr>\n<td width=\"40\">7<\/td>\n<td width=\"273\">Copa Pineda Juan Carlos<\/td>\n<td width=\"158\">Doctor<\/td>\n<\/tr>\n<tr>\n<td width=\"40\">8<\/td>\n<td width=\"273\">Cornejo Solorzano V\u00edctor Hugo<\/td>\n<td width=\"158\">Doctor<\/td>\n<\/tr>\n<tr>\n<td width=\"40\">9<\/td>\n<td width=\"273\">Chani Ollachica Deidamia Giovanna<\/td>\n<td width=\"158\">Doctora<\/td>\n<\/tr>\n<tr>\n<td width=\"40\">10<\/td>\n<td width=\"273\">Ch\u00e1vez Ortega Gustavo V\u00edctor<\/td>\n<td width=\"158\">Magister<\/td>\n<\/tr>\n<tr>\n<td width=\"40\">11<\/td>\n<td width=\"273\">Chirinos Apaza Luis Adri\u00e1n<\/td>\n<td width=\"158\">Magister<\/td>\n<\/tr>\n<tr>\n<td width=\"40\">12<\/td>\n<td width=\"273\">La Torre Garc\u00eda Gerson Lizardo<\/td>\n<td width=\"158\">Ingeniero<\/td>\n<\/tr>\n<tr>\n<td width=\"40\">13<\/td>\n<td width=\"273\">Mercado Alania Luis Alberto<\/td>\n<td width=\"158\">Magister<\/td>\n<\/tr>\n<tr>\n<td width=\"40\">14<\/td>\n<td width=\"273\">Ochar\u00e1n Pichu Miguel \u00c1ngel<\/td>\n<td width=\"158\">Doctor<\/td>\n<\/tr>\n<tr>\n<td width=\"40\">15<\/td>\n<td width=\"273\">Ordo\u00f1ez Carpio Ivar Miguel<\/td>\n<td width=\"158\">Magister<\/td>\n<\/tr>\n<tr>\n<td width=\"40\">16<\/td>\n<td width=\"273\">Paredes Aguilar Lizbeth Leonor<\/td>\n<td width=\"158\">Magister<\/td>\n<\/tr>\n<tr>\n<td width=\"40\">17<\/td>\n<td width=\"273\">Quispe Chauca Efra\u00edn Genaro<\/td>\n<td width=\"158\">Doctor<\/td>\n<\/tr>\n<tr>\n<td width=\"40\">18<\/td>\n<td width=\"273\">Quispe Puma Jaime Javier<\/td>\n<td width=\"158\">Magister<\/td>\n<\/tr>\n<tr>\n<td width=\"40\">19<\/td>\n<td width=\"273\">Salas Villalta Navidad Gustavo<\/td>\n<td width=\"158\">Magister<\/td>\n<\/tr>\n<tr>\n<td width=\"40\">20<\/td>\n<td width=\"273\">Tanca Villanueva Mois\u00e9s Carlos<\/td>\n<td width=\"158\">Doctor<\/td>\n<\/tr>\n<tr>\n<td width=\"40\">21<\/td>\n<td width=\"273\">Ticona Huilca Lucy Giannina<\/td>\n<td width=\"158\">Magister<\/td>\n<\/tr>\n<tr>\n<td width=\"40\">22<\/td>\n<td width=\"273\">Tejada Rojas Alberto (c)<\/td>\n<td width=\"158\">Magister<\/td>\n<\/tr>\n<tr>\n<td width=\"40\">23<\/td>\n<td width=\"273\">Barreto Alf\u00e9rez Wilmer Edilberto (c)<\/td>\n<td width=\"158\">Doctor<\/td>\n<\/tr>\n<tr>\n<td width=\"40\">24<\/td>\n<td width=\"273\">Gonza Llanos Hernando (c)<\/td>\n<td width=\"158\">Magister<\/td>\n<\/tr>\n<tr>\n<td width=\"40\">25<\/td>\n<td width=\"273\">L\u00f3pez Z\u00fa\u00f1iga Sandy Percy\u00a0(c)<\/td>\n<td width=\"158\">Magister<\/td>\n<\/tr>\n<\/tbody>\n<\/table>\n<p>&nbsp;<\/p>\n<p>(C) Contradado<\/p>\n<p>&nbsp;<\/p>\n","protected":false},"excerpt":{"rendered":"<p>Personal Docente que presta servicios a la Escuela Profesional: N Apellidos Y Nombres Grado Acad\u00e9mico 1 Alencastre Medrano Yuri Augusto Magister 2 Butr\u00f3n Fern\u00e1ndez Fredy Alberto Ingeniero 3 Carcausto Tapia Mikhail Venancio Doctor 4 Carpio Ramos Giraldo Henry Doctor 5 Carrasco Zu\u00f1iga Harry N\u00e9stor Roland Magister 6 Castillo C\u00e1ceres Cesar Pio Magister 7 Copa Pineda [&hellip;]<\/p>\n","protected":false},"author":1,"featured_media":1455,"parent":0,"menu_order":0,"comment_status":"closed","ping_status":"closed","template":"","meta":{"footnotes":""},"class_list":["post-1239","page","type-page","status-publish","has-post-thumbnail","hentry"],"_links":{"self":[{"href":"https:\/\/fips.unsa.edu.pe\/ingenieriaelectrica\/wp-json\/wp\/v2\/pages\/1239","targetHints":{"allow":["GET"]}}],"collection":[{"href":"https:\/\/fips.unsa.edu.pe\/ingenieriaelectrica\/wp-json\/wp\/v2\/pages"}],"about":[{"href":"https:\/\/fips.unsa.edu.pe\/ingenieriaelectrica\/wp-json\/wp\/v2\/types\/page"}],"author":[{"embeddable":true,"href":"https:\/\/fips.unsa.edu.pe\/ingenieriaelectrica\/wp-json\/wp\/v2\/users\/1"}],"replies":[{"embeddable":true,"href":"https:\/\/fips.unsa.edu.pe\/ingenieriaelectrica\/wp-json\/wp\/v2\/comments?post=1239"}],"version-history":[{"count":8,"href":"https:\/\/fips.unsa.edu.pe\/ingenieriaelectrica\/wp-json\/wp\/v2\/pages\/1239\/revisions"}],"predecessor-version":[{"id":2004,"href":"https:\/\/fips.unsa.edu.pe\/ingenieriaelectrica\/wp-json\/wp\/v2\/pages\/1239\/revisions\/2004"}],"wp:featuredmedia":[{"embeddable":true,"href":"https:\/\/fips.unsa.edu.pe\/ingenieriaelectrica\/wp-json\/wp\/v2\/media\/1455"}],"wp:attachment":[{"href":"https:\/\/fips.unsa.edu.pe\/ingenieriaelectrica\/wp-json\/wp\/v2\/media?parent=1239"}],"curies":[{"name":"wp","href":"https:\/\/api.w.org\/{rel}","templated":true}]}}