{"id":1218,"date":"2017-08-07T16:08:24","date_gmt":"2017-08-07T16:08:24","guid":{"rendered":"http:\/\/www2.unsa.edu.pe\/escuelas\/ingelectrica\/?page_id=1218"},"modified":"2022-02-23T19:58:05","modified_gmt":"2022-02-24T00:58:05","slug":"presentacion","status":"publish","type":"page","link":"https:\/\/fips.unsa.edu.pe\/ingenieriaelectrica\/presentacion\/","title":{"rendered":"Presentaci\u00f3n"},"content":{"rendered":"<p>La Escuela Profesional de Ingenier\u00eda El\u00e9ctrica de la UNSA estableci\u00f3 su creaci\u00f3n formal el 3 de setiembre del a\u00f1o de 1992 con base en la Resoluci\u00f3n Rectoral N\u00b0 024-97 como consecuencia de los grandes problemas energ\u00e9ticos que se suscitaron en el Per\u00fa y en la regi\u00f3n sur los a\u00f1os noventa. De ah\u00ed surgi\u00f3\u00a0 la importancia de la integraci\u00f3n de los Sistemas de Potencia aislados en un gran Sistema Interconectado, que adem\u00e1s de coincidieron con las grandes reformas econ\u00f3micas del pa\u00eds y la privatizaci\u00f3n del sector el\u00e9ctrico en particular que conllev\u00f3 a significativas inversiones nacionales y privadas en el sector.<\/p>\n<p>Un grupo de docentes especialistas en ingenier\u00eda de la Energ\u00eda decidieron desdoblar la carrera de Ingenier\u00eda Mec\u00e1nica El\u00e9ctrica en dos ingenier\u00edas siguiendo la tendencia mundial, las cuales abarcan las Ciencias Tecnol\u00f3gicas m\u00e1s centradas y especificas relacionadas a la Energ\u00eda Mec\u00e1nica y la Energ\u00eda El\u00e9ctrica respectivamente con sus \u00e1reas cient\u00edfico- tecnol\u00f3gicas propias de cada especialidad. Es as\u00ed como se conforma la unidad de servicios acad\u00e9micos \u201cEscuela Profesional de Ingenier\u00eda El\u00e9ctrica\u201d\u00a0 espec\u00edficamente dedicada a las ciencias y tecnolog\u00edas relacionadas a la energ\u00eda el\u00e9ctrica que abarca varias \u00e1reas y especialidades desde la conversi\u00f3n de energ\u00edas primarias convencionales y no convencionales hasta la automatizaci\u00f3n para el uso racional de la energ\u00eda y con calidad de la energ\u00eda que preserve el medio ambiente, salvaguarde el Patrimonio Cultural de la Naci\u00f3n como ejes de desarrollo social sostenido.<\/p>\n","protected":false},"excerpt":{"rendered":"<p>La Escuela Profesional de Ingenier\u00eda El\u00e9ctrica de la UNSA estableci\u00f3 su creaci\u00f3n formal el 3 de setiembre del a\u00f1o de 1992 con base en la Resoluci\u00f3n Rectoral N\u00b0 024-97 como consecuencia de los grandes problemas energ\u00e9ticos que se suscitaron en el Per\u00fa y en la regi\u00f3n sur los a\u00f1os noventa. De ah\u00ed surgi\u00f3\u00a0 la importancia [&hellip;]<\/p>\n","protected":false},"author":1,"featured_media":1620,"parent":0,"menu_order":0,"comment_status":"closed","ping_status":"closed","template":"page-imagen.php","meta":{"footnotes":""},"class_list":["post-1218","page","type-page","status-publish","has-post-thumbnail","hentry"],"_links":{"self":[{"href":"https:\/\/fips.unsa.edu.pe\/ingenieriaelectrica\/wp-json\/wp\/v2\/pages\/1218","targetHints":{"allow":["GET"]}}],"collection":[{"href":"https:\/\/fips.unsa.edu.pe\/ingenieriaelectrica\/wp-json\/wp\/v2\/pages"}],"about":[{"href":"https:\/\/fips.unsa.edu.pe\/ingenieriaelectrica\/wp-json\/wp\/v2\/types\/page"}],"author":[{"embeddable":true,"href":"https:\/\/fips.unsa.edu.pe\/ingenieriaelectrica\/wp-json\/wp\/v2\/users\/1"}],"replies":[{"embeddable":true,"href":"https:\/\/fips.unsa.edu.pe\/ingenieriaelectrica\/wp-json\/wp\/v2\/comments?post=1218"}],"version-history":[{"count":2,"href":"https:\/\/fips.unsa.edu.pe\/ingenieriaelectrica\/wp-json\/wp\/v2\/pages\/1218\/revisions"}],"predecessor-version":[{"id":1621,"href":"https:\/\/fips.unsa.edu.pe\/ingenieriaelectrica\/wp-json\/wp\/v2\/pages\/1218\/revisions\/1621"}],"wp:featuredmedia":[{"embeddable":true,"href":"https:\/\/fips.unsa.edu.pe\/ingenieriaelectrica\/wp-json\/wp\/v2\/media\/1620"}],"wp:attachment":[{"href":"https:\/\/fips.unsa.edu.pe\/ingenieriaelectrica\/wp-json\/wp\/v2\/media?parent=1218"}],"curies":[{"name":"wp","href":"https:\/\/api.w.org\/{rel}","templated":true}]}}