{"id":2496,"date":"2026-05-09T14:21:22","date_gmt":"2026-05-09T19:21:22","guid":{"rendered":"https:\/\/fips.unsa.edu.pe\/ingenieriadesistemas\/?page_id=2496"},"modified":"2026-05-13T06:47:26","modified_gmt":"2026-05-13T11:47:26","slug":"maestria-en-informatica","status":"publish","type":"page","link":"https:\/\/fips.unsa.edu.pe\/ingenieriadesistemas\/maestria-en-informatica\/","title":{"rendered":"Maestr\u00eda en Inform\u00e1tica"},"content":{"rendered":"<p><strong>PRESENTACI\u00d3N<\/strong><\/p>\n<p>La Maestr\u00eda en Ciencias: Inform\u00e1tica, con menci\u00f3n en Tecnolog\u00edas de la Informaci\u00f3n y Comunicaci\u00f3n en Gesti\u00f3n y Educaci\u00f3n de la UNSA esta enfocada en fortalecer las competencias tecnolog\u00edcas de cualquier profesional y ofrece una formaci\u00f3n avanzada en tecnolog\u00edas de la informaci\u00f3n, orientada al desarrollo de competencias en \u00e1reas como desarrollo de software, inteligencia artificial, redes y\u00a0 gesti\u00f3n tecnolog\u00edca. Est\u00e1 dirigida a profesionales de diversas disciplinas que desean actualizarse y profundizar sus conocimientos en inform\u00e1tica, sin importar su \u00e1rea de formaci\u00f3n inicial. A trav\u00e9s de un enfoque que combina teor\u00eda y pr\u00e1ctica, el programa prepara a los estudiantes para enfrentar los retos tecnol\u00f3gicos de la era digital, brind\u00e1ndoles herramientas para dise\u00f1ar soluciones innovadoras y liderar\u00a0 proyectos de y artificial, redes y gesti\u00f3n de impacto en entornos acad\u00e9micos, industriales empresariales.<\/p>\n<p>&nbsp;<\/p>\n<p><strong>POTENCIA TU PERFIL PROFESIONAL<\/strong><\/p>\n<p>Al estudiar esta maestr\u00eda, desarrollar\u00e1s habilidades t\u00e9cnicas y estrat\u00e9gicas en inform\u00e1tica que te permitir\u00e1n liderar proyectos tecnol\u00f3gicos en un entorno competitivo.<br \/>\nAdquirir\u00e1s competencias en desarrollo de software, redes, inteligencia artificial y multimedia, lo que te preparar\u00e1 para enfrentar desaf\u00edos complejos, innovar con soluciones reales y destacar como profesional en la industria tecnol\u00f3gica.<\/p>\n<p>&nbsp;<\/p>\n<p><strong>PLANA DOCENTE EXPERTA EN EL SECTOR<\/strong><\/p>\n<p>La maestr\u00eda est\u00e1 dirigida por docentes con amplia experiencia en el sector tecnol\u00f3gico y acad\u00e9mico.<br \/>\nSon especialistas en \u00e1reas como desarrollo de software, inteligencia artificial, redes y multimedia, lo que garantiza una formaci\u00f3n actualizada, pr\u00e1ctica y alineada con las exigencias del mercado laboral.<\/p>\n<p>&nbsp;<\/p>\n<p><strong>ESTRUCTURA CURRICULAR<\/strong><\/p>\n<p>La maestr\u00eda ofrece una formaci\u00f3n s\u00f3lida y actualizada en las \u00e1reas clave de la inform\u00e1tica, combinando teor\u00eda y pr\u00e1ctica.<br \/>\nSu estructura flexible permite a los estudiantes desarrollar competencias avanzadas en tecnolog\u00eda, prepar\u00e1ndolos para enfrentar desaf\u00edos complejos y liderar proyectos innovadores en diversos sectores.<\/p>\n<p>&nbsp;<\/p>\n<p><strong>INFORMACI\u00d3N ESENCIAL DE LA MAESTR\u00cdA<\/strong><\/p>\n<ul>\n<li><strong>GRADO OTORGADO<\/strong>: Maestro(a) en Ciencias: Inform\u00e1tica, con menci\u00f3n en Tecnolog\u00edas de la Informaci\u00f3n y Comunicaci\u00f3n en Gesti\u00f3n y Educaci\u00f3n.<\/li>\n<li><strong>Requisito para postular en la Maestria<\/strong>: Tener el grado de bachiller en cualquier especialidad, inscrito en SUNEDU.<\/li>\n<li><strong>MODALIDAD<\/strong>: Presencial y a distancia.<\/li>\n<li><strong>Duraci\u00f3n<\/strong>: 2 A\u00d1OS.<\/li>\n<li><strong>Costo<\/strong>:\n<ul>\n<li><strong>Inscripci\u00f3n<\/strong>: S\/ 300<\/li>\n<li><strong>Matr\u00edcula anual<\/strong>: S\/ 350<\/li>\n<li><strong>Mensualidad<\/strong>: S\/ 420<\/li>\n<\/ul>\n<\/li>\n<\/ul>\n<p>&nbsp;<\/p>\n<p><strong>CONOCE LOS CURSOS DE LA MALLA CURRICULAR<\/strong><\/p>\n<p><strong>I Semestre:<\/strong><\/p>\n<ul>\n<li>Sociedad de la informaci\u00f3n<\/li>\n<li>Multimedia<\/li>\n<li>Herramientas para el trabajo colaborativo<\/li>\n<li>Redes y conectividad<\/li>\n<\/ul>\n<p><strong>II Semestre:<\/strong><\/p>\n<ul>\n<li>E- Pedagog\u00eda<\/li>\n<li>An\u00e1lisis y Dise\u00f1o de software<\/li>\n<li>Creaci\u00f3n de contenidos, Mobile Learning y Gamificaci\u00f3n en el Aula<\/li>\n<li>Metodolog\u00eda de la investigaci\u00f3n<\/li>\n<\/ul>\n<p><strong>III Semestre:<\/strong><\/p>\n<ul>\n<li>Neurociencias Cognoscitivas en Inform\u00e1tica<\/li>\n<li>T\u00f3picos de Investigaci\u00f3n I<\/li>\n<li>Seminario de tesis I<\/li>\n<\/ul>\n<p><strong>IV Semestre:<\/strong><\/p>\n<ul>\n<li>Ambientes Educativos Virtuales<\/li>\n<li>T\u00f3picos de Investigaci\u00f3n II<\/li>\n<li>Seminario de tesis II<\/li>\n<\/ul>\n<p><strong>PROCESO DE ADMISI\u00d3N POSGRADO 2026<\/strong><\/p>\n<p><strong>Informes: 952235816<\/strong><br \/>\n<strong>Facebook: @Maestr\u00edaenCienciasInform\u00e1tica<\/strong><br \/>\n<strong>Correo electr\u00f3nico: maestria.informatica@unsa.edu.pe<\/strong><\/p>\n<p>[<a href=\"https:\/\/fips.unsa.edu.pe\/ingenieriadesistemas\/wp-content\/uploads\/sites\/2\/2026\/05\/PLAN-DE-ESTUDIOS-MAESTRIA-2026.pdf\" target=\"_blank\" rel=\"noopener\">Ver Brouchure<\/a>]<\/p>\n<p>\ud83c\udf93 Maestr\u00eda en Ciencias: Inform\u00e1tica, con menci\u00f3n en Tecnolog\u00edas de la Informaci\u00f3n y Comunicaci\u00f3n en Gesti\u00f3n y Educaci\u00f3n.<\/p>\n<p>\ud83d\udcbb \u00a1Tecnolog\u00eda, educaci\u00f3n y gesti\u00f3n en una sola maestr\u00eda para transformar tu futuro profesional!<\/p>\n<p>\ud83d\udcdd INSCRIPCIONES:<br \/>\nDel 13 de abril al 23 de mayo<br \/>\n\ud83d\udc47 INSCR\u00cdBETE AQU\u00cd<br \/>\n\ud83d\udd17 https:\/\/apps.unsa.edu.pe\/sisadmision-posgrado\/public\/<\/p>\n<p>\ud83d\uddd3\ufe0f EXAMEN DE ADMISI\u00d3N:<br \/>\n31 de mayo<\/p>\n<p>\ud83c\udf93 MODALIDADES:<br \/>\n\u2022 Presencial<br \/>\n\u2022 A distancia<\/p>\n<p>\ud83d\udcac INFORMES Y CONSULTAS:<br \/>\n\ud83d\udcf2 https:\/\/wa.link\/tcr2l3<br \/>\n\ud83d\udcd8 Facebook: Maestr\u00eda en Ciencias Inform\u00e1tica<br \/>\n\ud83d\udce9 Correo: maestria.informatica@unsa.edu.pe<br \/>\n\ud83c\udf10 posgrado.unsa.edu.pe<\/p>\n","protected":false},"excerpt":{"rendered":"<p>PRESENTACI\u00d3N La Maestr\u00eda en Ciencias: Inform\u00e1tica, con menci\u00f3n en Tecnolog\u00edas de la Informaci\u00f3n y Comunicaci\u00f3n en Gesti\u00f3n y Educaci\u00f3n de la UNSA esta enfocada en fortalecer las competencias tecnolog\u00edcas de cualquier profesional y ofrece una formaci\u00f3n avanzada en tecnolog\u00edas de la informaci\u00f3n, orientada al desarrollo de competencias en \u00e1reas como desarrollo de software, inteligencia artificial, [&hellip;]<\/p>\n","protected":false},"author":21,"featured_media":0,"parent":0,"menu_order":0,"comment_status":"closed","ping_status":"closed","template":"","meta":{"footnotes":""},"class_list":["post-2496","page","type-page","status-publish","hentry"],"_links":{"self":[{"href":"https:\/\/fips.unsa.edu.pe\/ingenieriadesistemas\/wp-json\/wp\/v2\/pages\/2496","targetHints":{"allow":["GET"]}}],"collection":[{"href":"https:\/\/fips.unsa.edu.pe\/ingenieriadesistemas\/wp-json\/wp\/v2\/pages"}],"about":[{"href":"https:\/\/fips.unsa.edu.pe\/ingenieriadesistemas\/wp-json\/wp\/v2\/types\/page"}],"author":[{"embeddable":true,"href":"https:\/\/fips.unsa.edu.pe\/ingenieriadesistemas\/wp-json\/wp\/v2\/users\/21"}],"replies":[{"embeddable":true,"href":"https:\/\/fips.unsa.edu.pe\/ingenieriadesistemas\/wp-json\/wp\/v2\/comments?post=2496"}],"version-history":[{"count":4,"href":"https:\/\/fips.unsa.edu.pe\/ingenieriadesistemas\/wp-json\/wp\/v2\/pages\/2496\/revisions"}],"predecessor-version":[{"id":2516,"href":"https:\/\/fips.unsa.edu.pe\/ingenieriadesistemas\/wp-json\/wp\/v2\/pages\/2496\/revisions\/2516"}],"wp:attachment":[{"href":"https:\/\/fips.unsa.edu.pe\/ingenieriadesistemas\/wp-json\/wp\/v2\/media?parent=2496"}],"curies":[{"name":"wp","href":"https:\/\/api.w.org\/{rel}","templated":true}]}}