{"id":2469,"date":"2026-04-04T10:40:30","date_gmt":"2026-04-04T15:40:30","guid":{"rendered":"https:\/\/fips.unsa.edu.pe\/ingenieriadesistemas\/?page_id=2469"},"modified":"2026-04-04T11:16:13","modified_gmt":"2026-04-04T16:16:13","slug":"doctorado-en-sistemas-de-informacion-e-informatica","status":"publish","type":"page","link":"https:\/\/fips.unsa.edu.pe\/ingenieriadesistemas\/doctorado-en-sistemas-de-informacion-e-informatica\/","title":{"rendered":"Doctorado en Sistemas de Informaci\u00f3n e Inform\u00e1tica"},"content":{"rendered":"<p><strong>Objetivo<\/strong><\/p>\n<p>Formar investigadores y especialistas de alto nivel en Sistemas de Informaci\u00f3n capaces de generar conocimiento original con bases te\u00f3ricas y rigor cient\u00edfico, con un enfoque human\u00edstico que contribuyan a la comprensi\u00f3n, difusi\u00f3n y producci\u00f3n de conocimiento en tecnolog\u00edas de la informaci\u00f3n.<\/p>\n<hr \/>\n<p><strong>Perfil del postulante<\/strong><\/p>\n<p>El Programa de Doctorado en Sistemas de Informaci\u00f3n e Inform\u00e1tica est\u00e1 dirigido a personas con grado de maestro en el \u00e1rea de Ingenier\u00eda de Sistemas e Inform\u00e1tica, Tecnolog\u00edas de la Informaci\u00f3n, Administraci\u00f3n, Educaci\u00f3n y \u00e1reas afines que demuestren un alto sentido de compromiso \u00e9tico en su conducta personal y profesional, demostrando habilidades en el trabajo de investigaci\u00f3n y aplicando soluciones innovadoras en el campo de los sistemas de informaci\u00f3n.<br \/>\nEl perfil del postulante est\u00e1 compuesto por competencias y habilidades espec\u00edficas deseables:<\/p>\n<ol>\n<li>S\u00f3lidas habilidades anal\u00edticas y de resoluci\u00f3n de problemas complejos.<\/li>\n<li>Conocimiento avanzado de principios y t\u00e9cnicas de programaci\u00f3n.<\/li>\n<li>Experiencia en dise\u00f1o, desarrollo e implementaci\u00f3n de sistemas de informaci\u00f3n.<\/li>\n<li>Familiaridad con diversas metodolog\u00edas de investigaci\u00f3n cient\u00edfica.<\/li>\n<li>Capacidad para la gesti\u00f3n y el an\u00e1lisis de grandes vol\u00famenes de datos.<\/li>\n<li>Experiencia pr\u00e1ctica con software y herramientas especializadas del \u00e1rea.<\/li>\n<li>Habilidad para comunicar ideas t\u00e9cnicas de manera clara y efectiva.<\/li>\n<li>Comprensi\u00f3n de los aspectos \u00e9ticos y de seguridad en la inform\u00e1tica.<\/li>\n<\/ol>\n<p>Las habilidades y atributos para ser candidato al programa de doctorado ser\u00e1n evaluados a trav\u00e9s de: un examen de admisi\u00f3n del postulante, una entrevista, la presentaci\u00f3n del Curr\u00edculum Vitae Profesional y la propuesta de un proyecto de investigaci\u00f3n.<\/p>\n<hr \/>\n<p><strong>Modalidades de estudio<\/strong><\/p>\n<p>La modalidad de estudios establecida es presencial\/a distancia y para ello se dise\u00f1\u00f3 un plan de estudios que garantice el cumplimiento de las Condiciones B\u00e1sicas de Calidad (CBC), incorporando en la sumilla del curso contenidos de enfoque \u201cinternacional\u201d.<\/p>\n<p><strong>Presencial<\/strong><\/p>\n<p>Las clases se desarrollan en un 80% presencial y en un 20% de cr\u00e9ditos virtuales m\u00e1ximo.<br \/>\nLa presencialidad permite la interacci\u00f3n entre profesionales y consultas avanzadas a los docentes que imparten los cursos profesionales en el doctorado.<br \/>\nEl programa se basa en el aprendizaje orientado a la investigaci\u00f3n, promoviendo el desarrollo temprano de proyectos originales, el an\u00e1lisis cr\u00edtico de literatura cient\u00edfica y la producci\u00f3n progresiva de art\u00edculos acad\u00e9micos, fortaleciendo las competencias investigativas de alto nivel.<\/p>\n<p><strong>A distancia<\/strong><\/p>\n<p>Las clases se desarrollan 100% virtualmente.<br \/>\nDirigido a profesionales que se encuentran laborando en lugares distantes y deseen contar con el doctorado. La educaci\u00f3n a distancia se convierte en una facilidad para su especializaci\u00f3n profesional.<br \/>\nEl programa se fundamenta en el aprendizaje basado en investigaci\u00f3n en entornos virtuales, promoviendo el desarrollo progresivo de proyectos de investigaci\u00f3n originales mediante el uso de plataformas acad\u00e9micas digitales, repositorios cient\u00edficos y bases de datos especializadas, fortaleciendo las competencias investigativas desde los primeros ciclos.<\/p>\n<hr \/>\n<p><strong>Plan de Estudio<\/strong><\/p>\n<p><strong>Primer semestre<\/strong><\/p>\n<ul>\n<li>Epistemolog\u00eda de la Ciencia (4 Cred.)<\/li>\n<li>Gesti\u00f3n del Conocimiento en las Organizaciones (4 Cred.)<\/li>\n<li>Requisitos de Sistemas de Informaci\u00f3n (4 Cred.)<\/li>\n<li>T\u00f3picos Avanzados de Interacci\u00f3n Humano-Computador (4 Cred.)<\/li>\n<\/ul>\n<p><strong>Segundo semestre<\/strong><\/p>\n<ul>\n<li>T\u00f3picos en Gobierno de las Tecnolog\u00edas de la Informaci\u00f3n y las Comunicaciones (4 Cr\u00e9d.)<\/li>\n<li>Sistemas de Informaci\u00f3n e Inteligencia Artificial (4 Cred.)<\/li>\n<li>Sistemas de Informaci\u00f3n e Ingenier\u00eda de Software (4 Cred.)<\/li>\n<li>Estad\u00edstica Avanzada para la Investigaci\u00f3n (4 Cred.)<\/li>\n<\/ul>\n<p><strong>Tercer semestre<\/strong><\/p>\n<ul>\n<li>T\u00f3picos avanzados de Sistemas de Almacenamiento de Datos (4 Cred.)<\/li>\n<li>Evaluaci\u00f3n y Mejora del Proceso de Software (4 Cred.)<\/li>\n<li>Seminario de Investigaci\u00f3nI (4 Cred.)<\/li>\n<\/ul>\n<p><strong>Cuarto semestre<\/strong><\/p>\n<ul>\n<li>Anal\u00edtica e Inteligencia Empresarial (4 Cred.)<\/li>\n<li>Seminario de Investigaci\u00f3n II (4 Cred.)<\/li>\n<li>Investigaci\u00f3n Doctoral I (4 Cred.)<\/li>\n<\/ul>\n<p><strong>Quinto semestre<\/strong><\/p>\n<ul>\n<li>Gesti\u00f3n de la Seguridad de Informaci\u00f3n (4 Cred.)<\/li>\n<li>Investigaci\u00f3n Doctoral II (8 Cred.)<\/li>\n<\/ul>\n<p><strong>Sexto semestre<\/strong><\/p>\n<ul>\n<li>Arquitectura Empresarial y Transformaci\u00f3n Digital (4 Cred.)<\/li>\n<li>Investigaci\u00f3n Doctoral III (12 Cred.)<\/li>\n<\/ul>\n<hr \/>\n<p><strong>Perfil profesional<\/strong><\/p>\n<p>Los egresados del Doctorado en Sistemas de Informaci\u00f3n e Inform\u00e1tica se destacan por:<\/p>\n<p><strong>Capacidades<\/strong><br \/>\nGenerar y proyectar conocimiento original en el campo de las tecnolog\u00edas de la informaci\u00f3n, generando contribuciones en campos del desarrollo de software, la programaci\u00f3n de software y otras \u00e1reas profesionales altamente demandadas.<\/p>\n<p><strong>Formaci\u00f3n<\/strong><br \/>\nSu formaci\u00f3n les permite crear y participar activamente en grupos de investigaci\u00f3n, facilitando el establecimiento de redes a nivel nacional e internacional.<\/p>\n<p><strong>Actitudes<\/strong><br \/>\nLos egresados se caracterizan por su apertura a las nuevas tendencias del conocimiento en el campo de estudio de las arquitecturas de los sistemas de tecnolog\u00eda de informaci\u00f3n.<br \/>\nMantienen una actitud de servicio, respeto, calidad y lealtad corporativa en su desempe\u00f1o profesional.<\/p>\n<p><strong>Compromiso social y \u00e9tico<\/strong><br \/>\nSon proactivos en el alcance de sus objetivos, con un compromiso \u00e9tico y de responsabilidad social hacia su pa\u00eds y su comunidad. Est\u00e1n abiertos a la cr\u00edtica constructiva y muestran disposici\u00f3n al cambio, as\u00ed como su compromiso con la excelencia acad\u00e9mica.<\/p>\n<hr \/>\n<p><strong>Capacidades<\/strong><\/p>\n<ul>\n<li>CB2: Promueve el aprendizaje aut\u00f3nomo continuo para mantenerse actualizado en tecnolog\u00eda.<\/li>\n<li>CB3: Resuelve problemas complejos en sistemas inform\u00e1ticos mediante soluciones sostenibles.<\/li>\n<li>CB4: Analiza cr\u00edticamente teor\u00edas e investigaciones para tomar decisiones fundamentadas.<\/li>\n<li>CB5: Genera ideas innovadoras que contribuyen al desarrollo tecnol\u00f3gico.<\/li>\n<li>CB6: Lidera proyectos interdisciplinarios con impacto en la transformaci\u00f3n digital.<\/li>\n<li>CB7: Utiliza y optimiza tecnolog\u00edas avanzadas en entornos exigentes.<\/li>\n<li>CB8: Dise\u00f1a y programa soluciones tecnol\u00f3gicas para problemas complejos.<\/li>\n<li>CB9: Se adapta con resiliencia a cambios y presi\u00f3n en contextos din\u00e1micos.<\/li>\n<li>CB10: Integra pensamiento l\u00f3gico y creativo para resolver problemas e innovar.<\/li>\n<\/ul>\n<hr \/>\n<p><strong>Modalidad de Titulaci\u00f3n<\/strong><\/p>\n<p><strong>TESIS DOCTORAL<\/strong><\/p>\n<p>La defensa de la tesis doctoral deber\u00e1 realizarse ante un jurado en las instalaciones de la UNSA.<\/p>\n<p><strong>PUBLICACI\u00d3N DE ART\u00cdCULOS CIENT\u00cdFICOS<\/strong><\/p>\n<p>Publicaci\u00f3n en revistas arbitradas e indexadas, nacionales o internacionales, durante o despu\u00e9s de la fecha de conclusi\u00f3n del plan de estudios.<\/p>\n<hr \/>\n<p><strong>L\u00cdneas de investigaci\u00f3n<\/strong><\/p>\n<ul>\n<li>SISTEMAS DE INFORMACI\u00d3N.<\/li>\n<li>INFORM\u00c1TICA Y COMPUTACI\u00d3N APLICADA.<\/li>\n<li>COMPUTACI\u00d3N GR\u00c1FICA Y PROCESAMIENTO DE IM\u00c1GENES.<\/li>\n<li>INGENIER\u00cdA DE SOFTWARE.<\/li>\n<li>CIENCIA Y BASE DE DATOS.<\/li>\n<li>SEGURIDAD DE LA INFORMACI\u00d3N.<\/li>\n<\/ul>\n<hr \/>\n<p><strong>Docentes<\/strong><\/p>\n<p><strong>Nacionales:<\/strong><\/p>\n<ul>\n<li>Dr. V\u00edctor Manuel Cornejo Aparicio.<\/li>\n<li>Dra. Karim Guevara Puente de la Vega.<\/li>\n<li>Dra. Lucy \u00c1ngela Delgado Barra.<\/li>\n<li>Dra. Norka Noral\u00ed Bedregal Alpaca.<\/li>\n<li>Dra. Ana Mar\u00eda Cuadros Valdivia.<\/li>\n<li>Dr. Percy Oscar Huertas Niqu\u00e9n.<\/li>\n<li>Dr. C\u00e9sar Basilio Baluarte Araya.<\/li>\n<li>Dr. Yasiel P\u00e9rez Vera.<\/li>\n<li>Dra. Eveling Gloria Castro Guti\u00e9rrez.<\/li>\n<li>Dr. Edwar Abril Saire Peralta<\/li>\n<\/ul>\n<p><strong>Internacionales<\/strong>:<\/p>\n<ul>\n<li>Dr. Santiago Matalonga Mota.<\/li>\n<li>Dra. Yordany Llovera L\u00f3pez.<\/li>\n<li>Dra. Ingrid Durley Torres Pardo.<\/li>\n<li>Dr. Julio Ariel Hurtado Alegr\u00eda.<\/li>\n<li>Dr. Cristian Lorenzo Vidal Silva.<\/li>\n<li>Dr. C\u00e9sar Alberto Collazos Ordo\u00f1ez.<\/li>\n<li>Dr. V\u00edctor Eduardo Mart\u00ednez Abaunza.<\/li>\n<\/ul>\n<hr \/>\n<p><strong>Informes e Inscripciones<\/strong><\/p>\n<p><strong>ESCUELA DE POSGRADO DE LA UNIVERSIDAD NACIONAL DE SAN\u00a0 AGUST\u00cdN DE AREQUIPA<\/strong><\/p>\n<ul>\n<li>Calle San Agust\u00edn 108 \u2013 Cercado Arequipa Av. Venezuela s\/n. Pabell\u00f3n 33 segundo piso. Escuela Profesional de Ingenier\u00eda de Sistemas.<\/li>\n<li>Celular\/ WhatsApp: <strong>935530065<\/strong><\/li>\n<\/ul>\n<p><strong>PARA M\u00c1S INFORMACI\u00d3N:<\/strong><\/p>\n<ul>\n<li><a href=\"mailto:doctorado.siei@unsa.edu.pe\">doctorado.siei@unsa.edu.pe<\/a><\/li>\n<li><a href=\"http:\/\/posgrado.unsa.edu.pe\/\">http:\/\/posgrado.unsa.edu.pe\/<\/a><\/li>\n<li><a href=\"https:\/\/facebook.com\/unsa.sistemas\/\">https:\/\/facebook.com\/unsa.sistemas\/<\/a><\/li>\n<li><a href=\"https:\/\/facebook.com\/unsa.posgrado\/\">https:\/\/facebook.com\/unsa.posgrado\/<\/a><\/li>\n<\/ul>\n<h1>[<span style=\"color: #800000\"><a style=\"color: #800000\" href=\"https:\/\/fips.unsa.edu.pe\/ingenieriadesistemas\/wp-content\/uploads\/sites\/2\/2026\/04\/Brouchure-Doctorado-SIEI.pdf\" target=\"_blank\" rel=\"noopener\"><strong>Ver folleto<\/strong><\/a><\/span>]<\/h1>\n<table style=\"height: 1185px\" width=\"917\" cellspacing=\"0\" cellpadding=\"7\">\n<tbody>\n<tr valign=\"top\">\n<td style=\"border: 1px solid #000000;padding: 0cm 0.19cm\" width=\"107\">\n<p align=\"left\"><span style=\"font-family: Aptos, serif\"><span style=\"font-size: medium\"><span lang=\"es-ES\">Nombre<\/span><\/span><\/span><\/p>\n<\/td>\n<td style=\"border: 1px solid #000000;padding: 0cm 0.19cm\" width=\"467\">\n<p align=\"left\"><span style=\"font-family: Aptos, serif\"><span style=\"font-size: medium\"><span lang=\"es-ES\">Doctorado en Sistemas de Informaci\u00f3n e Inform\u00e1tica<\/span><\/span><\/span><\/p>\n<\/td>\n<\/tr>\n<tr valign=\"top\">\n<td style=\"border: 1px solid #000000;padding: 0cm 0.19cm\" width=\"107\">\n<p align=\"left\"><span style=\"font-family: Aptos, serif\"><span style=\"font-size: medium\"><span lang=\"es-ES\">Objetivo<\/span><\/span><\/span><\/p>\n<\/td>\n<td style=\"border: 1px solid #000000;padding: 0cm 0.19cm\" width=\"467\">\n<p align=\"left\"><span style=\"font-family: Aptos, serif\"><span style=\"font-size: medium\"><span lang=\"es-ES\">Formar investigadores y especialistas de alto nivel en Sistemas de Informaci\u00f3n capaces de generar conocimiento original con bases te\u00f3ricas y rigor cient\u00edfico con un enfoque human\u00edstico, que contribuyan a la comprensi\u00f3n, difusi\u00f3n y producci\u00f3n de conocimiento en tecnolog\u00edas de la informaci\u00f3n.<\/span><\/span><\/span><\/p>\n<\/td>\n<\/tr>\n<tr valign=\"top\">\n<td style=\"border: 1px solid #000000;padding: 0cm 0.19cm\" width=\"107\">\n<p align=\"left\"><span style=\"font-family: Aptos, serif\"><span style=\"font-size: medium\"><span lang=\"es-ES\">Costos<\/span><\/span><\/span><\/p>\n<\/td>\n<td style=\"border: 1px solid #000000;padding: 0cm 0.19cm\" width=\"467\">\n<p style=\"margin-bottom: 0cm\" align=\"left\"><span style=\"font-family: Aptos, serif\"><span style=\"font-size: medium\"><span lang=\"es-ES\">Admisi\u00f3n:<br \/>\nS\/ 300.00<\/span><\/span><\/span><\/p>\n<p style=\"margin-bottom: 0cm\" align=\"left\"><span style=\"font-family: Aptos, serif\"><span style=\"font-size: medium\"><span lang=\"es-ES\">Matr\u00edcula:<br \/>\nS\/. 550.00<\/span><\/span><\/span><\/p>\n<p style=\"margin-bottom: 0cm\" align=\"left\"><span style=\"font-family: Aptos, serif\"><span style=\"font-size: medium\"><span lang=\"es-ES\">Pensi\u00f3n:<br \/>\nS\/. 3400.00 por ciclo (cuatro cuotas de S\/ 850.00)<\/span><\/span><\/span><\/p>\n<p align=\"left\"><span style=\"font-family: Aptos, serif\"><span style=\"font-size: medium\"><span lang=\"es-ES\">Inversi\u00f3n<br \/>\nTotal: S\/. 20,400.00<\/span><\/span><\/span><\/p>\n<\/td>\n<\/tr>\n<tr valign=\"top\">\n<td style=\"border: 1px solid #000000;padding: 0cm 0.19cm\" width=\"107\">\n<p align=\"left\"><span style=\"font-family: Aptos, serif\"><span style=\"font-size: medium\"><span lang=\"es-ES\">Duraci\u00f3n<\/span><\/span><\/span><\/p>\n<\/td>\n<td style=\"border: 1px solid #000000;padding: 0cm 0.19cm\" width=\"467\">\n<p align=\"left\"><span style=\"font-family: Aptos, serif\"><span style=\"font-size: medium\"><span lang=\"es-ES\">3 a\u00f1os (6 semestres)<\/span><\/span><\/span><\/p>\n<\/td>\n<\/tr>\n<tr valign=\"top\">\n<td style=\"border: 1px solid #000000;padding: 0cm 0.19cm\" width=\"107\">\n<p align=\"left\"><span style=\"font-family: Aptos, serif\"><span style=\"font-size: medium\"><span lang=\"es-ES\">Modalidad<\/span><\/span><\/span><\/p>\n<\/td>\n<td style=\"border: 1px solid #000000;padding: 0cm 0.19cm\" width=\"467\">\n<p align=\"left\"><span style=\"font-family: Aptos, serif\"><span style=\"font-size: medium\"><span lang=\"es-ES\">Presencial (80% presencial \u2013 20% virtual) \/ A distancia (100% virtual)<\/span><\/span><\/span><\/p>\n<\/td>\n<\/tr>\n<tr valign=\"top\">\n<td style=\"border: 1px solid #000000;padding: 0cm 0.19cm\" width=\"107\">\n<p align=\"left\"><span style=\"font-family: Aptos, serif\"><span style=\"font-size: medium\"><span lang=\"es-ES\">Local<\/span><\/span><\/span><\/p>\n<\/td>\n<td style=\"border: 1px solid #000000;padding: 0cm 0.19cm\" width=\"467\">\n<p align=\"left\"><span style=\"font-family: Aptos, serif\"><span style=\"font-size: medium\"><span lang=\"es-ES\">Escuela Profesional de Ingenier\u00eda de Sistemas<\/span><\/span><\/span><\/p>\n<\/td>\n<\/tr>\n<tr valign=\"top\">\n<td style=\"border: 1px solid #000000;padding: 0cm 0.19cm\" width=\"107\">\n<p align=\"left\"><span style=\"font-family: Aptos, serif\"><span style=\"font-size: medium\"><span lang=\"es-ES\">Informes<\/span><\/span><\/span><\/p>\n<\/td>\n<td style=\"border: 1px solid #000000;padding: 0cm 0.19cm\" width=\"467\">\n<p align=\"left\"><span style=\"font-family: Aptos, serif\"><span style=\"font-size: medium\"><span lang=\"es-ES\">doctorado.siei@unsa.edu.pe<\/span><\/span><\/span><\/p>\n<\/td>\n<\/tr>\n<tr valign=\"top\">\n<td style=\"border: 1px solid #000000;padding: 0cm 0.19cm\" width=\"107\">\n<p align=\"left\"><span style=\"font-family: Aptos, serif\"><span style=\"font-size: medium\">Horario de dictado de clases <\/span><\/span><\/p>\n<\/td>\n<td style=\"border: 1px solid #000000;padding: 0cm 0.19cm\" width=\"467\">\n<p style=\"margin-bottom: 0cm\" align=\"left\"><span style=\"font-family: Aptos, serif\"><span style=\"font-size: medium\">S\u00e1bado de 8:00 a 12:00, 14:00 a 18:00 horas<\/span><\/span><\/p>\n<p align=\"left\"><span style=\"font-family: Aptos, serif\"><span style=\"font-size: medium\">Domingo de 8:00 a 12:00 horas<\/span><\/span><\/p>\n<\/td>\n<\/tr>\n<tr valign=\"top\">\n<td style=\"border: 1px solid #000000;padding: 0cm 0.19cm\" width=\"107\">\n<p align=\"left\"><span style=\"font-family: Aptos, serif\"><span style=\"font-size: medium\"><span lang=\"es-ES\">Docentes<\/span><\/span><\/span><\/p>\n<\/td>\n<td style=\"border: 1px solid #000000;padding: 0cm 0.19cm\" width=\"467\">\n<p align=\"left\"><span style=\"font-family: Aptos, serif\"><span style=\"font-size: medium\"><span lang=\"es-ES\">Nacionales e Internacionales<\/span><\/span><\/span><\/p>\n<\/td>\n<\/tr>\n<tr valign=\"top\">\n<td style=\"border: 1px solid #000000;padding: 0cm 0.19cm\" width=\"107\">\n<p align=\"left\"><span style=\"font-family: Aptos, serif\"><span style=\"font-size: medium\"><span lang=\"es-ES\">Inscripciones<\/span><\/span><\/span><\/p>\n<\/td>\n<td style=\"border: 1px solid #000000;padding: 0cm 0.19cm\" width=\"467\">\n<p align=\"left\"><span style=\"font-family: Aptos, serif\"><span style=\"font-size: medium\"><span lang=\"es-ES\">Del 13 de abril al 23 de mayo<\/span><\/span><\/span><\/p>\n<\/td>\n<\/tr>\n<tr valign=\"top\">\n<td style=\"border: 1px solid #000000;padding: 0cm 0.19cm\" width=\"107\">\n<p align=\"left\"><span style=\"font-family: Aptos, serif\"><span style=\"font-size: medium\"><span lang=\"es-ES\">Examen de admisi\u00f3n<\/span><\/span><\/span><\/p>\n<\/td>\n<td style=\"border: 1px solid #000000;padding: 0cm 0.19cm\" width=\"467\">\n<p align=\"left\"><span style=\"font-family: Aptos, serif\"><span style=\"font-size: medium\"><span lang=\"es-ES\">31 de mayo<\/span><\/span><\/span><\/p>\n<\/td>\n<\/tr>\n<\/tbody>\n<\/table>\n","protected":false},"excerpt":{"rendered":"<p>Objetivo Formar investigadores y especialistas de alto nivel en Sistemas de Informaci\u00f3n capaces de generar conocimiento original con bases te\u00f3ricas y rigor cient\u00edfico, con un enfoque human\u00edstico que contribuyan a la comprensi\u00f3n, difusi\u00f3n y producci\u00f3n de conocimiento en tecnolog\u00edas de la informaci\u00f3n. Perfil del postulante El Programa de Doctorado en Sistemas de Informaci\u00f3n e Inform\u00e1tica [&hellip;]<\/p>\n","protected":false},"author":21,"featured_media":2476,"parent":0,"menu_order":0,"comment_status":"closed","ping_status":"closed","template":"","meta":{"footnotes":""},"class_list":["post-2469","page","type-page","status-publish","has-post-thumbnail","hentry"],"_links":{"self":[{"href":"https:\/\/fips.unsa.edu.pe\/ingenieriadesistemas\/wp-json\/wp\/v2\/pages\/2469","targetHints":{"allow":["GET"]}}],"collection":[{"href":"https:\/\/fips.unsa.edu.pe\/ingenieriadesistemas\/wp-json\/wp\/v2\/pages"}],"about":[{"href":"https:\/\/fips.unsa.edu.pe\/ingenieriadesistemas\/wp-json\/wp\/v2\/types\/page"}],"author":[{"embeddable":true,"href":"https:\/\/fips.unsa.edu.pe\/ingenieriadesistemas\/wp-json\/wp\/v2\/users\/21"}],"replies":[{"embeddable":true,"href":"https:\/\/fips.unsa.edu.pe\/ingenieriadesistemas\/wp-json\/wp\/v2\/comments?post=2469"}],"version-history":[{"count":9,"href":"https:\/\/fips.unsa.edu.pe\/ingenieriadesistemas\/wp-json\/wp\/v2\/pages\/2469\/revisions"}],"predecessor-version":[{"id":2482,"href":"https:\/\/fips.unsa.edu.pe\/ingenieriadesistemas\/wp-json\/wp\/v2\/pages\/2469\/revisions\/2482"}],"wp:featuredmedia":[{"embeddable":true,"href":"https:\/\/fips.unsa.edu.pe\/ingenieriadesistemas\/wp-json\/wp\/v2\/media\/2476"}],"wp:attachment":[{"href":"https:\/\/fips.unsa.edu.pe\/ingenieriadesistemas\/wp-json\/wp\/v2\/media?parent=2469"}],"curies":[{"name":"wp","href":"https:\/\/api.w.org\/{rel}","templated":true}]}}