{"id":2432,"date":"2025-12-04T14:30:56","date_gmt":"2025-12-04T19:30:56","guid":{"rendered":"https:\/\/fips.unsa.edu.pe\/ingenieriadesistemas\/?page_id=2432"},"modified":"2025-12-04T14:39:52","modified_gmt":"2025-12-04T19:39:52","slug":"feria-de-proyectos-2025","status":"publish","type":"page","link":"https:\/\/fips.unsa.edu.pe\/ingenieriadesistemas\/feria-de-proyectos-2025\/","title":{"rendered":"Feria de Proyectos 2025"},"content":{"rendered":"<p class=\"western\" lang=\"es-ES\" style=\"text-align: center\" align=\"justify\"><span style=\"color: #000000\"><span style=\"font-family: Aptos, sans-serif\"><b>FERIA DE PROYECTOS DE INVESTIGACI\u00d3N 2025<\/b><\/span><\/span><\/p>\n<p class=\"western\" lang=\"es-ES\" align=\"justify\"><span style=\"color: #000000\"><span style=\"font-family: Aptos, sans-serif\">El presente concurso tiene por objetivo <\/span><\/span><span style=\"font-family: Aptos, sans-serif\">fomentar en los estudiantes la investigaci\u00f3n y el desarrollo de proyectos aplicados y realistas, que les permitan poner en pr\u00e1ctica los conocimientos adquiridos durante su formaci\u00f3n, en funci\u00f3n de competencias y capacidades orientadas a la soluci\u00f3n de problemas de ingenier\u00eda bajo condiciones y restricciones reales de funcionamiento. Asimismo, busca fortalecer habilidades blandas como el trabajo en equipo, la comunicaci\u00f3n efectiva, el liderazgo y la organizaci\u00f3n, entre otras. Finalmente, pretende generar evidencia que contribuya a los procesos de mejora continua y al aseguramiento de la calidad educativa.<\/span><\/p>\n<p class=\"western\" lang=\"es-ES\"><span lang=\"es-PE\"><b>Fechas:<\/b><\/span><\/p>\n<p class=\"western\" lang=\"es-ES\"><span style=\"margin: 0px;padding: 0px\"><strong>Inscripciones<\/strong> del 28 de noviembre al 9 de diciembre de 2025.<\/span><\/p>\n<ul>\n<li>\n<p lang=\"es-ES\"><span lang=\"en-US\"><b>Formulario Inscripci\u00f3n:<\/b><\/span><span lang=\"en-US\">\u00a0<\/span><span style=\"color: #467886\"><u><a href=\"https:\/\/forms.gle\/DE5yWid72qtLZ4Xu7\"><span style=\"font-family: Aptos, sans-serif\"><span lang=\"en-US\">https:\/\/forms.gle\/DE5yWid72qtLZ4Xu7<\/span><\/span><\/a><\/u><\/span><\/p>\n<\/li>\n<\/ul>\n<p class=\"western\" lang=\"es-ES\"><span lang=\"es-PE\"><b>Env\u00edo del Art\u00edculo <\/b><\/span><span lang=\"es-PE\">hasta el 09-diciembre del 2025 23:59 hrs<\/span><\/p>\n<p class=\"western\" lang=\"es-ES\"><span lang=\"es-PE\"><b> Formulario para env\u00edo : <\/b><\/span><span style=\"color: #467886\"><u><a href=\"https:\/\/forms.gle\/gpCZZVjqvE7uZ6Ta9\"><span style=\"font-family: Aptos, sans-serif\"><span lang=\"es-PE\">https:\/\/forms.gle\/gpCZZVjqvE7uZ6Ta9<\/span><\/span><\/a><\/u><\/span><\/p>\n<p class=\"western\" lang=\"es-ES\"><span lang=\"es-PE\"><b>Presentaci\u00f3n de proyectos con jurado<\/b><\/span><span lang=\"es-PE\"> el 11 de diciembre de 2025.<\/span><\/p>\n<p class=\"western\" lang=\"es-ES\"><span lang=\"es-PE\"><b>Plantilla IEEE:<\/b><\/span><span lang=\"es-PE\">\u00a0<\/span><span style=\"color: #467886\"><u><a href=\"https:\/\/www.ieee.org\/conferences\/publishing\/templates.html\" target=\"_blank\" rel=\"noopener\"><span lang=\"es-PE\">https:\/\/www.ieee.org\/conferences\/publishing\/templates.html<\/span><\/a><\/u><\/span><\/p>\n<p class=\"western\" lang=\"es-ES\"><span lang=\"es-PE\"><b>Archivos adjuntos:<\/b><\/span><\/p>\n<ul>\n<li>\n<p class=\"western\" lang=\"es-ES\"><span style=\"color: #467886\"><u><a href=\"https:\/\/drive.google.com\/file\/d\/1j2G9XRAtyqOJOwHrl4QgsIWjWY8ePcdw\/view?usp=drive_link\" target=\"_blank\" rel=\"noopener\"><span lang=\"es-PE\">Bases-Feria-de-Proyectos-2025.<\/span><\/a><\/u><\/span><\/p>\n<\/li>\n<li>\n<p class=\"western\" lang=\"es-ES\"><span style=\"color: #467886\"><u><a href=\"https:\/\/docs.google.com\/presentation\/d\/1TJ5C8bX63tjXWUBTelVdZMQnroCUH_pI\/edit?usp=drive_link&amp;ouid=108070396113286089118&amp;rtpof=true&amp;sd=true\" target=\"_blank\" rel=\"noopener\"><span lang=\"es-PE\">Plantilla-presentaci\u00f3n-2025.<\/span><\/a><\/u><\/span><\/p>\n<\/li>\n<\/ul>\n<p class=\"western\" lang=\"es-ES\"><a href=\"https:\/\/drive.google.com\/file\/d\/1GPQF6rFEuUCdG7A5iRIGXsRuYRGi4y-m\/view\">Afiche<\/a><\/p>\n<p lang=\"es-ES\"><img loading=\"lazy\" decoding=\"async\" class=\"alignnone size-full\" src=\"https:\/\/lh3.googleusercontent.com\/pw\/AP1GczPKSu952vCeSIY85hlAI16rto19YmFB5RhzjT920xTCDmL0xsuTmwhsCNJmOioysFsIqkBlA0lL1MAZlgl4htXyoglRsi_bFKERZV2nBOtSsJFYMOehHVEtuRCsY6gAep4Bk289cO0ODr4lmBO9OuIL=w650-h919-s-no\" alt=\"Afiche Feria\" width=\"650\" height=\"919\" \/><\/p>\n","protected":false},"excerpt":{"rendered":"<p>FERIA DE PROYECTOS DE INVESTIGACI\u00d3N 2025 El presente concurso tiene por objetivo fomentar en los estudiantes la investigaci\u00f3n y el desarrollo de proyectos aplicados y realistas, que les permitan poner en pr\u00e1ctica los conocimientos adquiridos durante su formaci\u00f3n, en funci\u00f3n de competencias y capacidades orientadas a la soluci\u00f3n de problemas de ingenier\u00eda bajo condiciones y [&hellip;]<\/p>\n","protected":false},"author":21,"featured_media":0,"parent":0,"menu_order":0,"comment_status":"closed","ping_status":"closed","template":"","meta":{"footnotes":""},"class_list":["post-2432","page","type-page","status-publish","hentry"],"_links":{"self":[{"href":"https:\/\/fips.unsa.edu.pe\/ingenieriadesistemas\/wp-json\/wp\/v2\/pages\/2432","targetHints":{"allow":["GET"]}}],"collection":[{"href":"https:\/\/fips.unsa.edu.pe\/ingenieriadesistemas\/wp-json\/wp\/v2\/pages"}],"about":[{"href":"https:\/\/fips.unsa.edu.pe\/ingenieriadesistemas\/wp-json\/wp\/v2\/types\/page"}],"author":[{"embeddable":true,"href":"https:\/\/fips.unsa.edu.pe\/ingenieriadesistemas\/wp-json\/wp\/v2\/users\/21"}],"replies":[{"embeddable":true,"href":"https:\/\/fips.unsa.edu.pe\/ingenieriadesistemas\/wp-json\/wp\/v2\/comments?post=2432"}],"version-history":[{"count":4,"href":"https:\/\/fips.unsa.edu.pe\/ingenieriadesistemas\/wp-json\/wp\/v2\/pages\/2432\/revisions"}],"predecessor-version":[{"id":2437,"href":"https:\/\/fips.unsa.edu.pe\/ingenieriadesistemas\/wp-json\/wp\/v2\/pages\/2432\/revisions\/2437"}],"wp:attachment":[{"href":"https:\/\/fips.unsa.edu.pe\/ingenieriadesistemas\/wp-json\/wp\/v2\/media?parent=2432"}],"curies":[{"name":"wp","href":"https:\/\/api.w.org\/{rel}","templated":true}]}}