{"id":2400,"date":"2024-12-02T15:42:24","date_gmt":"2024-12-02T20:42:24","guid":{"rendered":"https:\/\/fips.unsa.edu.pe\/ingenieriadesistemas\/?page_id=2400"},"modified":"2024-12-02T15:42:24","modified_gmt":"2024-12-02T20:42:24","slug":"ciis-2023","status":"publish","type":"page","link":"https:\/\/fips.unsa.edu.pe\/ingenieriadesistemas\/ciis-2023\/","title":{"rendered":"CIIS 2023"},"content":{"rendered":"<p>&nbsp;<\/p>\n<p><a href=\"https:\/\/sites.google.com\/unsa.edu.pe\/ciis2023\"><img loading=\"lazy\" decoding=\"async\" class=\"aligncenter size-full wp-image-2402\" src=\"https:\/\/fips.unsa.edu.pe\/ingenieriadesistemas\/wp-content\/uploads\/sites\/2\/2024\/12\/LogoCIIS_Black_ConLetra.png\" alt=\"\" width=\"1280\" height=\"272\" srcset=\"https:\/\/fips.unsa.edu.pe\/ingenieriadesistemas\/wp-content\/uploads\/sites\/2\/2024\/12\/LogoCIIS_Black_ConLetra.png 1280w, https:\/\/fips.unsa.edu.pe\/ingenieriadesistemas\/wp-content\/uploads\/sites\/2\/2024\/12\/LogoCIIS_Black_ConLetra-768x163.png 768w\" sizes=\"auto, (max-width: 1280px) 100vw, 1280px\" \/><\/a><\/p>\n<p><strong>Sobre del evento<\/strong><\/p>\n<p>El III Congreso Internacional de Ingenier\u00eda de Sistemas (CIIS 2023) de la Universidad Nacional de San Agust\u00edn de Arequipa es un espacio internacional de reflexi\u00f3n acad\u00e9mica, pr\u00e1ctica e inculcar habilidades blandas; en el cual se abordar\u00e1n temas relacionados a los siguientes ejes tem\u00e1ticos: Tendencias de la Ingenier\u00eda de Software, Ciberseguridad, Ciencia de datos y aplicaciones avanzadas, Inteligencia Artificial y Rob\u00f3tica y Nuevas tecnolog\u00edas emergentes; con foco especial en sus aplicaciones para contribuir con el desarrollo sostenible. En ese sentido, invitamos a investigadores, profesionales y estudiantes a participar del evento este presente a\u00f1o.<\/p>\n<p>&nbsp;<\/p>\n<p><strong>Informaci\u00f3n del participante<\/strong><\/p>\n<p>El CIIS 2023 se realizar\u00e1 con forma virtual (online).<\/p>\n<p>El presente evento es totalmente gratuito, por lo que los participantes deber\u00e1n inscribirse mediante un formulario.<\/p>\n<p>El cierre de inscripciones es el : 12 de diciembre de 2023 (o hasta completar el aforo).<\/p>\n<p>Asistencia virtual: Los participantes inscritos con opci\u00f3n de asistencia virtual emplear\u00e1n las credenciales enviadas a su correo electr\u00f3nico para acceder a la sala virtual de acuerdo a los horarios del programa.<\/p>\n<p>&nbsp;<\/p>\n<p><strong>Pagina web Oficial del Evento<\/strong>: <a href=\"https:\/\/sites.google.com\/unsa.edu.pe\/ciis2023\" target=\"_blank\" rel=\"noopener\">https:\/\/sites.google.com\/unsa.edu.pe\/ciis2023<\/a><\/p>\n","protected":false},"excerpt":{"rendered":"<p>&nbsp; Sobre del evento El III Congreso Internacional de Ingenier\u00eda de Sistemas (CIIS 2023) de la Universidad Nacional de San Agust\u00edn de Arequipa es un espacio internacional de reflexi\u00f3n acad\u00e9mica, pr\u00e1ctica e inculcar habilidades blandas; en el cual se abordar\u00e1n temas relacionados a los siguientes ejes tem\u00e1ticos: Tendencias de la Ingenier\u00eda de Software, Ciberseguridad, Ciencia [&hellip;]<\/p>\n","protected":false},"author":21,"featured_media":0,"parent":0,"menu_order":0,"comment_status":"closed","ping_status":"closed","template":"","meta":{"footnotes":""},"class_list":["post-2400","page","type-page","status-publish","hentry"],"_links":{"self":[{"href":"https:\/\/fips.unsa.edu.pe\/ingenieriadesistemas\/wp-json\/wp\/v2\/pages\/2400","targetHints":{"allow":["GET"]}}],"collection":[{"href":"https:\/\/fips.unsa.edu.pe\/ingenieriadesistemas\/wp-json\/wp\/v2\/pages"}],"about":[{"href":"https:\/\/fips.unsa.edu.pe\/ingenieriadesistemas\/wp-json\/wp\/v2\/types\/page"}],"author":[{"embeddable":true,"href":"https:\/\/fips.unsa.edu.pe\/ingenieriadesistemas\/wp-json\/wp\/v2\/users\/21"}],"replies":[{"embeddable":true,"href":"https:\/\/fips.unsa.edu.pe\/ingenieriadesistemas\/wp-json\/wp\/v2\/comments?post=2400"}],"version-history":[{"count":1,"href":"https:\/\/fips.unsa.edu.pe\/ingenieriadesistemas\/wp-json\/wp\/v2\/pages\/2400\/revisions"}],"predecessor-version":[{"id":2403,"href":"https:\/\/fips.unsa.edu.pe\/ingenieriadesistemas\/wp-json\/wp\/v2\/pages\/2400\/revisions\/2403"}],"wp:attachment":[{"href":"https:\/\/fips.unsa.edu.pe\/ingenieriadesistemas\/wp-json\/wp\/v2\/media?parent=2400"}],"curies":[{"name":"wp","href":"https:\/\/api.w.org\/{rel}","templated":true}]}}