{"id":2391,"date":"2024-12-02T15:26:33","date_gmt":"2024-12-02T20:26:33","guid":{"rendered":"https:\/\/fips.unsa.edu.pe\/ingenieriadesistemas\/?page_id=2391"},"modified":"2024-12-02T15:26:33","modified_gmt":"2024-12-02T20:26:33","slug":"ciepis-2022","status":"publish","type":"page","link":"https:\/\/fips.unsa.edu.pe\/ingenieriadesistemas\/ciepis-2022\/","title":{"rendered":"CIEPIS 2022"},"content":{"rendered":"<p><a href=\"https:\/\/fips.unsa.edu.pe\/ingenieriadesistemas\/wp-content\/uploads\/sites\/2\/2022\/11\/ciepis_logo2_B_white.png\"><img loading=\"lazy\" decoding=\"async\" class=\"alignleft wp-image-2228\" src=\"https:\/\/fips.unsa.edu.pe\/ingenieriadesistemas\/wp-content\/uploads\/sites\/2\/2022\/11\/ciepis_logo2_B_white.png\" alt=\"\" width=\"636\" height=\"231\" srcset=\"https:\/\/fips.unsa.edu.pe\/ingenieriadesistemas\/wp-content\/uploads\/sites\/2\/2022\/11\/ciepis_logo2_B_white.png 810w, https:\/\/fips.unsa.edu.pe\/ingenieriadesistemas\/wp-content\/uploads\/sites\/2\/2022\/11\/ciepis_logo2_B_white-768x279.png 768w\" sizes=\"auto, (max-width: 636px) 100vw, 636px\" \/><\/a><\/p>\n<p>&nbsp;<\/p>\n<p>&nbsp;<\/p>\n<p>&nbsp;<\/p>\n<p>&nbsp;<\/p>\n<p>&nbsp;<\/p>\n<p>&nbsp;<\/p>\n<p>&nbsp;<\/p>\n<p id=\"h.rm569wc0k5e1\"><strong>II Congreso Internacional de la Escuela Profesional de Ingenier\u00eda de Sistemas<\/strong><\/p>\n<p id=\"h.tluw0ewiqs38\"><em>Jueves 15 y viernes 16 de Diciembre del 2022 (Modalidad Virtual)<\/em><\/p>\n<p>P\u00e1gina Oficial <a href=\"https:\/\/sites.google.com\/unsa.edu.pe\/ciepis\/\" target=\"_blank\" rel=\"noopener\">https:\/\/sites.google.com\/unsa.edu.pe\/ciepis\/<\/a><\/p>\n<p><a href=\"https:\/\/forms.gle\/dVV7okzrkGY4aAmE8\" target=\"_blank\" rel=\"noopener\">Inscr\u00edbete aqu\u00ed<\/a><\/p>\n<p><strong>Acerca del Evento<\/strong><br \/>\nLa Escuela Profesional de Ingenier\u00eda de Sistemas de La Universidad Nacional de San Agust\u00edn de Arequipa, organiza el II Congreso Internacional de Ingenier\u00eda de Ingenier\u00eda de Sistemas (CIEPIS) 2022, de modalidad virtual, cuyo principal compromiso es proyectar el avance de conocimientos y la investigaci\u00f3n de soluciones para el desarrollo sostenible en el \u00e1mbito nacional e internacional.<\/p>\n<p><a href=\"https:\/\/fips.unsa.edu.pe\/ingenieriadesistemas\/wp-content\/uploads\/sites\/2\/2022\/12\/PROGRAMA_CIEPIS_2022.pdf\" target=\"_blank\" rel=\"noopener\">PROGRAMA_CIEPIS_2022<\/a><\/p>\n<p dir=\"ltr\"><strong>Concurso de Proyectos<\/strong><\/p>\n<p class=\"CDt4Ke zfr3Q\" dir=\"ltr\">CIEPIS 2022 te invita a participar y contribuir a este evento para la difusi\u00f3n e intercambio de informaci\u00f3n cient\u00edfica actualizada.<\/p>\n<ol>\n<li class=\"CDt4Ke zfr3Q\">La presentaci\u00f3n de sus documentos ser\u00e1 seg\u00fan su categor\u00eda<\/li>\n<\/ol>\n<ul>\n<li style=\"list-style-type: none\">\n<ul>\n<li class=\"CDt4Ke zfr3Q\"><strong>Categor\u00eda B\u00e1sica<\/strong> (1er, 2do y 3er a\u00f1o)\n<ul>\n<li class=\"CDt4Ke zfr3Q\">Poster acompa\u00f1ado de un informe de su proyecto<\/li>\n<li class=\"CDt4Ke zfr3Q\">Diapositivas de la presentaci\u00f3n de su proyecto<\/li>\n<li class=\"CDt4Ke zfr3Q\">Video de la presentaci\u00f3n de su proyecto<\/li>\n<\/ul>\n<\/li>\n<\/ul>\n<\/li>\n<li class=\"CDt4Ke zfr3Q\"><strong>Categor\u00eda Avanzada<\/strong> (4to, y 5to a\u00f1o)\n<ul>\n<li style=\"list-style-type: none\">\n<ul>\n<li class=\"CDt4Ke zfr3Q\">Art\u00edculo con informaci\u00f3n de su proyecto<\/li>\n<li class=\"CDt4Ke zfr3Q\">Diapositivas de la presentaci\u00f3n de su proyecto<\/li>\n<li class=\"CDt4Ke zfr3Q\">Video de la presentaci\u00f3n de su proyecto<\/li>\n<\/ul>\n<\/li>\n<\/ul>\n<\/li>\n<\/ul>\n<ol class=\"n8H08c BKnRcf\" start=\"2\">\n<li class=\"TYR86d zfr3Q\">\n<p class=\"CDt4Ke zfr3Q\" dir=\"ltr\">El v\u00eddeo debe mostrar al inicio los integrantes del proyecto y el tema de la investigaci\u00f3n.<\/p>\n<\/li>\n<li class=\"TYR86d zfr3Q\">\n<p class=\"CDt4Ke zfr3Q\" dir=\"ltr\">El v\u00eddeo de su presentaci\u00f3n deber\u00e1 tener una duraci\u00f3n m\u00e1xima de 10 minutos.<\/p>\n<\/li>\n<li class=\"TYR86d zfr3Q\">\n<p class=\"CDt4Ke zfr3Q\" dir=\"ltr\">Los concursantes deber\u00e1n utilizar todos los formatos indicados en las bases del concurso.<\/p>\n<\/li>\n<li class=\"TYR86d zfr3Q\">\n<p class=\"CDt4Ke zfr3Q\" dir=\"ltr\">La fecha limite para el envi\u00f3 de todos los documentos es el <strong>12 <\/strong><strong>de diciembre<\/strong> de 2022 (hasta 21:00 p.m.)<\/p>\n<\/li>\n<li class=\"TYR86d zfr3Q\">\n<p class=\"CDt4Ke zfr3Q\" dir=\"ltr\">Los alumnos solo podr\u00e1n participar en un proyecto.<\/p>\n<\/li>\n<li class=\"TYR86d zfr3Q\">\n<p class=\"CDt4Ke zfr3Q\" dir=\"ltr\">No deben infringir los derechos de autor en su proyecto<\/p>\n<\/li>\n<\/ol>\n<p>&nbsp;<\/p>\n","protected":false},"excerpt":{"rendered":"<p>&nbsp; &nbsp; &nbsp; &nbsp; &nbsp; &nbsp; &nbsp; II Congreso Internacional de la Escuela Profesional de Ingenier\u00eda de Sistemas Jueves 15 y viernes 16 de Diciembre del 2022 (Modalidad Virtual) P\u00e1gina Oficial https:\/\/sites.google.com\/unsa.edu.pe\/ciepis\/ Inscr\u00edbete aqu\u00ed Acerca del Evento La Escuela Profesional de Ingenier\u00eda de Sistemas de La Universidad Nacional de San Agust\u00edn de Arequipa, organiza el [&hellip;]<\/p>\n","protected":false},"author":21,"featured_media":0,"parent":0,"menu_order":0,"comment_status":"closed","ping_status":"closed","template":"","meta":{"footnotes":""},"class_list":["post-2391","page","type-page","status-publish","hentry"],"_links":{"self":[{"href":"https:\/\/fips.unsa.edu.pe\/ingenieriadesistemas\/wp-json\/wp\/v2\/pages\/2391","targetHints":{"allow":["GET"]}}],"collection":[{"href":"https:\/\/fips.unsa.edu.pe\/ingenieriadesistemas\/wp-json\/wp\/v2\/pages"}],"about":[{"href":"https:\/\/fips.unsa.edu.pe\/ingenieriadesistemas\/wp-json\/wp\/v2\/types\/page"}],"author":[{"embeddable":true,"href":"https:\/\/fips.unsa.edu.pe\/ingenieriadesistemas\/wp-json\/wp\/v2\/users\/21"}],"replies":[{"embeddable":true,"href":"https:\/\/fips.unsa.edu.pe\/ingenieriadesistemas\/wp-json\/wp\/v2\/comments?post=2391"}],"version-history":[{"count":1,"href":"https:\/\/fips.unsa.edu.pe\/ingenieriadesistemas\/wp-json\/wp\/v2\/pages\/2391\/revisions"}],"predecessor-version":[{"id":2392,"href":"https:\/\/fips.unsa.edu.pe\/ingenieriadesistemas\/wp-json\/wp\/v2\/pages\/2391\/revisions\/2392"}],"wp:attachment":[{"href":"https:\/\/fips.unsa.edu.pe\/ingenieriadesistemas\/wp-json\/wp\/v2\/media?parent=2391"}],"curies":[{"name":"wp","href":"https:\/\/api.w.org\/{rel}","templated":true}]}}