{"id":2384,"date":"2024-12-02T15:06:27","date_gmt":"2024-12-02T20:06:27","guid":{"rendered":"https:\/\/fips.unsa.edu.pe\/ingenieriadesistemas\/?page_id=2384"},"modified":"2024-12-03T22:27:53","modified_gmt":"2024-12-04T03:27:53","slug":"feria-de-proyectos-2024","status":"publish","type":"page","link":"https:\/\/fips.unsa.edu.pe\/ingenieriadesistemas\/feria-de-proyectos-2024\/","title":{"rendered":"FERIA DE PROYECTOS 2024"},"content":{"rendered":"<p>El presente concurso tiene por objetivo motivar en nuestros estudiantes el uso de t\u00e9cnicas, m\u00e9todos, metodolog\u00edas o modelos en la elaboraci\u00f3n de proyectos reales, poniendo en pr\u00e1ctica los conocimientos adquiridos en funci\u00f3n de competencias y capacidades durante su formaci\u00f3n para la soluci\u00f3n de problemas de ingenier\u00eda, bajo restricciones reales de funcionamiento; as\u00ed mismo consolidar en los estudiantes habilidades blandas como el trabajo en equipo, niveles de comunicaci\u00f3n, liderazgo, organizaci\u00f3n entre otras. Finalmente generar las evidencias apropiadas en los procesos de mejora continua y aseguramiento de la calidad.<\/p>\n<p><strong>Fechas Importantes:<\/strong><\/p>\n<ul>\n<li>Envi\u00f3 de proyectos hasta el 8 de diciembre del 2024.<\/li>\n<li>Presentaci\u00f3n de proyectos 13 de diciembre del 2024.<\/li>\n<\/ul>\n<p><strong>Inscripci\u00f3n:<\/strong> <a href=\"https:\/\/forms.gle\/CNFnqHNahdEApgk96\" target=\"_blank\" rel=\"noopener\">https:\/\/forms.gle\/CNFnqHNahdEApgk96<\/a><\/p>\n<p><strong>Plantilla IEEE:<\/strong> <a href=\"https:\/\/www.ieee.org\/conferences\/publishing\/templates.html\" target=\"_blank\" rel=\"noopener\">https:\/\/www.ieee.org\/conferences\/publishing\/templates.html<\/a><\/p>\n<p><strong>Archivos adjuntos:<\/strong><\/p>\n<ul>\n<li><a href=\"https:\/\/fips.unsa.edu.pe\/ingenieriadesistemas\/wp-content\/uploads\/sites\/2\/2024\/12\/Bases-Feria-de-Proyectos-2024.pdf\" target=\"_blank\" rel=\"noopener\">Bases-Feria-de-Proyectos-2024.<\/a><\/li>\n<li><a href=\"https:\/\/fips.unsa.edu.pe\/ingenieriadesistemas\/wp-content\/uploads\/sites\/2\/2024\/12\/Plantilla-presentacion-2024.pptx\" target=\"_blank\" rel=\"noopener\">Plantilla-presentaci\u00f3n-2024.<\/a><\/li>\n<\/ul>\n<p><a href=\"https:\/\/fips.unsa.edu.pe\/ingenieriadesistemas\/wp-content\/uploads\/sites\/2\/2024\/12\/feria-de-proyectos_final.pdf\" target=\"_blank\" rel=\"noopener\">Banner[PDF]<\/a><\/p>\n<p><img loading=\"lazy\" decoding=\"async\" class=\"aligncenter size-full wp-image-2409\" src=\"https:\/\/fips.unsa.edu.pe\/ingenieriadesistemas\/wp-content\/uploads\/sites\/2\/2024\/12\/feria-de-proyectos_final-scaled.jpg\" alt=\"\" width=\"1820\" height=\"2560\" srcset=\"https:\/\/fips.unsa.edu.pe\/ingenieriadesistemas\/wp-content\/uploads\/sites\/2\/2024\/12\/feria-de-proyectos_final-scaled.jpg 1820w, https:\/\/fips.unsa.edu.pe\/ingenieriadesistemas\/wp-content\/uploads\/sites\/2\/2024\/12\/feria-de-proyectos_final-768x1080.jpg 768w, https:\/\/fips.unsa.edu.pe\/ingenieriadesistemas\/wp-content\/uploads\/sites\/2\/2024\/12\/feria-de-proyectos_final-1092x1536.jpg 1092w, https:\/\/fips.unsa.edu.pe\/ingenieriadesistemas\/wp-content\/uploads\/sites\/2\/2024\/12\/feria-de-proyectos_final-1456x2048.jpg 1456w\" sizes=\"auto, (max-width: 1820px) 100vw, 1820px\" \/><\/p>\n","protected":false},"excerpt":{"rendered":"<p>El presente concurso tiene por objetivo motivar en nuestros estudiantes el uso de t\u00e9cnicas, m\u00e9todos, metodolog\u00edas o modelos en la elaboraci\u00f3n de proyectos reales, poniendo en pr\u00e1ctica los conocimientos adquiridos en funci\u00f3n de competencias y capacidades durante su formaci\u00f3n para la soluci\u00f3n de problemas de ingenier\u00eda, bajo restricciones reales de funcionamiento; as\u00ed mismo consolidar en [&hellip;]<\/p>\n","protected":false},"author":21,"featured_media":0,"parent":0,"menu_order":0,"comment_status":"closed","ping_status":"closed","template":"","meta":{"footnotes":""},"class_list":["post-2384","page","type-page","status-publish","hentry"],"_links":{"self":[{"href":"https:\/\/fips.unsa.edu.pe\/ingenieriadesistemas\/wp-json\/wp\/v2\/pages\/2384","targetHints":{"allow":["GET"]}}],"collection":[{"href":"https:\/\/fips.unsa.edu.pe\/ingenieriadesistemas\/wp-json\/wp\/v2\/pages"}],"about":[{"href":"https:\/\/fips.unsa.edu.pe\/ingenieriadesistemas\/wp-json\/wp\/v2\/types\/page"}],"author":[{"embeddable":true,"href":"https:\/\/fips.unsa.edu.pe\/ingenieriadesistemas\/wp-json\/wp\/v2\/users\/21"}],"replies":[{"embeddable":true,"href":"https:\/\/fips.unsa.edu.pe\/ingenieriadesistemas\/wp-json\/wp\/v2\/comments?post=2384"}],"version-history":[{"count":6,"href":"https:\/\/fips.unsa.edu.pe\/ingenieriadesistemas\/wp-json\/wp\/v2\/pages\/2384\/revisions"}],"predecessor-version":[{"id":2412,"href":"https:\/\/fips.unsa.edu.pe\/ingenieriadesistemas\/wp-json\/wp\/v2\/pages\/2384\/revisions\/2412"}],"wp:attachment":[{"href":"https:\/\/fips.unsa.edu.pe\/ingenieriadesistemas\/wp-json\/wp\/v2\/media?parent=2384"}],"curies":[{"name":"wp","href":"https:\/\/api.w.org\/{rel}","templated":true}]}}