{"id":2233,"date":"2022-11-29T09:25:10","date_gmt":"2022-11-29T14:25:10","guid":{"rendered":"https:\/\/fips.unsa.edu.pe\/ingenieriadesistemas\/?page_id=2233"},"modified":"2022-12-21T23:06:05","modified_gmt":"2022-12-22T04:06:05","slug":"feria-de-proyectos-2022-b","status":"publish","type":"page","link":"https:\/\/fips.unsa.edu.pe\/ingenieriadesistemas\/feria-de-proyectos-2022-b\/","title":{"rendered":"FERIA DE PROYECTOS 2022 B"},"content":{"rendered":"<p>En este semestre 2022-B, este concurso tiene por objetivo fomentar en nuestros estudiantes el fortalecimiento de los conocimientos y capacidades adquiridas durante su formaci\u00f3n para la soluci\u00f3n de problemas de ingenier\u00eda, bajo restricciones reales de funcionamiento. As\u00ed mismo fomentar el trabajo en equipo y\/o individual de manera eficiente y planificada. Finalmente generar las evidencias apropiadas en los procesos de mejora continua y aseguramiento de la calidad.<\/p>\n<p><strong>Inscripci\u00f3n<\/strong>: <a href=\"https:\/\/forms.gle\/mJGAKMEKbP1AHard6\" target=\"_blank\" rel=\"noopener\">https:\/\/forms.gle\/mJGAKMEKbP1AHard6<\/a><\/p>\n<p><strong>Template IEEE<\/strong>: <a href=\"https:\/\/www.ieee.org\/conferences\/publishing\/templates.html\" target=\"_blank\" rel=\"noopener\">https:\/\/www.ieee.org\/conferences\/publishing\/templates.html<\/a><\/p>\n<p><strong>Archivos adjuntos<\/strong>:<\/p>\n<ul>\n<li><a href=\"https:\/\/fips.unsa.edu.pe\/ingenieriadesistemas\/wp-content\/uploads\/sites\/2\/2022\/12\/Bases-Feria-de-Proyectos-2022.pdf\" target=\"_blank\" rel=\"noopener\">Bases-Feria-de-Proyectos-2022<\/a><\/li>\n<li><a href=\"https:\/\/fips.unsa.edu.pe\/ingenieriadesistemas\/wp-content\/uploads\/sites\/2\/2022\/11\/Diapositivas-Feria-1.pptx\">Diapositivas-Feria-1<\/a><\/li>\n<\/ul>\n<p><a href=\"https:\/\/fips.unsa.edu.pe\/ingenieriadesistemas\/wp-content\/uploads\/sites\/2\/2022\/12\/FERIA_EPIS2022.jpeg\" target=\"_blank\" rel=\"noopener\"><img loading=\"lazy\" decoding=\"async\" class=\"alignleft wp-image-2252 size-full\" src=\"https:\/\/fips.unsa.edu.pe\/ingenieriadesistemas\/wp-content\/uploads\/sites\/2\/2022\/12\/FERIA_EPIS2022.jpeg\" alt=\"\" width=\"904\" height=\"1280\" srcset=\"https:\/\/fips.unsa.edu.pe\/ingenieriadesistemas\/wp-content\/uploads\/sites\/2\/2022\/12\/FERIA_EPIS2022.jpeg 904w, https:\/\/fips.unsa.edu.pe\/ingenieriadesistemas\/wp-content\/uploads\/sites\/2\/2022\/12\/FERIA_EPIS2022-768x1087.jpeg 768w\" sizes=\"auto, (max-width: 904px) 100vw, 904px\" \/><\/a><\/p>\n","protected":false},"excerpt":{"rendered":"<p>En este semestre 2022-B, este concurso tiene por objetivo fomentar en nuestros estudiantes el fortalecimiento de los conocimientos y capacidades adquiridas durante su formaci\u00f3n para la soluci\u00f3n de problemas de ingenier\u00eda, bajo restricciones reales de funcionamiento. As\u00ed mismo fomentar el trabajo en equipo y\/o individual de manera eficiente y planificada. Finalmente generar las evidencias apropiadas [&hellip;]<\/p>\n","protected":false},"author":6,"featured_media":0,"parent":0,"menu_order":0,"comment_status":"closed","ping_status":"closed","template":"","meta":{"footnotes":""},"class_list":["post-2233","page","type-page","status-publish","hentry"],"_links":{"self":[{"href":"https:\/\/fips.unsa.edu.pe\/ingenieriadesistemas\/wp-json\/wp\/v2\/pages\/2233","targetHints":{"allow":["GET"]}}],"collection":[{"href":"https:\/\/fips.unsa.edu.pe\/ingenieriadesistemas\/wp-json\/wp\/v2\/pages"}],"about":[{"href":"https:\/\/fips.unsa.edu.pe\/ingenieriadesistemas\/wp-json\/wp\/v2\/types\/page"}],"author":[{"embeddable":true,"href":"https:\/\/fips.unsa.edu.pe\/ingenieriadesistemas\/wp-json\/wp\/v2\/users\/6"}],"replies":[{"embeddable":true,"href":"https:\/\/fips.unsa.edu.pe\/ingenieriadesistemas\/wp-json\/wp\/v2\/comments?post=2233"}],"version-history":[{"count":6,"href":"https:\/\/fips.unsa.edu.pe\/ingenieriadesistemas\/wp-json\/wp\/v2\/pages\/2233\/revisions"}],"predecessor-version":[{"id":2254,"href":"https:\/\/fips.unsa.edu.pe\/ingenieriadesistemas\/wp-json\/wp\/v2\/pages\/2233\/revisions\/2254"}],"wp:attachment":[{"href":"https:\/\/fips.unsa.edu.pe\/ingenieriadesistemas\/wp-json\/wp\/v2\/media?parent=2233"}],"curies":[{"name":"wp","href":"https:\/\/api.w.org\/{rel}","templated":true}]}}