{"id":2168,"date":"2021-12-07T07:25:21","date_gmt":"2021-12-07T12:25:21","guid":{"rendered":"https:\/\/fips.unsa.edu.pe\/ingenieriadesistemas\/?page_id=2168"},"modified":"2021-12-16T09:31:46","modified_gmt":"2021-12-16T14:31:46","slug":"feria-de-proyectos-2021-b","status":"publish","type":"page","link":"https:\/\/fips.unsa.edu.pe\/ingenieriadesistemas\/feria-de-proyectos-2021-b\/","title":{"rendered":"Feria de Proyectos 2021 B"},"content":{"rendered":"<p>El presente concurso tiene por objetivo fomentar en nuestros estudiantes el fortalecimiento de los conocimientos y capacidades adquiridas durante su formaci\u00f3n para la soluci\u00f3n de problemas de ingenier\u00eda, bajo restricciones reales de funcionamiento. As\u00ed mismo fomentar el trabajo en equipo y\/o individual de manera eficiente y planificada. Finalmente generar las evidencias apropiadas en los procesos de mejora continua y aseguramiento de la calidad.<\/p>\n<p><strong>Inscripci\u00f3n<\/strong>: <a href=\"https:\/\/forms.gle\/u8FZkHZY9q8cchVQA\" target=\"_blank\" rel=\"noopener\">https:\/\/forms.gle\/u8FZkHZY9q8cchVQA<\/a><\/p>\n<p><strong>Template IEEE<\/strong>: <a href=\"https:\/\/www.ieee.org\/conferences\/publishing\/templates.html\" target=\"_blank\" rel=\"noopener\">https:\/\/www.ieee.org\/conferences\/publishing\/templates.html<\/a><\/p>\n<p><strong>Archivos adjuntos<\/strong>:<\/p>\n<p><a href=\"https:\/\/fips.unsa.edu.pe\/ingenieriadesistemas\/wp-content\/uploads\/sites\/2\/2021\/12\/Diapositivas-Feria-1.pptx\" target=\"_blank\" rel=\"noopener\">Plantilla de diapositivas<\/a><\/p>\n<p><a href=\"https:\/\/fips.unsa.edu.pe\/ingenieriadesistemas\/wp-content\/uploads\/sites\/2\/2021\/12\/Bases-Feria-de-Proyectos-2021.pdf\" target=\"_blank\" rel=\"noopener\">Bases para participar<\/a><\/p>\n<p><a href=\"https:\/\/fips.unsa.edu.pe\/ingenieriadesistemas\/wp-content\/uploads\/sites\/2\/2021\/12\/feria_proyectos_epis2021.jpeg\" target=\"_blank\" rel=\"noopener\">Banner de la Feria de Proyectos 2021-B<\/a><\/p>\n<p><strong>PROGRAMA FERIA PROYECTOS<\/strong><\/p>\n<table style=\"height: 597px\" width=\"907\">\n<tbody>\n<tr>\n<td width=\"64\"><strong>HORA<\/strong><\/td>\n<td width=\"503\"><strong>ACTIVIDAD<\/strong><\/td>\n<\/tr>\n<tr>\n<td width=\"64\">09:00<\/td>\n<td width=\"503\">Palabras de bienvenida a cargo del director de la EPIS<\/td>\n<\/tr>\n<tr>\n<td width=\"64\"><\/td>\n<td width=\"503\">Palabras de inauguraci\u00f3n a cargo del decano de la facultad<\/td>\n<\/tr>\n<tr>\n<td width=\"64\">09:30<\/td>\n<td width=\"503\">Indicaciones generales<\/td>\n<\/tr>\n<tr>\n<td width=\"64\">09:35<\/td>\n<td width=\"503\">Inicio de la presentaci\u00f3n de proyectos<\/td>\n<\/tr>\n<tr>\n<td width=\"64\"><\/td>\n<td width=\"503\">Presentaci\u00f3n de proyectos en las cuatro salas en simultaneo<\/td>\n<\/tr>\n<tr>\n<td width=\"64\">11:30<\/td>\n<td width=\"503\">Culminaci\u00f3n de presentaciones<\/td>\n<\/tr>\n<tr>\n<td width=\"64\"><\/td>\n<td width=\"503\">Deliberaci\u00f3n de ganadores<\/td>\n<\/tr>\n<tr>\n<td width=\"64\">13:00<\/td>\n<td width=\"503\">Premiaci\u00f3n de los ganadores por categor\u00eda<\/td>\n<\/tr>\n<tr>\n<td width=\"64\"><\/td>\n<td width=\"503\">Palabras de cierre de parte del director de la EPIS<\/td>\n<\/tr>\n<\/tbody>\n<\/table>\n<p><strong>Topic: Feria de Proyectos EPIS 2021 (SALA PRINCIPAL)<\/strong><\/p>\n<p><a href=\"https:\/\/us02web.zoom.us\/j\/81176080218?pwd=TUVWQXdDdCs4aldSbEI2NEh6K2ZFQT09\">https:\/\/us02web.zoom.us\/j\/81176080218?pwd=TUVWQXdDdCs4aldSbEI2NEh6K2ZFQT09<\/a><\/p>\n<p>Meeting ID: 811 7608 0218<\/p>\n<p>Passcode: 499850<\/p>\n<p>&#8212;&#8212;&#8212;&#8212;&#8212;&#8212;&#8212;&#8212;&#8212;&#8212;&#8212;&#8212;&#8212;&#8212;&#8212;&#8212;&#8212;&#8212;&#8212;-<\/p>\n<p><strong>Topic: Sala 1<\/strong><\/p>\n<p><a href=\"https:\/\/us02web.zoom.us\/j\/81378379624?pwd=U0hhcmlNelY4SnE3RFpKcEFTOStyUT09\">https:\/\/us02web.zoom.us\/j\/81378379624?pwd=U0hhcmlNelY4SnE3RFpKcEFTOStyUT09<\/a><\/p>\n<p>Meeting ID: 813 7837 9624<\/p>\n<p>Passcode: 293051<\/p>\n<p>&#8212;&#8212;&#8212;&#8212;&#8212;&#8212;&#8212;&#8212;&#8212;&#8212;&#8212;&#8212;&#8212;&#8212;&#8212;&#8212;&#8212;&#8212;&#8212;-<\/p>\n<p><strong>Topic: Sala 2<\/strong><\/p>\n<p><a href=\"https:\/\/us02web.zoom.us\/j\/81597792741?pwd=bjRDTUYxeGJESURGOGxaSmo0bWVwZz09\">https:\/\/us02web.zoom.us\/j\/81597792741?pwd=bjRDTUYxeGJESURGOGxaSmo0bWVwZz09<\/a><\/p>\n<p>Meeting ID: 815 9779 2741<\/p>\n<p>Passcode: 802879<\/p>\n<p>&#8212;&#8212;&#8212;&#8212;&#8212;&#8212;&#8212;&#8212;&#8212;&#8212;&#8212;&#8212;&#8212;&#8212;&#8212;&#8212;&#8212;&#8212;&#8212;-<\/p>\n<p><strong>Topic: Sala 3<\/strong><\/p>\n<p><a href=\"https:\/\/us02web.zoom.us\/j\/88540772977?pwd=cEkxdVE5WFJ4MHBDWjJvSkNqUFNJUT09\">https:\/\/us02web.zoom.us\/j\/88540772977?pwd=cEkxdVE5WFJ4MHBDWjJvSkNqUFNJUT09<\/a><\/p>\n<p>Meeting ID: 885 4077 2977<\/p>\n<p>Passcode: 969779<\/p>\n<p>&#8212;&#8212;&#8212;&#8212;&#8212;&#8212;&#8212;&#8212;&#8212;&#8212;&#8212;&#8212;&#8212;&#8212;&#8212;&#8212;&#8212;&#8212;&#8212;-<\/p>\n<p><strong>Topic: Sala 4<\/strong><\/p>\n<p><a href=\"https:\/\/us02web.zoom.us\/j\/85067167283?pwd=WEVkQ21mTlhlenlFZTdlZjgrc3Vsdz09\">https:\/\/us02web.zoom.us\/j\/85067167283?pwd=WEVkQ21mTlhlenlFZTdlZjgrc3Vsdz09<\/a><\/p>\n<p>Meeting ID: 850 6716 7283<\/p>\n<p>Passcode: 408585<\/p>\n<p><img loading=\"lazy\" decoding=\"async\" class=\"alignnone size-full wp-image-2178\" src=\"https:\/\/fips.unsa.edu.pe\/ingenieriadesistemas\/wp-content\/uploads\/sites\/2\/2021\/12\/feria_proyectos_epis2021.jpeg\" alt=\"\" width=\"905\" height=\"1280\" srcset=\"https:\/\/fips.unsa.edu.pe\/ingenieriadesistemas\/wp-content\/uploads\/sites\/2\/2021\/12\/feria_proyectos_epis2021.jpeg 905w, https:\/\/fips.unsa.edu.pe\/ingenieriadesistemas\/wp-content\/uploads\/sites\/2\/2021\/12\/feria_proyectos_epis2021-768x1086.jpeg 768w\" sizes=\"auto, (max-width: 905px) 100vw, 905px\" \/><\/p>\n","protected":false},"excerpt":{"rendered":"<p>El presente concurso tiene por objetivo fomentar en nuestros estudiantes el fortalecimiento de los conocimientos y capacidades adquiridas durante su formaci\u00f3n para la soluci\u00f3n de problemas de ingenier\u00eda, bajo restricciones reales de funcionamiento. As\u00ed mismo fomentar el trabajo en equipo y\/o individual de manera eficiente y planificada. Finalmente generar las evidencias apropiadas en los procesos [&hellip;]<\/p>\n","protected":false},"author":4,"featured_media":0,"parent":0,"menu_order":0,"comment_status":"closed","ping_status":"closed","template":"","meta":{"footnotes":""},"class_list":["post-2168","page","type-page","status-publish","hentry"],"_links":{"self":[{"href":"https:\/\/fips.unsa.edu.pe\/ingenieriadesistemas\/wp-json\/wp\/v2\/pages\/2168","targetHints":{"allow":["GET"]}}],"collection":[{"href":"https:\/\/fips.unsa.edu.pe\/ingenieriadesistemas\/wp-json\/wp\/v2\/pages"}],"about":[{"href":"https:\/\/fips.unsa.edu.pe\/ingenieriadesistemas\/wp-json\/wp\/v2\/types\/page"}],"author":[{"embeddable":true,"href":"https:\/\/fips.unsa.edu.pe\/ingenieriadesistemas\/wp-json\/wp\/v2\/users\/4"}],"replies":[{"embeddable":true,"href":"https:\/\/fips.unsa.edu.pe\/ingenieriadesistemas\/wp-json\/wp\/v2\/comments?post=2168"}],"version-history":[{"count":14,"href":"https:\/\/fips.unsa.edu.pe\/ingenieriadesistemas\/wp-json\/wp\/v2\/pages\/2168\/revisions"}],"predecessor-version":[{"id":2188,"href":"https:\/\/fips.unsa.edu.pe\/ingenieriadesistemas\/wp-json\/wp\/v2\/pages\/2168\/revisions\/2188"}],"wp:attachment":[{"href":"https:\/\/fips.unsa.edu.pe\/ingenieriadesistemas\/wp-json\/wp\/v2\/media?parent=2168"}],"curies":[{"name":"wp","href":"https:\/\/api.w.org\/{rel}","templated":true}]}}