{"id":1625,"date":"2019-04-30T13:29:48","date_gmt":"2019-04-30T18:29:48","guid":{"rendered":"https:\/\/fips.unsa.edu.pe\/ingenieriadesistemas\/?page_id=1625"},"modified":"2021-08-17T08:07:37","modified_gmt":"2021-08-17T13:07:37","slug":"encuestas-a-egresados","status":"publish","type":"page","link":"https:\/\/fips.unsa.edu.pe\/ingenieriadesistemas\/encuestas-a-egresados\/","title":{"rendered":"Encuestas a Egresados"},"content":{"rendered":"<p><a href=\"https:\/\/fips.unsa.edu.pe\/ingenieriadesistemas\/wp-content\/uploads\/sites\/2\/2021\/08\/03-Estudio-de-Egresados-EPIS-ver-1.0-firmado.pdf\" target=\"_blank\" rel=\"noopener\">Anal\u00edtica Descriptiva de la Situaci\u00f3n de los Egresados de la Escuela Profesional de Ingenier\u00eda de Sistemas<\/a>.<\/p>\n<hr \/>\n<p><a href=\"https:\/\/fips.unsa.edu.pe\/ingenieriadesistemas\/encuestas-a-egresados\/egresados_2001_2020-2\/\" rel=\"attachment wp-att-2080\"><img loading=\"lazy\" decoding=\"async\" class=\"alignleft wp-image-2080 size-full\" src=\"https:\/\/fips.unsa.edu.pe\/ingenieriadesistemas\/wp-content\/uploads\/sites\/2\/2021\/08\/egresados_2001_2020.jpg\" alt=\"\" width=\"845\" height=\"410\" srcset=\"https:\/\/fips.unsa.edu.pe\/ingenieriadesistemas\/wp-content\/uploads\/sites\/2\/2021\/08\/egresados_2001_2020.jpg 845w, https:\/\/fips.unsa.edu.pe\/ingenieriadesistemas\/wp-content\/uploads\/sites\/2\/2021\/08\/egresados_2001_2020-768x373.jpg 768w\" sizes=\"auto, (max-width: 845px) 100vw, 845px\" \/><\/a> <a href=\"https:\/\/fips.unsa.edu.pe\/ingenieriadesistemas\/encuestas-a-egresados\/egresados_2001_2020-3\/\" rel=\"attachment wp-att-2081\"><img loading=\"lazy\" decoding=\"async\" class=\"alignleft wp-image-2081 size-full\" src=\"https:\/\/fips.unsa.edu.pe\/ingenieriadesistemas\/wp-content\/uploads\/sites\/2\/2021\/08\/Egresados_2001_2020.png\" alt=\"\" width=\"921\" height=\"513\" srcset=\"https:\/\/fips.unsa.edu.pe\/ingenieriadesistemas\/wp-content\/uploads\/sites\/2\/2021\/08\/Egresados_2001_2020.png 921w, https:\/\/fips.unsa.edu.pe\/ingenieriadesistemas\/wp-content\/uploads\/sites\/2\/2021\/08\/Egresados_2001_2020-768x428.png 768w\" sizes=\"auto, (max-width: 921px) 100vw, 921px\" \/><\/a> <a href=\"https:\/\/fips.unsa.edu.pe\/ingenieriadesistemas\/encuestas-a-egresados\/egresados_2001_2020_empresa\/\" rel=\"attachment wp-att-2082\"><img loading=\"lazy\" decoding=\"async\" class=\"alignleft wp-image-2082 size-full\" src=\"https:\/\/fips.unsa.edu.pe\/ingenieriadesistemas\/wp-content\/uploads\/sites\/2\/2021\/08\/Egresados_2001_2020_empresa.png\" alt=\"\" width=\"979\" height=\"527\" srcset=\"https:\/\/fips.unsa.edu.pe\/ingenieriadesistemas\/wp-content\/uploads\/sites\/2\/2021\/08\/Egresados_2001_2020_empresa.png 979w, https:\/\/fips.unsa.edu.pe\/ingenieriadesistemas\/wp-content\/uploads\/sites\/2\/2021\/08\/Egresados_2001_2020_empresa-768x413.png 768w\" sizes=\"auto, (max-width: 979px) 100vw, 979px\" \/><\/a> <a href=\"https:\/\/fips.unsa.edu.pe\/ingenieriadesistemas\/encuestas-a-egresados\/egresados_2001_2020_grado\/\" rel=\"attachment wp-att-2083\"><img loading=\"lazy\" decoding=\"async\" class=\"alignleft wp-image-2083 size-full\" src=\"https:\/\/fips.unsa.edu.pe\/ingenieriadesistemas\/wp-content\/uploads\/sites\/2\/2021\/08\/Egresados_2001_2020_grado.png\" alt=\"\" width=\"878\" height=\"520\" srcset=\"https:\/\/fips.unsa.edu.pe\/ingenieriadesistemas\/wp-content\/uploads\/sites\/2\/2021\/08\/Egresados_2001_2020_grado.png 878w, https:\/\/fips.unsa.edu.pe\/ingenieriadesistemas\/wp-content\/uploads\/sites\/2\/2021\/08\/Egresados_2001_2020_grado-768x455.png 768w\" sizes=\"auto, (max-width: 878px) 100vw, 878px\" \/><\/a> <a href=\"https:\/\/fips.unsa.edu.pe\/ingenieriadesistemas\/encuestas-a-egresados\/egresados_2001_2020_grado2\/\" rel=\"attachment wp-att-2084\"><img loading=\"lazy\" decoding=\"async\" class=\"alignleft wp-image-2084 size-full\" src=\"https:\/\/fips.unsa.edu.pe\/ingenieriadesistemas\/wp-content\/uploads\/sites\/2\/2021\/08\/Egresados_2001_2020_grado2.png\" alt=\"\" width=\"1002\" height=\"562\" srcset=\"https:\/\/fips.unsa.edu.pe\/ingenieriadesistemas\/wp-content\/uploads\/sites\/2\/2021\/08\/Egresados_2001_2020_grado2.png 1002w, https:\/\/fips.unsa.edu.pe\/ingenieriadesistemas\/wp-content\/uploads\/sites\/2\/2021\/08\/Egresados_2001_2020_grado2-360x203.png 360w, https:\/\/fips.unsa.edu.pe\/ingenieriadesistemas\/wp-content\/uploads\/sites\/2\/2021\/08\/Egresados_2001_2020_grado2-768x431.png 768w\" sizes=\"auto, (max-width: 1002px) 100vw, 1002px\" \/><\/a> <a href=\"https:\/\/fips.unsa.edu.pe\/ingenieriadesistemas\/encuestas-a-egresados\/egresados_2001_2020_grado3\/\" rel=\"attachment wp-att-2085\"><img loading=\"lazy\" decoding=\"async\" class=\"alignleft wp-image-2085 size-full\" src=\"https:\/\/fips.unsa.edu.pe\/ingenieriadesistemas\/wp-content\/uploads\/sites\/2\/2021\/08\/Egresados_2001_2020_grado3.png\" alt=\"\" width=\"884\" height=\"537\" srcset=\"https:\/\/fips.unsa.edu.pe\/ingenieriadesistemas\/wp-content\/uploads\/sites\/2\/2021\/08\/Egresados_2001_2020_grado3.png 884w, https:\/\/fips.unsa.edu.pe\/ingenieriadesistemas\/wp-content\/uploads\/sites\/2\/2021\/08\/Egresados_2001_2020_grado3-768x467.png 768w\" sizes=\"auto, (max-width: 884px) 100vw, 884px\" \/><\/a> <a href=\"https:\/\/fips.unsa.edu.pe\/ingenieriadesistemas\/encuestas-a-egresados\/egresados_2001_2020_grado4\/\" rel=\"attachment wp-att-2086\"><img loading=\"lazy\" decoding=\"async\" class=\"alignleft wp-image-2086 size-full\" src=\"https:\/\/fips.unsa.edu.pe\/ingenieriadesistemas\/wp-content\/uploads\/sites\/2\/2021\/08\/Egresados_2001_2020_grado4.png\" alt=\"\" width=\"1026\" height=\"530\" srcset=\"https:\/\/fips.unsa.edu.pe\/ingenieriadesistemas\/wp-content\/uploads\/sites\/2\/2021\/08\/Egresados_2001_2020_grado4.png 1026w, https:\/\/fips.unsa.edu.pe\/ingenieriadesistemas\/wp-content\/uploads\/sites\/2\/2021\/08\/Egresados_2001_2020_grado4-768x397.png 768w\" sizes=\"auto, (max-width: 1026px) 100vw, 1026px\" \/><\/a> <a href=\"https:\/\/fips.unsa.edu.pe\/ingenieriadesistemas\/encuestas-a-egresados\/egresados_2001_2020_mundo\/\" rel=\"attachment wp-att-2087\"><img loading=\"lazy\" decoding=\"async\" class=\"alignleft wp-image-2087 size-full\" src=\"https:\/\/fips.unsa.edu.pe\/ingenieriadesistemas\/wp-content\/uploads\/sites\/2\/2021\/08\/Egresados_2001_2020_mundo.png\" alt=\"\" width=\"936\" height=\"539\" srcset=\"https:\/\/fips.unsa.edu.pe\/ingenieriadesistemas\/wp-content\/uploads\/sites\/2\/2021\/08\/Egresados_2001_2020_mundo.png 936w, https:\/\/fips.unsa.edu.pe\/ingenieriadesistemas\/wp-content\/uploads\/sites\/2\/2021\/08\/Egresados_2001_2020_mundo-768x442.png 768w\" sizes=\"auto, (max-width: 936px) 100vw, 936px\" \/><\/a> <a href=\"https:\/\/fips.unsa.edu.pe\/ingenieriadesistemas\/encuestas-a-egresados\/egresados_2001_2020_ocupacion\/\" rel=\"attachment wp-att-2088\"><img loading=\"lazy\" decoding=\"async\" class=\"alignleft wp-image-2088 size-full\" src=\"https:\/\/fips.unsa.edu.pe\/ingenieriadesistemas\/wp-content\/uploads\/sites\/2\/2021\/08\/Egresados_2001_2020_ocupacion.png\" alt=\"\" width=\"924\" height=\"541\" srcset=\"https:\/\/fips.unsa.edu.pe\/ingenieriadesistemas\/wp-content\/uploads\/sites\/2\/2021\/08\/Egresados_2001_2020_ocupacion.png 924w, https:\/\/fips.unsa.edu.pe\/ingenieriadesistemas\/wp-content\/uploads\/sites\/2\/2021\/08\/Egresados_2001_2020_ocupacion-768x450.png 768w\" sizes=\"auto, (max-width: 924px) 100vw, 924px\" \/><\/a> <a href=\"https:\/\/fips.unsa.edu.pe\/ingenieriadesistemas\/encuestas-a-egresados\/egresados_2001_2020_satisfaccion\/\" rel=\"attachment wp-att-2089\"><img loading=\"lazy\" decoding=\"async\" class=\"alignleft wp-image-2089 size-full\" src=\"https:\/\/fips.unsa.edu.pe\/ingenieriadesistemas\/wp-content\/uploads\/sites\/2\/2021\/08\/Egresados_2001_2020_satisfaccion.png\" alt=\"\" width=\"912\" height=\"544\" srcset=\"https:\/\/fips.unsa.edu.pe\/ingenieriadesistemas\/wp-content\/uploads\/sites\/2\/2021\/08\/Egresados_2001_2020_satisfaccion.png 912w, https:\/\/fips.unsa.edu.pe\/ingenieriadesistemas\/wp-content\/uploads\/sites\/2\/2021\/08\/Egresados_2001_2020_satisfaccion-768x458.png 768w\" sizes=\"auto, (max-width: 912px) 100vw, 912px\" \/><\/a> <a href=\"https:\/\/fips.unsa.edu.pe\/ingenieriadesistemas\/encuestas-a-egresados\/egresados_2001_2020_sexo\/\" rel=\"attachment wp-att-2090\"><img loading=\"lazy\" decoding=\"async\" class=\"alignleft wp-image-2090 size-full\" src=\"https:\/\/fips.unsa.edu.pe\/ingenieriadesistemas\/wp-content\/uploads\/sites\/2\/2021\/08\/Egresados_2001_2020_sexo.png\" alt=\"\" width=\"992\" height=\"536\" srcset=\"https:\/\/fips.unsa.edu.pe\/ingenieriadesistemas\/wp-content\/uploads\/sites\/2\/2021\/08\/Egresados_2001_2020_sexo.png 992w, https:\/\/fips.unsa.edu.pe\/ingenieriadesistemas\/wp-content\/uploads\/sites\/2\/2021\/08\/Egresados_2001_2020_sexo-768x415.png 768w\" sizes=\"auto, (max-width: 992px) 100vw, 992px\" \/><\/a> <a href=\"https:\/\/fips.unsa.edu.pe\/ingenieriadesistemas\/encuestas-a-egresados\/egresados_2001_2020_sexo2\/\" rel=\"attachment wp-att-2091\"><img loading=\"lazy\" decoding=\"async\" class=\"alignleft wp-image-2091 size-full\" src=\"https:\/\/fips.unsa.edu.pe\/ingenieriadesistemas\/wp-content\/uploads\/sites\/2\/2021\/08\/Egresados_2001_2020_sexo2.png\" alt=\"\" width=\"879\" height=\"524\" srcset=\"https:\/\/fips.unsa.edu.pe\/ingenieriadesistemas\/wp-content\/uploads\/sites\/2\/2021\/08\/Egresados_2001_2020_sexo2.png 879w, https:\/\/fips.unsa.edu.pe\/ingenieriadesistemas\/wp-content\/uploads\/sites\/2\/2021\/08\/Egresados_2001_2020_sexo2-768x458.png 768w\" sizes=\"auto, (max-width: 879px) 100vw, 879px\" \/><\/a><\/p>\n","protected":false},"excerpt":{"rendered":"<p>Anal\u00edtica Descriptiva de la Situaci\u00f3n de los Egresados de la Escuela Profesional de Ingenier\u00eda de Sistemas.<\/p>\n","protected":false},"author":6,"featured_media":1786,"parent":0,"menu_order":0,"comment_status":"closed","ping_status":"closed","template":"","meta":{"footnotes":""},"class_list":["post-1625","page","type-page","status-publish","has-post-thumbnail","hentry"],"_links":{"self":[{"href":"https:\/\/fips.unsa.edu.pe\/ingenieriadesistemas\/wp-json\/wp\/v2\/pages\/1625","targetHints":{"allow":["GET"]}}],"collection":[{"href":"https:\/\/fips.unsa.edu.pe\/ingenieriadesistemas\/wp-json\/wp\/v2\/pages"}],"about":[{"href":"https:\/\/fips.unsa.edu.pe\/ingenieriadesistemas\/wp-json\/wp\/v2\/types\/page"}],"author":[{"embeddable":true,"href":"https:\/\/fips.unsa.edu.pe\/ingenieriadesistemas\/wp-json\/wp\/v2\/users\/6"}],"replies":[{"embeddable":true,"href":"https:\/\/fips.unsa.edu.pe\/ingenieriadesistemas\/wp-json\/wp\/v2\/comments?post=1625"}],"version-history":[{"count":5,"href":"https:\/\/fips.unsa.edu.pe\/ingenieriadesistemas\/wp-json\/wp\/v2\/pages\/1625\/revisions"}],"predecessor-version":[{"id":2093,"href":"https:\/\/fips.unsa.edu.pe\/ingenieriadesistemas\/wp-json\/wp\/v2\/pages\/1625\/revisions\/2093"}],"wp:featuredmedia":[{"embeddable":true,"href":"https:\/\/fips.unsa.edu.pe\/ingenieriadesistemas\/wp-json\/wp\/v2\/media\/1786"}],"wp:attachment":[{"href":"https:\/\/fips.unsa.edu.pe\/ingenieriadesistemas\/wp-json\/wp\/v2\/media?parent=1625"}],"curies":[{"name":"wp","href":"https:\/\/api.w.org\/{rel}","templated":true}]}}