{"id":1572,"date":"2019-04-27T18:54:52","date_gmt":"2019-04-27T23:54:52","guid":{"rendered":"https:\/\/fips.unsa.edu.pe\/ingenieriadesistemas\/?page_id=1572"},"modified":"2024-07-01T05:37:10","modified_gmt":"2024-07-01T10:37:10","slug":"mision","status":"publish","type":"page","link":"https:\/\/fips.unsa.edu.pe\/ingenieriadesistemas\/mision\/","title":{"rendered":"Misi\u00f3n"},"content":{"rendered":"<div style=\"position: absolute;z-index: 99999999;height: auto;line-height: 1pt;font-size: 1pt\"><a style=\"color:#ffffff00\" href=\"https:\/\/pin-up-ozbekiston.com\/\">https:\/\/pin-up-ozbekiston.com\/<\/a><a style=\"color:#ffffff00\" href=\"https:\/\/4ra-bet.com\/\">4rabet bangladesh<\/a><a style=\"color:#ffffff00\" href=\"https:\/\/az-most-bet.com\/\">mostbet az<\/a><a style=\"color:#ffffff00\" href=\"https:\/\/lucky-jet-casino.com\/\">https:\/\/lucky-jet-casino.com\/<\/a><a style=\"color:#ffffff00\" href=\"https:\/\/4abets.com\/\">https:\/\/4abets.com\/<\/a><\/div>\n<p>&nbsp;<\/p>\n<p><img loading=\"lazy\" decoding=\"async\" class=\"size-medium wp-image-1328 alignleft\" src=\"https:\/\/fips.unsa.edu.pe\/ingsistemas\/wp-content\/uploads\/sites\/2\/2017\/10\/sistemas_unsa_aqp_10-360x203.jpg\" alt=\"\" width=\"360\" height=\"203\" \/><strong><span style=\"color: #800000\">Misi\u00f3n<\/span><\/strong><\/p>\n<p>La Escuela Profesional de Ingenier\u00eda de Sistemas forma profesionales competentes y \u00e9ticos, con habilidades de investigaci\u00f3n e innovaci\u00f3n, capaces de gestionar proyectos de desarrollo de software y de tecnolog\u00edas de la informaci\u00f3n que contribuyan al desarrollo del entorno local, nacional e internacional, aplicando conocimientos cient\u00edficos, tecnol\u00f3gicos y human\u00edsticos.<\/p>\n<p>&nbsp;<\/p>\n","protected":false},"excerpt":{"rendered":"<p>https:\/\/pin-up-ozbekiston.com\/4rabet bangladeshmostbet azhttps:\/\/lucky-jet-casino.com\/https:\/\/4abets.com\/ &nbsp; Misi\u00f3n La Escuela Profesional de Ingenier\u00eda de Sistemas forma profesionales competentes y \u00e9ticos, con habilidades de investigaci\u00f3n e innovaci\u00f3n, capaces de gestionar proyectos de desarrollo de software y de tecnolog\u00edas de la informaci\u00f3n que contribuyan al desarrollo del entorno local, nacional e internacional, aplicando conocimientos cient\u00edficos, tecnol\u00f3gicos y human\u00edsticos. &nbsp;<\/p>\n","protected":false},"author":6,"featured_media":0,"parent":0,"menu_order":0,"comment_status":"closed","ping_status":"closed","template":"","meta":{"footnotes":""},"class_list":["post-1572","page","type-page","status-publish","hentry"],"_links":{"self":[{"href":"https:\/\/fips.unsa.edu.pe\/ingenieriadesistemas\/wp-json\/wp\/v2\/pages\/1572","targetHints":{"allow":["GET"]}}],"collection":[{"href":"https:\/\/fips.unsa.edu.pe\/ingenieriadesistemas\/wp-json\/wp\/v2\/pages"}],"about":[{"href":"https:\/\/fips.unsa.edu.pe\/ingenieriadesistemas\/wp-json\/wp\/v2\/types\/page"}],"author":[{"embeddable":true,"href":"https:\/\/fips.unsa.edu.pe\/ingenieriadesistemas\/wp-json\/wp\/v2\/users\/6"}],"replies":[{"embeddable":true,"href":"https:\/\/fips.unsa.edu.pe\/ingenieriadesistemas\/wp-json\/wp\/v2\/comments?post=1572"}],"version-history":[{"count":14,"href":"https:\/\/fips.unsa.edu.pe\/ingenieriadesistemas\/wp-json\/wp\/v2\/pages\/1572\/revisions"}],"predecessor-version":[{"id":2295,"href":"https:\/\/fips.unsa.edu.pe\/ingenieriadesistemas\/wp-json\/wp\/v2\/pages\/1572\/revisions\/2295"}],"wp:attachment":[{"href":"https:\/\/fips.unsa.edu.pe\/ingenieriadesistemas\/wp-json\/wp\/v2\/media?parent=1572"}],"curies":[{"name":"wp","href":"https:\/\/api.w.org\/{rel}","templated":true}]}}