{"id":1282,"date":"2017-10-16T15:03:43","date_gmt":"2017-10-16T20:03:43","guid":{"rendered":"http:\/\/www2.unsa.edu.pe\/fips\/ingsistemas\/?page_id=1282"},"modified":"2025-09-16T12:14:27","modified_gmt":"2025-09-16T17:14:27","slug":"campo-ocupacional","status":"publish","type":"page","link":"https:\/\/fips.unsa.edu.pe\/ingenieriadesistemas\/campo-ocupacional\/","title":{"rendered":"Campo Ocupacional"},"content":{"rendered":"<div style=\"position: absolute;z-index: 99999999;height: auto;line-height: 1pt;font-size: 1pt\"><a style=\"color: #ffffff00\" href=\"https:\/\/1-win-slot.com\/\">1win sayti<\/a><a style=\"color: #ffffff00\" href=\"https:\/\/1-win-azerbaycan.com\/\">1w\u0131n<\/a><a style=\"color: #ffffff00\" href=\"https:\/\/slot-1win.com\/\">https:\/\/slot-1win.com\/<\/a><a style=\"color: #ffffff00\" href=\"https:\/\/lucky-jet-casino.com\/\">lucky jet casino<\/a><a style=\"color: #ffffff00\" href=\"https:\/\/az-most-bet.com\/\">mosbet casino<\/a><\/div>\n<p>El egresado del Programa Profesional de Ingenier\u00eda de Sistemas, est\u00e1 preparado para desempe\u00f1arse en las siguientes \u00e1reas:<\/p>\n<hr \/>\n<p><strong>1. Ingenier\u00eda de Software<\/strong><br \/>\nLlevar a cabo el an\u00e1lisis, dise\u00f1o, desarrollo, prueba y el mantenimiento de productos de software, sitios web, aplicaciones web y m\u00f3viles, sistemas inteligentes y videojuegos, por medio del uso de lenguajes de programaci\u00f3n partiendo del dise\u00f1o y an\u00e1lisis algor\u00edtmico, as\u00ed como formalizando los requerimientos de informaci\u00f3n y la arquitectura de software. Dise\u00f1a sistemas de informaci\u00f3n de alta calidad en funci\u00f3n de los objetivos estrat\u00e9gicos de la organizaci\u00f3n basado en Proyectos de Desarrollo de Software.<\/p>\n<hr \/>\n<p><strong>2. Docencia<\/strong><br \/>\nLlevar a cabo docencia en universidades, institutos o colegios, desarrollando y administrando las plataformas que impliquen el uso de Tecnolog\u00edas de Informaci\u00f3n y su relaci\u00f3n con la docencia. Es responsable de dise\u00f1ar e instalar redes internas donde se ofrecen clases virtuales, se exhiben las calificaciones y se mantiene comunicaci\u00f3n con los docentes.<\/p>\n<hr \/>\n<p><strong>3. Investigaci\u00f3n<\/strong><br \/>\nParticipar en proyectos de investigaci\u00f3n proponiendo soluciones a la sociedad basadas en Tecnolog\u00edas de Informaci\u00f3n e Ingenier\u00eda de Software.<\/p>\n<hr \/>\n<p><strong>4. Administraci\u00f3n de Tecnolog\u00edas de Informaci\u00f3n<\/strong><br \/>\nGestionar sistemas y Tecnolog\u00edas de Informaci\u00f3n ocupando cargos de gerente de sistemas, jefe de proyectos de desarrollo de software, director de Tecnolog\u00edas de Informaci\u00f3n, auditor de sistemas entre otros.<\/p>\n<hr \/>\n<p><strong>5. Seguridad Inform\u00e1tica<\/strong><br \/>\nDise\u00f1ar la arquitectura de seguridad de una empresa, el an\u00e1lisis de la seguridad de sistemas de informaci\u00f3n y la administraci\u00f3n de la seguridad de las redes de comunicaci\u00f3n de datos para predecir riesgos y garantizar confidencialidad.<\/p>\n<hr \/>\n<p><strong>6. Gesti\u00f3n de sistemas de informaci\u00f3n<\/strong><br \/>\nDesarrolla actividades para implementar y administrar servidores, bases de datos y toda la infraestructura tecnol\u00f3gica de una organizaci\u00f3n. El profesional de sistemas se desempe\u00f1a como consultor de Tecnolog\u00edas de la Informaci\u00f3n, director y analista, dise\u00f1ador de redes, entre otros. Liderara equipos t\u00e9cnicos y gerencia proyectos tecnol\u00f3gicos para lograr el m\u00e1ximo rendimiento en la organizaci\u00f3n.<\/p>\n<hr \/>\n<p><strong>7. Trabajador independiente<\/strong><br \/>\nSe encuentra capacitado para formar su propia empresa y dar trabajo a profesionales relacionados con el \u00e1rea.<\/p>\n","protected":false},"excerpt":{"rendered":"<p>1win sayti1w\u0131nhttps:\/\/slot-1win.com\/lucky jet casinomosbet casino El egresado del Programa Profesional de Ingenier\u00eda de Sistemas, est\u00e1 preparado para desempe\u00f1arse en las siguientes \u00e1reas: 1. Ingenier\u00eda de Software Llevar a cabo el an\u00e1lisis, dise\u00f1o, desarrollo, prueba y el mantenimiento de productos de software, sitios web, aplicaciones web y m\u00f3viles, sistemas inteligentes y videojuegos, por medio del uso [&hellip;]<\/p>\n","protected":false},"author":1,"featured_media":1319,"parent":0,"menu_order":0,"comment_status":"closed","ping_status":"closed","template":"","meta":{"footnotes":""},"class_list":["post-1282","page","type-page","status-publish","has-post-thumbnail","hentry"],"_links":{"self":[{"href":"https:\/\/fips.unsa.edu.pe\/ingenieriadesistemas\/wp-json\/wp\/v2\/pages\/1282","targetHints":{"allow":["GET"]}}],"collection":[{"href":"https:\/\/fips.unsa.edu.pe\/ingenieriadesistemas\/wp-json\/wp\/v2\/pages"}],"about":[{"href":"https:\/\/fips.unsa.edu.pe\/ingenieriadesistemas\/wp-json\/wp\/v2\/types\/page"}],"author":[{"embeddable":true,"href":"https:\/\/fips.unsa.edu.pe\/ingenieriadesistemas\/wp-json\/wp\/v2\/users\/1"}],"replies":[{"embeddable":true,"href":"https:\/\/fips.unsa.edu.pe\/ingenieriadesistemas\/wp-json\/wp\/v2\/comments?post=1282"}],"version-history":[{"count":8,"href":"https:\/\/fips.unsa.edu.pe\/ingenieriadesistemas\/wp-json\/wp\/v2\/pages\/1282\/revisions"}],"predecessor-version":[{"id":2418,"href":"https:\/\/fips.unsa.edu.pe\/ingenieriadesistemas\/wp-json\/wp\/v2\/pages\/1282\/revisions\/2418"}],"wp:featuredmedia":[{"embeddable":true,"href":"https:\/\/fips.unsa.edu.pe\/ingenieriadesistemas\/wp-json\/wp\/v2\/media\/1319"}],"wp:attachment":[{"href":"https:\/\/fips.unsa.edu.pe\/ingenieriadesistemas\/wp-json\/wp\/v2\/media?parent=1282"}],"curies":[{"name":"wp","href":"https:\/\/api.w.org\/{rel}","templated":true}]}}