{"id":1279,"date":"2017-10-16T15:02:46","date_gmt":"2017-10-16T20:02:46","guid":{"rendered":"http:\/\/www2.unsa.edu.pe\/fips\/ingsistemas\/?page_id=1279"},"modified":"2021-08-04T21:33:00","modified_gmt":"2021-08-05T02:33:00","slug":"perfil-del-egresado","status":"publish","type":"page","link":"https:\/\/fips.unsa.edu.pe\/ingenieriadesistemas\/perfil-del-egresado\/","title":{"rendered":"Perfil del Egresado"},"content":{"rendered":"<p style=\"text-align: center\"><strong>El egresado de Ingenier\u00eda de Sistemas<\/strong><\/p>\n<p>Emprende y gestiona proyectos de Desarrollo de software &#8211; Tecnolog\u00edas de la informaci\u00f3n.<\/p>\n<p>Realiza actividades de An\u00e1lisis &#8211; Dise\u00f1o &#8211; Construcci\u00f3n &#8211; Verificaci\u00f3n &#8211; Validaci\u00f3n &#8211; Despliegue &#8211; Documentaci\u00f3n &#8211; Mantenimiento.<\/p>\n<p>Gestiona el ciclo de desarrollo de software, los recursos involucrados, el riesgo, costos y seguridad; haciendo uso de los principios de la matem\u00e1tica, de la computaci\u00f3n y de los procesos con pr\u00e1cticas de la ingenier\u00eda de modo que satisfagan requerimientos del usuario, cliente o sociedad en el \u00e1mbito local, regional, nacional o internacional tanto en el sector privado y\/o p\u00fablico.<\/p>\n<p>Es un profesional comprometido con\u00a0 la problem\u00e1tica de la regi\u00f3n y del pa\u00eds y su interacci\u00f3n con la realidad mundial contempor\u00e1nea, a fin de aportar en el desarrollo del pa\u00eds por medio de una pr\u00e1ctica profesional responsable e integral que entienda el impacto de las soluciones de software y de tecnolog\u00edas de la informaci\u00f3n considerando otras posiciones, evaluando las implicancias y\/o consecuencias de sus propuestas.<\/p>\n<p>Trabaja en equipos multidisciplinarios\u00a0 adapt\u00e1ndose a diferentes entornos laborales, comunicando sus ideas de manera efectiva y reconociendo la necesidad del aprendizaje permanente como herramienta para adaptarse a los r\u00e1pidos cambios tecnol\u00f3gicos, organizacionales y sociales con una actitud proactiva y de liderazgo y como agente de cambio con propuestas innovadoras.<\/p>\n<p>Es un investigador nato, indaga en fuentes de informaci\u00f3n diversas para adquirir conocimiento que le permita resolver problemas que le sean propuestos, constituye propuestas originales las cuales son susceptibles de publicaci\u00f3n en medios nacionales e internacionales de reconocido prestigio.<\/p>\n<p><a href=\"https:\/\/fips.unsa.edu.pe\/ingenieriadesistemas\/wp-content\/uploads\/sites\/2\/2021\/08\/PlanEstudios2017_Competencias_EPIS.pdf\" rel=\"noopener\" target=\"_blank\">Ver perfil del egresado en PDF<\/a><\/p>\n","protected":false},"excerpt":{"rendered":"<p>El egresado de Ingenier\u00eda de Sistemas Emprende y gestiona proyectos de Desarrollo de software &#8211; Tecnolog\u00edas de la informaci\u00f3n. Realiza actividades de An\u00e1lisis &#8211; Dise\u00f1o &#8211; Construcci\u00f3n &#8211; Verificaci\u00f3n &#8211; Validaci\u00f3n &#8211; Despliegue &#8211; Documentaci\u00f3n &#8211; Mantenimiento. Gestiona el ciclo de desarrollo de software, los recursos involucrados, el riesgo, costos y seguridad; haciendo uso de [&hellip;]<\/p>\n","protected":false},"author":1,"featured_media":1786,"parent":0,"menu_order":0,"comment_status":"closed","ping_status":"closed","template":"","meta":{"footnotes":""},"class_list":["post-1279","page","type-page","status-publish","has-post-thumbnail","hentry"],"_links":{"self":[{"href":"https:\/\/fips.unsa.edu.pe\/ingenieriadesistemas\/wp-json\/wp\/v2\/pages\/1279","targetHints":{"allow":["GET"]}}],"collection":[{"href":"https:\/\/fips.unsa.edu.pe\/ingenieriadesistemas\/wp-json\/wp\/v2\/pages"}],"about":[{"href":"https:\/\/fips.unsa.edu.pe\/ingenieriadesistemas\/wp-json\/wp\/v2\/types\/page"}],"author":[{"embeddable":true,"href":"https:\/\/fips.unsa.edu.pe\/ingenieriadesistemas\/wp-json\/wp\/v2\/users\/1"}],"replies":[{"embeddable":true,"href":"https:\/\/fips.unsa.edu.pe\/ingenieriadesistemas\/wp-json\/wp\/v2\/comments?post=1279"}],"version-history":[{"count":11,"href":"https:\/\/fips.unsa.edu.pe\/ingenieriadesistemas\/wp-json\/wp\/v2\/pages\/1279\/revisions"}],"predecessor-version":[{"id":2039,"href":"https:\/\/fips.unsa.edu.pe\/ingenieriadesistemas\/wp-json\/wp\/v2\/pages\/1279\/revisions\/2039"}],"wp:featuredmedia":[{"embeddable":true,"href":"https:\/\/fips.unsa.edu.pe\/ingenieriadesistemas\/wp-json\/wp\/v2\/media\/1786"}],"wp:attachment":[{"href":"https:\/\/fips.unsa.edu.pe\/ingenieriadesistemas\/wp-json\/wp\/v2\/media?parent=1279"}],"curies":[{"name":"wp","href":"https:\/\/api.w.org\/{rel}","templated":true}]}}