{"id":3160,"date":"2025-06-05T10:39:12","date_gmt":"2025-06-05T15:39:12","guid":{"rendered":"https:\/\/fips.unsa.edu.pe\/cienciadelacomputacion\/?page_id=3160"},"modified":"2025-06-05T10:39:12","modified_gmt":"2025-06-05T15:39:12","slug":"objetivos-del-sistema-de-gestion-de-calidad","status":"publish","type":"page","link":"https:\/\/fips.unsa.edu.pe\/cienciadelacomputacion\/objetivos-del-sistema-de-gestion-de-calidad\/","title":{"rendered":"Objetivos del Sistema de Gesti\u00f3n de Calidad"},"content":{"rendered":"<ol>\n<li>Promover la investigaci\u00f3n a trav\u00e9s de la gesti\u00f3n de los fondos concursables y otros fondos externos a la Universidad.<\/li>\n<li>Implementaci\u00f3n del Parque Cient\u00edfico, Institutos y Laboratorios de Investigaci\u00f3n para la comunidad acad\u00e9mica.<\/li>\n<li>Garantizar la gesti\u00f3n de la propiedad intelectual.<\/li>\n<li>Fomentar la excelencia mediante la mejora continua en cuanto a la formaci\u00f3n y especializaci\u00f3n Profesional y su contribuci\u00f3n a la sociedad.<\/li>\n<li>Mantener la acreditaci\u00f3n para la mejora continua.<\/li>\n<li>Garantizar el cumplimiento de las condiciones b\u00e1sicas de calidad en la Universidad manteniendo la continuidad del licenciamiento institucional.<\/li>\n<li>Garantizar una cultura de calidad que incluya actividades de responsabilidad social y el seguimiento de la satisfacci\u00f3n de las partes interesadas.<\/li>\n<\/ol>\n<p style=\"text-align: center\">\nArequipa, 19 de setiembre de 2022<br \/>\nHugo Jose Rojas Flores<br \/>\nRECTOR<\/p>\n","protected":false},"excerpt":{"rendered":"<p>Promover la investigaci\u00f3n a trav\u00e9s de la gesti\u00f3n de los fondos concursables y otros fondos externos a la Universidad. Implementaci\u00f3n del Parque Cient\u00edfico, Institutos y Laboratorios de Investigaci\u00f3n para la comunidad acad\u00e9mica. Garantizar la gesti\u00f3n de la propiedad intelectual. Fomentar la excelencia mediante la mejora continua en cuanto a la formaci\u00f3n y especializaci\u00f3n Profesional y [&hellip;]<\/p>\n","protected":false},"author":23,"featured_media":0,"parent":0,"menu_order":0,"comment_status":"closed","ping_status":"closed","template":"","meta":{"footnotes":""},"class_list":["post-3160","page","type-page","status-publish","hentry"],"_links":{"self":[{"href":"https:\/\/fips.unsa.edu.pe\/cienciadelacomputacion\/wp-json\/wp\/v2\/pages\/3160","targetHints":{"allow":["GET"]}}],"collection":[{"href":"https:\/\/fips.unsa.edu.pe\/cienciadelacomputacion\/wp-json\/wp\/v2\/pages"}],"about":[{"href":"https:\/\/fips.unsa.edu.pe\/cienciadelacomputacion\/wp-json\/wp\/v2\/types\/page"}],"author":[{"embeddable":true,"href":"https:\/\/fips.unsa.edu.pe\/cienciadelacomputacion\/wp-json\/wp\/v2\/users\/23"}],"replies":[{"embeddable":true,"href":"https:\/\/fips.unsa.edu.pe\/cienciadelacomputacion\/wp-json\/wp\/v2\/comments?post=3160"}],"version-history":[{"count":1,"href":"https:\/\/fips.unsa.edu.pe\/cienciadelacomputacion\/wp-json\/wp\/v2\/pages\/3160\/revisions"}],"predecessor-version":[{"id":3161,"href":"https:\/\/fips.unsa.edu.pe\/cienciadelacomputacion\/wp-json\/wp\/v2\/pages\/3160\/revisions\/3161"}],"wp:attachment":[{"href":"https:\/\/fips.unsa.edu.pe\/cienciadelacomputacion\/wp-json\/wp\/v2\/media?parent=3160"}],"curies":[{"name":"wp","href":"https:\/\/api.w.org\/{rel}","templated":true}]}}