{"id":3154,"date":"2025-06-05T10:33:53","date_gmt":"2025-06-05T15:33:53","guid":{"rendered":"https:\/\/fips.unsa.edu.pe\/cienciadelacomputacion\/?page_id=3154"},"modified":"2025-06-05T10:37:37","modified_gmt":"2025-06-05T15:37:37","slug":"politica-de-calidad-institucional","status":"publish","type":"page","link":"https:\/\/fips.unsa.edu.pe\/cienciadelacomputacion\/politica-de-calidad-institucional\/","title":{"rendered":"Pol\u00edtica de Calidad Institucional"},"content":{"rendered":"<p>La Universidad Nacional de San Agust\u00edn de Arequipa garantiza que sus estudiantes de pregrado y posgrado accedan a un servicio educativo universitario de calidad, a trav\u00e9s de la mejora continua de los procesos de ense\u00f1anza aprendizaje, investigaci\u00f3n y responsabilidad social universitaria; el resultado es la formaci\u00f3n integral de profesionales competentes y con valores, que contribuyan al desarrollo sostenible de la regi\u00f3n y del pa\u00eds.<\/p>\n<p>Nos comprometemos a:<\/p>\n<ul>\n<li>Gestionar la propiedad intelectual teniendo como resultado la formaci\u00f3n y especializaci\u00f3n integral de profesionales competentes y con valores.<\/li>\n<li>Cumplir con los requisitos y legislaci\u00f3n aplicables, relacionados con nuestros servicios que superen las expectativas de las partes interesadas.<\/li>\n<li>Promover la mejora continua de nuestros procesos de ense\u00f1anza, aprendizaje, investigaci\u00f3n y responsabilidad social universitaria.<\/li>\n<li>Fomentar la responsabilidad social y realizar el seguimiento de las percepciones de nuestras partes interesadas respecto a nuestros servicios.<\/li>\n<li>La presente pol\u00edtica es difundida a nuestras partes interesadas, y es revisada de forma peri\u00f3dica para garantizar su idoneidad.<\/li>\n<\/ul>\n<p>&nbsp;<\/p>\n<p style=\"text-align: center\">Arequipa, 19 de setiembre de 2022<br \/>\nHugo Jose Rojas Flores<br \/>\nRECTOR<\/p>\n","protected":false},"excerpt":{"rendered":"<p>La Universidad Nacional de San Agust\u00edn de Arequipa garantiza que sus estudiantes de pregrado y posgrado accedan a un servicio educativo universitario de calidad, a trav\u00e9s de la mejora continua de los procesos de ense\u00f1anza aprendizaje, investigaci\u00f3n y responsabilidad social universitaria; el resultado es la formaci\u00f3n integral de profesionales competentes y con valores, que contribuyan [&hellip;]<\/p>\n","protected":false},"author":23,"featured_media":0,"parent":0,"menu_order":0,"comment_status":"closed","ping_status":"closed","template":"","meta":{"footnotes":""},"class_list":["post-3154","page","type-page","status-publish","hentry"],"_links":{"self":[{"href":"https:\/\/fips.unsa.edu.pe\/cienciadelacomputacion\/wp-json\/wp\/v2\/pages\/3154","targetHints":{"allow":["GET"]}}],"collection":[{"href":"https:\/\/fips.unsa.edu.pe\/cienciadelacomputacion\/wp-json\/wp\/v2\/pages"}],"about":[{"href":"https:\/\/fips.unsa.edu.pe\/cienciadelacomputacion\/wp-json\/wp\/v2\/types\/page"}],"author":[{"embeddable":true,"href":"https:\/\/fips.unsa.edu.pe\/cienciadelacomputacion\/wp-json\/wp\/v2\/users\/23"}],"replies":[{"embeddable":true,"href":"https:\/\/fips.unsa.edu.pe\/cienciadelacomputacion\/wp-json\/wp\/v2\/comments?post=3154"}],"version-history":[{"count":5,"href":"https:\/\/fips.unsa.edu.pe\/cienciadelacomputacion\/wp-json\/wp\/v2\/pages\/3154\/revisions"}],"predecessor-version":[{"id":3159,"href":"https:\/\/fips.unsa.edu.pe\/cienciadelacomputacion\/wp-json\/wp\/v2\/pages\/3154\/revisions\/3159"}],"wp:attachment":[{"href":"https:\/\/fips.unsa.edu.pe\/cienciadelacomputacion\/wp-json\/wp\/v2\/media?parent=3154"}],"curies":[{"name":"wp","href":"https:\/\/api.w.org\/{rel}","templated":true}]}}