{"id":1842,"date":"2024-09-26T12:09:01","date_gmt":"2024-09-26T17:09:01","guid":{"rendered":"https:\/\/fips.unsa.edu.pe\/cienciadelacomputacion\/?page_id=1842"},"modified":"2024-09-26T12:09:01","modified_gmt":"2024-09-26T17:09:01","slug":"acreditacion-icacit","status":"publish","type":"page","link":"https:\/\/fips.unsa.edu.pe\/cienciadelacomputacion\/acreditacion-icacit\/","title":{"rendered":"Acreditaci\u00f3n ICACIT"},"content":{"rendered":"<p>La Escuela Profesional de Ciencia de la Computaci\u00f3n de la Universidad Nacional de San Agust\u00edn de Arequipa, es la primera con dicho nombre en nuestro Pa\u00eds y la primera con acreditaci\u00f3n por ICACIT , con criterio espec\u00edfico en Ciencia de la Computaci\u00f3n, con resultado de aprobaci\u00f3n m\u00e1xima de 06 a\u00f1os (2019-2025). Lo cual garantiza la formaci\u00f3n de Licenciados en Ciencia de la Computaci\u00f3n con capacidades y habilidades iguales a cualquier profesional de nivel internacional.<\/p>\n<p><img loading=\"lazy\" decoding=\"async\" class=\"alignnone size-full wp-image-1843\" src=\"https:\/\/fips.unsa.edu.pe\/cienciadelacomputacion\/wp-content\/uploads\/sites\/8\/2023\/03\/ICACIT_EPCC_UNSA-e1679876947780.jpg\" alt=\"\" width=\"1869\" height=\"2048\" srcset=\"https:\/\/fips.unsa.edu.pe\/cienciadelacomputacion\/wp-content\/uploads\/sites\/8\/2023\/03\/ICACIT_EPCC_UNSA-e1679876947780.jpg 1869w, https:\/\/fips.unsa.edu.pe\/cienciadelacomputacion\/wp-content\/uploads\/sites\/8\/2023\/03\/ICACIT_EPCC_UNSA-e1679876947780-768x842.jpg 768w, https:\/\/fips.unsa.edu.pe\/cienciadelacomputacion\/wp-content\/uploads\/sites\/8\/2023\/03\/ICACIT_EPCC_UNSA-e1679876947780-1402x1536.jpg 1402w\" sizes=\"auto, (max-width: 1869px) 100vw, 1869px\" \/><\/p>\n<p>&nbsp;<\/p>\n","protected":false},"excerpt":{"rendered":"<p>La Escuela Profesional de Ciencia de la Computaci\u00f3n de la Universidad Nacional de San Agust\u00edn de Arequipa, es la primera con dicho nombre en nuestro Pa\u00eds y la primera con acreditaci\u00f3n por ICACIT , con criterio espec\u00edfico en Ciencia de la Computaci\u00f3n, con resultado de aprobaci\u00f3n m\u00e1xima de 06 a\u00f1os (2019-2025). Lo cual garantiza la [&hellip;]<\/p>\n","protected":false},"author":3,"featured_media":0,"parent":0,"menu_order":0,"comment_status":"closed","ping_status":"closed","template":"","meta":{"footnotes":""},"class_list":["post-1842","page","type-page","status-publish","hentry"],"_links":{"self":[{"href":"https:\/\/fips.unsa.edu.pe\/cienciadelacomputacion\/wp-json\/wp\/v2\/pages\/1842","targetHints":{"allow":["GET"]}}],"collection":[{"href":"https:\/\/fips.unsa.edu.pe\/cienciadelacomputacion\/wp-json\/wp\/v2\/pages"}],"about":[{"href":"https:\/\/fips.unsa.edu.pe\/cienciadelacomputacion\/wp-json\/wp\/v2\/types\/page"}],"author":[{"embeddable":true,"href":"https:\/\/fips.unsa.edu.pe\/cienciadelacomputacion\/wp-json\/wp\/v2\/users\/3"}],"replies":[{"embeddable":true,"href":"https:\/\/fips.unsa.edu.pe\/cienciadelacomputacion\/wp-json\/wp\/v2\/comments?post=1842"}],"version-history":[{"count":4,"href":"https:\/\/fips.unsa.edu.pe\/cienciadelacomputacion\/wp-json\/wp\/v2\/pages\/1842\/revisions"}],"predecessor-version":[{"id":2994,"href":"https:\/\/fips.unsa.edu.pe\/cienciadelacomputacion\/wp-json\/wp\/v2\/pages\/1842\/revisions\/2994"}],"wp:attachment":[{"href":"https:\/\/fips.unsa.edu.pe\/cienciadelacomputacion\/wp-json\/wp\/v2\/media?parent=1842"}],"curies":[{"name":"wp","href":"https:\/\/api.w.org\/{rel}","templated":true}]}}