{"id":1742,"date":"2024-09-26T12:09:01","date_gmt":"2024-09-26T17:09:01","guid":{"rendered":"https:\/\/fips.unsa.edu.pe\/cienciadelacomputacion\/?page_id=1742"},"modified":"2024-09-26T12:09:01","modified_gmt":"2024-09-26T17:09:01","slug":"la-escuela-profesional-de-ciencia-de-la-computacion-es-nuevo-miembro-de-la-red-ciberlac","status":"publish","type":"page","link":"https:\/\/fips.unsa.edu.pe\/cienciadelacomputacion\/la-escuela-profesional-de-ciencia-de-la-computacion-es-nuevo-miembro-de-la-red-ciberlac\/","title":{"rendered":"La Escuela Profesional de Ciencia de la Computaci\u00f3n es nuevo miembro de la Red CiberLaC"},"content":{"rendered":"<p>Durante las semanas previas se han venido dando reuniones para la incorporaci\u00f3n de la EPCC a la Red CiberLac, la red de escuelas profesionales de mayor impacto a nivel latinoamericano, estando a cargo el proceso de admisi\u00f3n el Dr. Alvaro Mamani Aliaga.<\/p>\n<p>Siendo asi, en la Asamblea General de la Red <span class=\"il\">Ciberlac<\/span>, que se llev\u00f3 a cabo el 25 de octubre, la Escuela Profesional de Ciencia de la Computaci\u00f3n, de la Universidad Nacional de San Agust\u00edn, ha sido aceptada como parte de esta Red.<\/p>\n<p>Incluye un acuerdo con varias universidades de muy alto prestigio como la Universidad Nacional Aut\u00f3noma de M\u00e9xico en el campo de la Ciberseguridad.<\/p>\n<p>De este modo la Escuela Profesional de Ciencia de la Computaci\u00f3n se viene afianzando en el \u00e1rea de estudio de la Seguridad Computacional.<\/p>\n<p>Pr\u00f3ximamente estaremos informando de las nuevas actividades con esta nueva alianza.<\/p>\n<p>&nbsp;<\/p>\n<p>&nbsp;<\/p>\n","protected":false},"excerpt":{"rendered":"<p>Durante las semanas previas se han venido dando reuniones para la incorporaci\u00f3n de la EPCC a la Red CiberLac, la red de escuelas profesionales de mayor impacto a nivel latinoamericano, estando a cargo el proceso de admisi\u00f3n el Dr. Alvaro Mamani Aliaga. Siendo asi, en la Asamblea General de la Red Ciberlac, que se llev\u00f3 [&hellip;]<\/p>\n","protected":false},"author":15,"featured_media":1729,"parent":0,"menu_order":0,"comment_status":"closed","ping_status":"closed","template":"","meta":{"footnotes":""},"class_list":["post-1742","page","type-page","status-publish","has-post-thumbnail","hentry"],"_links":{"self":[{"href":"https:\/\/fips.unsa.edu.pe\/cienciadelacomputacion\/wp-json\/wp\/v2\/pages\/1742","targetHints":{"allow":["GET"]}}],"collection":[{"href":"https:\/\/fips.unsa.edu.pe\/cienciadelacomputacion\/wp-json\/wp\/v2\/pages"}],"about":[{"href":"https:\/\/fips.unsa.edu.pe\/cienciadelacomputacion\/wp-json\/wp\/v2\/types\/page"}],"author":[{"embeddable":true,"href":"https:\/\/fips.unsa.edu.pe\/cienciadelacomputacion\/wp-json\/wp\/v2\/users\/15"}],"replies":[{"embeddable":true,"href":"https:\/\/fips.unsa.edu.pe\/cienciadelacomputacion\/wp-json\/wp\/v2\/comments?post=1742"}],"version-history":[{"count":1,"href":"https:\/\/fips.unsa.edu.pe\/cienciadelacomputacion\/wp-json\/wp\/v2\/pages\/1742\/revisions"}],"predecessor-version":[{"id":1743,"href":"https:\/\/fips.unsa.edu.pe\/cienciadelacomputacion\/wp-json\/wp\/v2\/pages\/1742\/revisions\/1743"}],"wp:featuredmedia":[{"embeddable":true,"href":"https:\/\/fips.unsa.edu.pe\/cienciadelacomputacion\/wp-json\/wp\/v2\/media\/1729"}],"wp:attachment":[{"href":"https:\/\/fips.unsa.edu.pe\/cienciadelacomputacion\/wp-json\/wp\/v2\/media?parent=1742"}],"curies":[{"name":"wp","href":"https:\/\/api.w.org\/{rel}","templated":true}]}}