{"id":1726,"date":"2024-09-26T12:09:01","date_gmt":"2024-09-26T17:09:01","guid":{"rendered":"https:\/\/fips.unsa.edu.pe\/cienciadelacomputacion\/?page_id=1726"},"modified":"2024-09-26T12:09:01","modified_gmt":"2024-09-26T17:09:01","slug":"ganadores-del-tercer-puesto-en-el-concurso-de-baile-de-la-fips","status":"publish","type":"page","link":"https:\/\/fips.unsa.edu.pe\/cienciadelacomputacion\/ganadores-del-tercer-puesto-en-el-concurso-de-baile-de-la-fips\/","title":{"rendered":"Ganadores del Tercer Puesto en el Concurso de Baile de la FIPS"},"content":{"rendered":"<p>La Escuela Profesional de Ciencia de la Computaci\u00f3n se presento al concurso organizado por la FIPS (Facultad de Ingenier\u00eda de Producci\u00f3n y Servicios), en el marco de la celebraci\u00f3n de los 38 a\u00f1os de la fundaci\u00f3n de la misma.<\/p>\n<p>Para ello, los estudiantes han conformado un elenco de baile de 10 varones y 8 damas los cuales nos deleitaron\u00a0 con la Danza Fusi\u00f3n Peruana de los cuales se incluyeron temas como:<\/p>\n<ul>\n<li>Marinera Arequipe\u00f1a<\/li>\n<li>Festejo<\/li>\n<li>Huaylas<\/li>\n<li>Carnaval Arequipe\u00f1o<\/li>\n<\/ul>\n<p><img loading=\"lazy\" decoding=\"async\" class=\"wp-image-1724 aligncenter\" src=\"https:\/\/fips.unsa.edu.pe\/cienciadelacomputacion\/wp-content\/uploads\/sites\/8\/2022\/11\/ElencoBaile2022-360x203.jpg\" alt=\"\" width=\"443\" height=\"250\" \/><img loading=\"lazy\" decoding=\"async\" class=\"wp-image-1725 aligncenter\" src=\"https:\/\/fips.unsa.edu.pe\/cienciadelacomputacion\/wp-content\/uploads\/sites\/8\/2022\/11\/ElencoBaile2022_2-360x203.jpg\" alt=\"\" width=\"443\" height=\"250\" \/><\/p>\n<p>La presentaci\u00f3n se dio el d\u00eda Lunes 21 de Noviembre del 2022 , saliendo primeros en el sorteo organizado por la facultad.<\/p>\n<p>El elenco de baile hizo gala de su presentaci\u00f3n llegando a obtener el <strong>TERCER PUESTO<\/strong> a nivel de la facultad en el Concurso de Baile FIPS 2022.<\/p>\n<p>Siendo meritorio del Primer Trofeo Oficial de la EPCC, el cual esta expuesto en la Sala del Centro de Estudiantes en el Pabell\u00f3n Alan Turing.<\/p>\n<p>Felicitamos a nuestros estudiantes y los seguiremos motivando en la cultura y deporte como parte de su formaci\u00f3n academica.<\/p>\n<p><img loading=\"lazy\" decoding=\"async\" class=\" wp-image-1723 aligncenter\" src=\"https:\/\/fips.unsa.edu.pe\/cienciadelacomputacion\/wp-content\/uploads\/sites\/8\/2022\/11\/TrofeoBaile2022-360x203.jpg\" alt=\"\" width=\"711\" height=\"401\" srcset=\"https:\/\/fips.unsa.edu.pe\/cienciadelacomputacion\/wp-content\/uploads\/sites\/8\/2022\/11\/TrofeoBaile2022-360x203.jpg 360w, https:\/\/fips.unsa.edu.pe\/cienciadelacomputacion\/wp-content\/uploads\/sites\/8\/2022\/11\/TrofeoBaile2022-768x432.jpg 768w\" sizes=\"auto, (max-width: 711px) 100vw, 711px\" \/><\/p>\n","protected":false},"excerpt":{"rendered":"<p>La Escuela Profesional de Ciencia de la Computaci\u00f3n se presento al concurso organizado por la FIPS (Facultad de Ingenier\u00eda de Producci\u00f3n y Servicios), en el marco de la celebraci\u00f3n de los 38 a\u00f1os de la fundaci\u00f3n de la misma. Para ello, los estudiantes han conformado un elenco de baile de 10 varones y 8 damas [&hellip;]<\/p>\n","protected":false},"author":15,"featured_media":1723,"parent":0,"menu_order":0,"comment_status":"closed","ping_status":"closed","template":"","meta":{"footnotes":""},"class_list":["post-1726","page","type-page","status-publish","has-post-thumbnail","hentry"],"_links":{"self":[{"href":"https:\/\/fips.unsa.edu.pe\/cienciadelacomputacion\/wp-json\/wp\/v2\/pages\/1726","targetHints":{"allow":["GET"]}}],"collection":[{"href":"https:\/\/fips.unsa.edu.pe\/cienciadelacomputacion\/wp-json\/wp\/v2\/pages"}],"about":[{"href":"https:\/\/fips.unsa.edu.pe\/cienciadelacomputacion\/wp-json\/wp\/v2\/types\/page"}],"author":[{"embeddable":true,"href":"https:\/\/fips.unsa.edu.pe\/cienciadelacomputacion\/wp-json\/wp\/v2\/users\/15"}],"replies":[{"embeddable":true,"href":"https:\/\/fips.unsa.edu.pe\/cienciadelacomputacion\/wp-json\/wp\/v2\/comments?post=1726"}],"version-history":[{"count":1,"href":"https:\/\/fips.unsa.edu.pe\/cienciadelacomputacion\/wp-json\/wp\/v2\/pages\/1726\/revisions"}],"predecessor-version":[{"id":1727,"href":"https:\/\/fips.unsa.edu.pe\/cienciadelacomputacion\/wp-json\/wp\/v2\/pages\/1726\/revisions\/1727"}],"wp:featuredmedia":[{"embeddable":true,"href":"https:\/\/fips.unsa.edu.pe\/cienciadelacomputacion\/wp-json\/wp\/v2\/media\/1723"}],"wp:attachment":[{"href":"https:\/\/fips.unsa.edu.pe\/cienciadelacomputacion\/wp-json\/wp\/v2\/media?parent=1726"}],"curies":[{"name":"wp","href":"https:\/\/api.w.org\/{rel}","templated":true}]}}