{"id":1418,"date":"2024-09-26T12:09:01","date_gmt":"2024-09-26T17:09:01","guid":{"rendered":"https:\/\/fips.unsa.edu.pe\/cienciadelacomputacion\/?page_id=1418"},"modified":"2026-02-03T10:22:24","modified_gmt":"2026-02-03T15:22:24","slug":"matriculados-egresados-bachilleres-titulados","status":"publish","type":"page","link":"https:\/\/fips.unsa.edu.pe\/cienciadelacomputacion\/matriculados-egresados-bachilleres-titulados\/","title":{"rendered":"N\u00famero Matriculados, Egresados, Bachilleres, Titulados"},"content":{"rendered":"<p>La Escuela Profesional de Ciencia de la Computaci\u00f3n cuenta con el siguiente N\u00famero de Matriculados, Egresados, Bachilleres y Titulados en los \u00faltimos 5 a\u00f1os:<\/p>\n<p>&nbsp;<\/p>\n<table class=\"tg\" style=\"border-collapse: collapse;border-spacing: 0\">\n<thead>\n<tr>\n<th style=\"background-color: #5e151d;color: #ffffff;font-family: Arial, sans-serif;font-size: 14px;font-weight: bold;overflow: hidden;padding: 10px 5px;text-align: left;vertical-align: top;border: 1px solid #000000\"><\/th>\n<th style=\"background-color: #5e151d;color: #ffffff;font-family: Arial, sans-serif;font-size: 14px;font-weight: bold;overflow: hidden;padding: 10px 5px;text-align: center;vertical-align: top;border: 1px solid #000000\">2021<\/th>\n<th style=\"background-color: #5e151d;color: #ffffff;font-family: Arial, sans-serif;font-size: 14px;font-weight: bold;overflow: hidden;padding: 10px 5px;text-align: center;vertical-align: top;border: 1px solid #000000\">2022<\/th>\n<th style=\"background-color: #5e151d;color: #ffffff;font-family: Arial, sans-serif;font-size: 14px;font-weight: bold;overflow: hidden;padding: 10px 5px;text-align: center;vertical-align: top;border: 1px solid #000000\">2023<\/th>\n<th style=\"background-color: #5e151d;color: #ffffff;font-family: Arial, sans-serif;font-size: 14px;font-weight: bold;overflow: hidden;padding: 10px 5px;text-align: center;vertical-align: top;border: 1px solid #000000\">2024<\/th>\n<th style=\"background-color: #5e151d;color: #ffffff;font-family: Arial, sans-serif;font-size: 14px;font-weight: bold;overflow: hidden;padding: 10px 5px;text-align: center;vertical-align: top;border: 1px solid #000000\">2025<\/th>\n<\/tr>\n<\/thead>\n<tbody>\n<tr>\n<td style=\"font-family: Arial, sans-serif;font-size: 14px;font-weight: bold;overflow: hidden;padding: 10px 5px;text-align: left;vertical-align: top;border: 1px solid #000000\">N\u00ba de Matriculados<\/td>\n<td style=\"font-family: Arial, sans-serif;font-size: 14px;overflow: hidden;padding: 10px 5px;text-align: center;vertical-align: top;border: 1px solid #000000\">331<\/td>\n<td style=\"font-family: Arial, sans-serif;font-size: 14px;overflow: hidden;padding: 10px 5px;text-align: center;vertical-align: top;border: 1px solid #000000\">333<\/td>\n<td style=\"font-family: Arial, sans-serif;font-size: 14px;overflow: hidden;padding: 10px 5px;text-align: center;vertical-align: top;border: 1px solid #000000\">367<\/td>\n<td style=\"font-family: Arial, sans-serif;font-size: 14px;overflow: hidden;padding: 10px 5px;text-align: center;vertical-align: top;border: 1px solid #000000\">359<\/td>\n<td style=\"font-family: Arial, sans-serif;font-size: 14px;overflow: hidden;padding: 10px 5px;text-align: center;vertical-align: top;border: 1px solid #000000\">339<\/td>\n<\/tr>\n<tr>\n<td style=\"font-family: Arial, sans-serif;font-size: 14px;font-weight: bold;overflow: hidden;padding: 10px 5px;text-align: left;vertical-align: top;border: 1px solid #000000\">N\u00ba de Egresados<\/td>\n<td style=\"font-family: Arial, sans-serif;font-size: 14px;overflow: hidden;padding: 10px 5px;text-align: center;vertical-align: top;border: 1px solid #000000\">36<\/td>\n<td style=\"font-family: Arial, sans-serif;font-size: 14px;overflow: hidden;padding: 10px 5px;text-align: center;vertical-align: top;border: 1px solid #000000\">20<\/td>\n<td style=\"font-family: Arial, sans-serif;font-size: 14px;overflow: hidden;padding: 10px 5px;text-align: center;vertical-align: top;border: 1px solid #000000\">17<\/td>\n<td style=\"font-family: Arial, sans-serif;font-size: 14px;overflow: hidden;padding: 10px 5px;text-align: center;vertical-align: top;border: 1px solid #000000\">21<\/td>\n<td style=\"font-family: Arial, sans-serif;font-size: 14px;overflow: hidden;padding: 10px 5px;text-align: center;vertical-align: top;border: 1px solid #000000\">29<\/td>\n<\/tr>\n<tr>\n<td style=\"font-family: Arial, sans-serif;font-size: 14px;font-weight: bold;overflow: hidden;padding: 10px 5px;text-align: left;vertical-align: top;border: 1px solid #000000\">N\u00ba de Bachilleres<\/td>\n<td style=\"font-family: Arial, sans-serif;font-size: 14px;overflow: hidden;padding: 10px 5px;text-align: center;vertical-align: top;border: 1px solid #000000\">21<\/td>\n<td style=\"font-family: Arial, sans-serif;font-size: 14px;overflow: hidden;padding: 10px 5px;text-align: center;vertical-align: top;border: 1px solid #000000\">17<\/td>\n<td style=\"font-family: Arial, sans-serif;font-size: 14px;overflow: hidden;padding: 10px 5px;text-align: center;vertical-align: top;border: 1px solid #000000\">33<\/td>\n<td style=\"font-family: Arial, sans-serif;font-size: 14px;overflow: hidden;padding: 10px 5px;text-align: center;vertical-align: top;border: 1px solid #000000\">43<\/td>\n<td style=\"font-family: Arial, sans-serif;font-size: 14px;overflow: hidden;padding: 10px 5px;text-align: center;vertical-align: top;border: 1px solid #000000\">13<\/td>\n<\/tr>\n<tr>\n<td style=\"font-family: Arial, sans-serif;font-size: 14px;font-weight: bold;overflow: hidden;padding: 10px 5px;text-align: left;vertical-align: top;border: 1px solid #000000\">N\u00ba de Titulados<\/td>\n<td style=\"font-family: Arial, sans-serif;font-size: 14px;overflow: hidden;padding: 10px 5px;text-align: center;vertical-align: top;border: 1px solid #000000\">2<\/td>\n<td style=\"font-family: Arial, sans-serif;font-size: 14px;overflow: hidden;padding: 10px 5px;text-align: center;vertical-align: top;border: 1px solid #000000\">2<\/td>\n<td style=\"font-family: Arial, sans-serif;font-size: 14px;overflow: hidden;padding: 10px 5px;text-align: center;vertical-align: top;border: 1px solid #000000\">3<\/td>\n<td style=\"font-family: Arial, sans-serif;font-size: 14px;overflow: hidden;padding: 10px 5px;text-align: center;vertical-align: top;border: 1px solid #000000\">4<\/td>\n<td style=\"font-family: Arial, sans-serif;font-size: 14px;overflow: hidden;padding: 10px 5px;text-align: center;vertical-align: top;border: 1px solid #000000\">1<\/td>\n<\/tr>\n<\/tbody>\n<\/table>\n<p>&nbsp;<\/p>\n","protected":false},"excerpt":{"rendered":"<p>La Escuela Profesional de Ciencia de la Computaci\u00f3n cuenta con el siguiente N\u00famero de Matriculados, Egresados, Bachilleres y Titulados en los \u00faltimos 5 a\u00f1os: &nbsp; 2021 2022 2023 2024 2025 N\u00ba de Matriculados 331 333 367 359 339 N\u00ba de Egresados 36 20 17 21 29 N\u00ba de Bachilleres 21 17 33 43 13 N\u00ba [&hellip;]<\/p>\n","protected":false},"author":23,"featured_media":0,"parent":0,"menu_order":0,"comment_status":"closed","ping_status":"closed","template":"","meta":{"footnotes":""},"class_list":["post-1418","page","type-page","status-publish","hentry"],"_links":{"self":[{"href":"https:\/\/fips.unsa.edu.pe\/cienciadelacomputacion\/wp-json\/wp\/v2\/pages\/1418","targetHints":{"allow":["GET"]}}],"collection":[{"href":"https:\/\/fips.unsa.edu.pe\/cienciadelacomputacion\/wp-json\/wp\/v2\/pages"}],"about":[{"href":"https:\/\/fips.unsa.edu.pe\/cienciadelacomputacion\/wp-json\/wp\/v2\/types\/page"}],"author":[{"embeddable":true,"href":"https:\/\/fips.unsa.edu.pe\/cienciadelacomputacion\/wp-json\/wp\/v2\/users\/23"}],"replies":[{"embeddable":true,"href":"https:\/\/fips.unsa.edu.pe\/cienciadelacomputacion\/wp-json\/wp\/v2\/comments?post=1418"}],"version-history":[{"count":23,"href":"https:\/\/fips.unsa.edu.pe\/cienciadelacomputacion\/wp-json\/wp\/v2\/pages\/1418\/revisions"}],"predecessor-version":[{"id":3169,"href":"https:\/\/fips.unsa.edu.pe\/cienciadelacomputacion\/wp-json\/wp\/v2\/pages\/1418\/revisions\/3169"}],"wp:attachment":[{"href":"https:\/\/fips.unsa.edu.pe\/cienciadelacomputacion\/wp-json\/wp\/v2\/media?parent=1418"}],"curies":[{"name":"wp","href":"https:\/\/api.w.org\/{rel}","templated":true}]}}