{"id":1398,"date":"2024-09-26T12:09:33","date_gmt":"2024-09-26T17:09:33","guid":{"rendered":"https:\/\/fips.unsa.edu.pe\/cienciadelacomputacion\/?page_id=1398"},"modified":"2025-03-25T11:38:00","modified_gmt":"2025-03-25T16:38:00","slug":"resultados-del-estudiante","status":"publish","type":"page","link":"https:\/\/fips.unsa.edu.pe\/cienciadelacomputacion\/resultados-del-estudiante\/","title":{"rendered":"Resultados del Estudiante"},"content":{"rendered":"<p><strong>ATRIBUTOS DEL GRADUADO <\/strong><\/p>\n<p><strong>[AG-C01] El Profesional y el Mundo: <\/strong>Analiza y eval\u00faa el impacto de las soluciones a problemas complejos de computaci\u00f3n en el desarrollo sostenible de la sociedad, considerando aspectos de salud, seguridad, legales y culturales dentro de los contextos locales y globales, y las consiguientes responsabilidades relevantes para la pr\u00e1ctica profesional de la computaci\u00f3n<strong>. <\/strong><\/p>\n<p><strong>[AG-C02] \u00c9tica<\/strong>: Aplica principios \u00e9ticos y se compromete con la \u00e9tica profesional y las normas de la pr\u00e1ctica profesional de la computaci\u00f3n, se adhiere a las leyes nacionales e internacionales relevantes y demuestra comprensi\u00f3n de la importancia de la diversidad y la inclusi\u00f3n.<\/p>\n<p><strong>[AG-C03] Trabajo Individual y en Equipo<\/strong>: Se desempe\u00f1a efectivamente como individuo y como miembro o l\u00edder en equipos diversos e inclusivos y en entornos multidisciplinarios, presenciales, remotos y sus combinaciones.<\/p>\n<p><strong>[AG-C04] Comunicaci\u00f3n:<\/strong> Se comunica de forma efectiva en actividades complejas de computaci\u00f3n con la comunidad de computaci\u00f3n y la sociedad en general, siendo capaz de comprender y redactar informes y documentaci\u00f3n de dise\u00f1o efectivos, y realizar presentaciones efectivas, teniendo en cuenta diferencias culturales, de idioma y de aprendizaje.<\/p>\n<p><strong>[AG-C05] Gesti\u00f3n de Proyectos<\/strong>: Aplica los principios de gesti\u00f3n en computaci\u00f3n, las metodolog\u00edas apropiadas a su campo y la toma de decisiones econ\u00f3micas considerando eventuales riesgos, como individuo y como miembro o l\u00edder de equipo, para gestionar proyectos en entornos multidisciplinarios.<\/p>\n<p><strong>[AG-C06] Aprendizaje a lo largo de la vida<\/strong>: Reconoce la importancia y est\u00e1 preparado para: i) aprender de forma independiente y continua, ii) adaptarse a tecnolog\u00edas nuevas y emergentes, y iii) aplicar el pensamiento cr\u00edtico en el contexto m\u00e1s amplio de los cambios tecnol\u00f3gicos<strong>. <\/strong><\/p>\n<p><strong>[AG-C07] Conocimientos de Computaci\u00f3n:<\/strong> Aplica conocimientos apropiados de matem\u00e1ticas, ciencias y computaci\u00f3n para <strong>desarrollar <\/strong>soluciones a problemas complejos de computaci\u00f3n. [AG-C08] An\u00e1lisis de Problemas: Identifica, formula, busca informaci\u00f3n y analiza problemas complejos de computaci\u00f3n llegando a conclusiones fundamentadas usando principios de matem\u00e1ticas, ciencias de la computaci\u00f3n y otras disciplinas relevantes, con las consideraciones necesarias para el desarrollo sostenible<strong>.<\/strong><\/p>\n<p><strong>[AG-C08] An\u00e1lisis de Problemas: <\/strong>Identifica, formula, busca informaci\u00f3n y analiza problemas complejos de computaci\u00f3n llegando a conclusiones fundamentadas usando principios de matem\u00e1ticas, ciencias de la computaci\u00f3n y otras disciplinas relevantes, con las consideraciones necesarias para el desarrollo sostenible<\/p>\n<p><strong>[AG-C09] Dise\u00f1o y Desarrollo de Soluciones<\/strong>: Dise\u00f1a, implementa y eval\u00faa soluciones para problemas complejos de computaci\u00f3n y dise\u00f1a y eval\u00faa sistemas, componentes o procesos para satisfacer necesidades espec\u00edficas con consideraciones hol\u00edsticas para el desarrollo sostenible.<\/p>\n<p><strong>[AG-C10]<\/strong> <strong>Indagaci\u00f3n:<\/strong> Estudia problemas complejos de computaci\u00f3n usando m\u00e9todos de ciencias de la informaci\u00f3n para la b\u00fasqueda de informaci\u00f3n de investigaciones previas; an\u00e1lisis, interpretaci\u00f3n y s\u00edntesis de informaci\u00f3n para producir conclusiones v\u00e1lidas.<\/p>\n<p><strong>[AG-C11] Uso de Herramientas:<\/strong> Crea, selecciona, adapta y aplica t\u00e9cnicas, recursos y herramientas modernas de computaci\u00f3n en la resoluci\u00f3n de problemas complejos de computaci\u00f3n; reconociendo las limitaciones de las mismas<\/p>\n<p><strong>[AG-C12]<\/strong> <strong>Desarrollo de software<sup>:<\/sup><\/strong> Aplica la teor\u00eda de la ciencia de la computaci\u00f3n y los fundamentos de desarrollo de software para producir soluciones basadas en computadora.<\/p>\n<p>&nbsp;<\/p>\n<p><strong>ALINEACI\u00d3N CON RESULTADOS DEL ESTUDIANTE<\/strong><\/p>\n<table border=\"1px\" width=\"907\">\n<tbody>\n<tr>\n<td width=\"378\"><strong>ATRIBUTOS DEL GRADUADO<\/strong><\/td>\n<td width=\"255\"><strong>RESULTADOS DEL ESTUDIANTES<\/strong><\/td>\n<td width=\"274\"><strong>RESULTADOS DEL ESTUDIANTES<\/strong><\/td>\n<\/tr>\n<tr>\n<td width=\"378\"><strong>[AG-C01] El Profesional y el Mundo: <\/strong>Analiza y eval\u00faa el impacto de las soluciones a problemas complejos de computaci\u00f3n en el desarrollo sostenible de la sociedad, considerando aspectos de salud, seguridad, legales y culturales dentro de los contextos locales y globales, y las consiguientes responsabilidades relevantes para la pr\u00e1ctica profesional de la computaci\u00f3n.<\/td>\n<td width=\"255\"><strong>(f) Profesionalismo y Sociedad:<\/strong>\u00a0La capacidad de analizar el impacto local y global de la computaci\u00f3n sobre las personas, las organizaciones y la sociedad.<\/td>\n<td width=\"274\"><strong>[RE-C07] Profesionalismo y Sociedad:<\/strong> Analiza y valora el impacto local y global de la computaci\u00f3n sobre las personas, las organizaciones y la sociedad.<\/td>\n<\/tr>\n<tr>\n<td width=\"378\"><strong>[AG-C02] \u00c9tica: <\/strong>Aplica principios \u00e9ticos y se compromete con la \u00e9tica profesional y las normas de la pr\u00e1ctica profesional de la computaci\u00f3n, se adhiere a las leyes nacionales e internacionales relevantes y demuestra comprensi\u00f3n de la importancia de la diversidad y la inclusi\u00f3n.<\/td>\n<td width=\"255\"><\/td>\n<td width=\"274\"><\/td>\n<\/tr>\n<tr>\n<td width=\"378\"><strong>[AG-C03] Trabajo Individual y en Equipo: <\/strong>Se desempe\u00f1a efectivamente como individuo y como miembro o l\u00edder en equipos diversos e inclusivos y en entornos multidisciplinarios, presenciales, remotos y sus combinaciones.<\/td>\n<td width=\"255\"><strong>(d) Trabajo Individual y en Equipo:<\/strong>\u00a0La capacidad de desenvolverse eficazmente como individuo, como miembro o l\u00edder de equipos diversos.<\/td>\n<td width=\"274\"><strong>[RE-C05] Trabajo Individual y en Equipo:<\/strong> Act\u00faa eficazmente como individuo, como<\/p>\n<p>miembro o l\u00edder de equipos diversos.<\/td>\n<\/tr>\n<tr>\n<td width=\"378\"><strong>[AG-C04] Comunicaci\u00f3n: <\/strong>Se comunica de forma efectiva en actividades complejas de computaci\u00f3n con la comunidad de computaci\u00f3n y la sociedad en general, siendo capaz de comprender y redactar informes y documentaci\u00f3n de dise\u00f1o efectivos, y realizar presentaciones efectivas, teniendo en cuenta diferencias culturales, de idioma y de aprendizaje.<\/td>\n<td width=\"255\"><strong>(e) Comunicaci\u00f3n:<\/strong>\u00a0La capacidad de comunicarse eficazmente, de forma oral y escrita, en una variedad de contextos profesionales.<\/td>\n<td width=\"274\"><strong>[RE-C06] Comunicaci\u00f3n:<\/strong> Se comunica eficazmente de forma oral y escrita, en una variedad de contextos profesionales.<\/td>\n<\/tr>\n<tr>\n<td width=\"378\"><strong>[AG-C05] Gesti\u00f3n de Proyectos: <\/strong>Aplica los principios de gesti\u00f3n en computaci\u00f3n, las metodolog\u00edas apropiadas a su campo y la toma de decisiones econ\u00f3micas considerando eventuales riesgos, como individuo y como miembro o l\u00edder de equipo, para gestionar proyectos en entornos multidisciplinarios.<\/td>\n<td width=\"255\"><strong>\u00a0<\/strong><\/td>\n<td width=\"274\"><strong>\u00a0<\/strong><\/td>\n<\/tr>\n<tr>\n<td width=\"378\"><strong>[AG-C06] Aprendizaje a lo largo de la vida: <\/strong>Reconoce la importancia y est\u00e1 preparado para: i) aprender de forma independiente y continua, ii) adaptarse a tecnolog\u00edas nuevas y emergentes, y iii) aplicar el pensamiento cr\u00edtico en el contexto m\u00e1s amplio de los cambios tecnol\u00f3gicos.<\/td>\n<td width=\"255\"><strong>(g) Aprendizaje Continuo:<\/strong>\u00a0La capacidad de reconocer la necesidad del aprendizaje y el desarrollo profesional continuo.<\/td>\n<td width=\"274\"><strong>[RE-C09] Aprendizaje Continuo<\/strong>: Reconoce la necesidad y tiene la capacidad para dedicarse a un aprendizaje aut\u00f3nomo para el desarrollo profesional continuo.<\/td>\n<\/tr>\n<tr>\n<td width=\"378\"><strong>[AG-C07] Conocimientos de Computaci\u00f3n: <\/strong>Aplica conocimientos apropiados de matem\u00e1ticas, ciencias y computaci\u00f3n para desarrollar soluciones a problemas complejos de computaci\u00f3n. [AG-C08] An\u00e1lisis de Problemas: Identifica, formula, busca informaci\u00f3n y analiza problemas complejos de computaci\u00f3n llegando a conclusiones fundamentadas usando principios de matem\u00e1ticas, ciencias de la computaci\u00f3n y otras disciplinas relevantes, con las consideraciones necesarias para el desarrollo sostenible<strong>.<\/strong><\/td>\n<td width=\"255\"><strong>(a) Conocimientos de Computaci\u00f3n:<\/strong>\u00a0La capacidad de aplicar conocimientos de matem\u00e1ticas, ciencias, computaci\u00f3n y una especialidad de computaci\u00f3n apropiados para los resultados del estudiante y la disciplina del programa.<\/td>\n<td width=\"274\"><strong>[RE-C01] Conocimientos de Computaci\u00f3n:<\/strong> Aplica conocimientos de matem\u00e1ticas, ciencias y computaci\u00f3n apropiados para la soluci\u00f3n de problemas definidos y sus requerimientos en la disciplina del programa.<\/td>\n<\/tr>\n<tr>\n<td width=\"378\"><strong>[AG-C08] An\u00e1lisis de Problemas: <\/strong>Identifica, formula, busca informaci\u00f3n y analiza problemas complejos de computaci\u00f3n llegando a conclusiones fundamentadas usando principios de matem\u00e1ticas, ciencias de la computaci\u00f3n y otras disciplinas relevantes, con las consideraciones necesarias para el desarrollo sostenible<\/td>\n<td width=\"255\"><strong>(b) An\u00e1lisis de Problemas:<\/strong>\u00a0La capacidad de identificar, formular, investigar literatura y resolver problemas complejos de computaci\u00f3n y otras disciplinas relevantes en el dominio.<\/td>\n<td width=\"274\"><strong>[RE-C02] An\u00e1lisis de Problemas:<\/strong> Identifica, formula, investiga literatura y resuelve problemas complejos de computaci\u00f3n y otras disciplinas relevantes en el dominio.<\/td>\n<\/tr>\n<tr>\n<td width=\"378\"><strong>[AG-C09] Dise\u00f1o y Desarrollo de Soluciones: <\/strong>Dise\u00f1a, implementa y eval\u00faa soluciones para problemas complejos de computaci\u00f3n y dise\u00f1a y eval\u00faa sistemas, componentes o procesos para satisfacer necesidades espec\u00edficas con consideraciones hol\u00edsticas para el desarrollo sostenible.<\/td>\n<td width=\"255\"><strong>(c) Dise\u00f1o y Desarrollo de Soluciones:<\/strong>\u00a0La capacidad de dise\u00f1ar, implementar y evaluar soluciones a problemas complejos de computaci\u00f3n y dise\u00f1a y eval\u00faa sistemas, componentes o procesos que satisfacen las necesidades espec\u00edficas.<\/td>\n<td width=\"274\"><strong>[RE-C03] Dise\u00f1o y Desarrollo de Soluciones:<\/strong> Dise\u00f1a, implementa y eval\u00faa soluciones a problemas complejos de computaci\u00f3n y dise\u00f1a y eval\u00faa sistemas, componentes o procesos que satisfacen las necesidades espec\u00edficas.<\/td>\n<\/tr>\n<tr>\n<td width=\"378\"><strong>[AG-C10] Indagaci\u00f3n: <\/strong>Estudia problemas complejos de computaci\u00f3n usando m\u00e9todos de ciencias de la informaci\u00f3n para la b\u00fasqueda de informaci\u00f3n de investigaciones previas; an\u00e1lisis, interpretaci\u00f3n y s\u00edntesis de informaci\u00f3n para producir conclusiones v\u00e1lidas.<\/td>\n<td width=\"255\"><strong>(i)<\/strong>\u00a0La capacidad de aplicar fundamentos matem\u00e1ticos, principios algor\u00edtmicos y teor\u00eda de ciencias de la computaci\u00f3n en el modelamiento y dise\u00f1o de sistemas basados en computadora de modo que demuestren la comprensi\u00f3n de las ventajas y desventajas involucradas en las opciones de dise\u00f1o.<\/td>\n<td width=\"274\"><strong>[RE-C10]<\/strong> La capacidad de aplicar fundamentos matem\u00e1ticos, principios algor\u00edtmicos y teor\u00eda de ciencia de la computaci\u00f3n en el modelamiento y dise\u00f1o de sistemas basados en computadora de modo que demuestren la comprensi\u00f3n de las ventajas y desventajas involucradas en las opciones de dise\u00f1o.<\/td>\n<\/tr>\n<tr>\n<td width=\"378\"><strong>[AG-I11] Uso de Herramientas: <\/strong>Crea, selecciona, aplica, y reconoce las limitaciones de las t\u00e9cnicas, recursos y herramientas modernas apropiadas de ingenier\u00eda y tecnolog\u00edas de la informaci\u00f3n, incluyendo la predicci\u00f3n y el modelado, en problemas complejos de ingenier\u00eda.<\/td>\n<td width=\"255\"><strong>(h) Uso de Herramientas Modernas:<\/strong>\u00a0La capacidad de crear, seleccionar, adaptar y aplicar t\u00e9cnicas, recursos y herramientas modernas para la pr\u00e1ctica de la computaci\u00f3n, con la comprensi\u00f3n de sus limitaciones.<\/td>\n<td width=\"274\"><strong>[RE-C04] Uso de Herramientas Modernas:<\/strong> Crea, selecciona, adapta y aplica t\u00e9cnicas,<\/p>\n<p>recursos y herramientas modernas para la pr\u00e1ctica de la computaci\u00f3n y comprende sus limitaciones.<\/td>\n<\/tr>\n<tr>\n<td width=\"378\"><strong>[AG-C12] Desarrollo de software: <\/strong>Aplica la teor\u00eda de la ciencia de la computaci\u00f3n y los fundamentos de desarrollo de software para producir soluciones basadas en computadora.<\/td>\n<td width=\"255\"><strong>(j)<\/strong>\u00a0La capacidad de aplicar principios de dise\u00f1o y desarrollo en la construcci\u00f3n de sistemas de software de diversa complejidad.<\/td>\n<td width=\"274\"><strong>[RE-C11]<\/strong> La capacidad de aplicar principios de dise\u00f1o y desarrollo en la construcci\u00f3n de sistemas de software de diversa complejidad.<\/td>\n<\/tr>\n<\/tbody>\n<\/table>\n<p>&nbsp;<\/p>\n","protected":false},"excerpt":{"rendered":"<p>ATRIBUTOS DEL GRADUADO [AG-C01] El Profesional y el Mundo: Analiza y eval\u00faa el impacto de las soluciones a problemas complejos de computaci\u00f3n en el desarrollo sostenible de la sociedad, considerando aspectos de salud, seguridad, legales y culturales dentro de los contextos locales y globales, y las consiguientes responsabilidades relevantes para la pr\u00e1ctica profesional de la [&hellip;]<\/p>\n","protected":false},"author":23,"featured_media":1279,"parent":0,"menu_order":0,"comment_status":"closed","ping_status":"closed","template":"","meta":{"footnotes":""},"class_list":["post-1398","page","type-page","status-publish","has-post-thumbnail","hentry"],"_links":{"self":[{"href":"https:\/\/fips.unsa.edu.pe\/cienciadelacomputacion\/wp-json\/wp\/v2\/pages\/1398","targetHints":{"allow":["GET"]}}],"collection":[{"href":"https:\/\/fips.unsa.edu.pe\/cienciadelacomputacion\/wp-json\/wp\/v2\/pages"}],"about":[{"href":"https:\/\/fips.unsa.edu.pe\/cienciadelacomputacion\/wp-json\/wp\/v2\/types\/page"}],"author":[{"embeddable":true,"href":"https:\/\/fips.unsa.edu.pe\/cienciadelacomputacion\/wp-json\/wp\/v2\/users\/23"}],"replies":[{"embeddable":true,"href":"https:\/\/fips.unsa.edu.pe\/cienciadelacomputacion\/wp-json\/wp\/v2\/comments?post=1398"}],"version-history":[{"count":5,"href":"https:\/\/fips.unsa.edu.pe\/cienciadelacomputacion\/wp-json\/wp\/v2\/pages\/1398\/revisions"}],"predecessor-version":[{"id":3151,"href":"https:\/\/fips.unsa.edu.pe\/cienciadelacomputacion\/wp-json\/wp\/v2\/pages\/1398\/revisions\/3151"}],"wp:featuredmedia":[{"embeddable":true,"href":"https:\/\/fips.unsa.edu.pe\/cienciadelacomputacion\/wp-json\/wp\/v2\/media\/1279"}],"wp:attachment":[{"href":"https:\/\/fips.unsa.edu.pe\/cienciadelacomputacion\/wp-json\/wp\/v2\/media?parent=1398"}],"curies":[{"name":"wp","href":"https:\/\/api.w.org\/{rel}","templated":true}]}}