{"id":1395,"date":"2024-09-26T12:09:01","date_gmt":"2024-09-26T17:09:01","guid":{"rendered":"https:\/\/fips.unsa.edu.pe\/cienciadelacomputacion\/?page_id=1395"},"modified":"2026-02-03T10:12:22","modified_gmt":"2026-02-03T15:12:22","slug":"objetivos-educacionales","status":"publish","type":"page","link":"https:\/\/fips.unsa.edu.pe\/cienciadelacomputacion\/objetivos-educacionales\/","title":{"rendered":"Objetivos Educacionales"},"content":{"rendered":"<ol>\n<li>Tener una s\u00f3lida base te\u00f3rica y pr\u00e1ctica en los fundamentos de la ciencia de la computaci\u00f3n que les permita dise\u00f1ar, implementar y evaluar soluciones inform\u00e1ticas innovadoras y eficientes.<\/li>\n<li>Liderar e integrar equipos de trabajo multidisciplinario (locales, nacionales o internacionales) en proyectos de ciencia, tecnolog\u00eda e innovaci\u00f3n, demostrando habilidades de comunicaci\u00f3n efectiva, colaboraci\u00f3n, gesti\u00f3n del cambio y adaptabilidad en entornos organizacionales din\u00e1micos y de alta complejidad.<\/li>\n<li>Comprender las cuestiones sociales y \u00e9ticas relacionadas con la ciencia de la computaci\u00f3n, lo que les permitir\u00e1 ser profesionales responsables con las personas y el medio ambiente.<\/li>\n<\/ol>\n","protected":false},"excerpt":{"rendered":"<p>Tener una s\u00f3lida base te\u00f3rica y pr\u00e1ctica en los fundamentos de la ciencia de la computaci\u00f3n que les permita dise\u00f1ar, implementar y evaluar soluciones inform\u00e1ticas innovadoras y eficientes. Liderar e integrar equipos de trabajo multidisciplinario (locales, nacionales o internacionales) en proyectos de ciencia, tecnolog\u00eda e innovaci\u00f3n, demostrando habilidades de comunicaci\u00f3n efectiva, colaboraci\u00f3n, gesti\u00f3n del cambio [&hellip;]<\/p>\n","protected":false},"author":1750940800,"featured_media":0,"parent":0,"menu_order":0,"comment_status":"closed","ping_status":"closed","template":"","meta":{"footnotes":""},"class_list":["post-1395","page","type-page","status-publish","hentry"],"_links":{"self":[{"href":"https:\/\/fips.unsa.edu.pe\/cienciadelacomputacion\/wp-json\/wp\/v2\/pages\/1395","targetHints":{"allow":["GET"]}}],"collection":[{"href":"https:\/\/fips.unsa.edu.pe\/cienciadelacomputacion\/wp-json\/wp\/v2\/pages"}],"about":[{"href":"https:\/\/fips.unsa.edu.pe\/cienciadelacomputacion\/wp-json\/wp\/v2\/types\/page"}],"author":[{"embeddable":true,"href":"https:\/\/fips.unsa.edu.pe\/cienciadelacomputacion\/wp-json\/wp\/v2\/users\/1750940800"}],"replies":[{"embeddable":true,"href":"https:\/\/fips.unsa.edu.pe\/cienciadelacomputacion\/wp-json\/wp\/v2\/comments?post=1395"}],"version-history":[{"count":2,"href":"https:\/\/fips.unsa.edu.pe\/cienciadelacomputacion\/wp-json\/wp\/v2\/pages\/1395\/revisions"}],"predecessor-version":[{"id":3166,"href":"https:\/\/fips.unsa.edu.pe\/cienciadelacomputacion\/wp-json\/wp\/v2\/pages\/1395\/revisions\/3166"}],"wp:attachment":[{"href":"https:\/\/fips.unsa.edu.pe\/cienciadelacomputacion\/wp-json\/wp\/v2\/media?parent=1395"}],"curies":[{"name":"wp","href":"https:\/\/api.w.org\/{rel}","templated":true}]}}