{"id":1374,"date":"2024-09-26T12:09:01","date_gmt":"2024-09-26T17:09:01","guid":{"rendered":"https:\/\/fips.unsa.edu.pe\/cienciadelacomputacion\/?page_id=1374"},"modified":"2024-09-26T12:09:01","modified_gmt":"2024-09-26T17:09:01","slug":"grados-y-titulos","status":"publish","type":"page","link":"https:\/\/fips.unsa.edu.pe\/cienciadelacomputacion\/grados-y-titulos\/","title":{"rendered":"Grados y T\u00edtulos"},"content":{"rendered":"<ul>\n<li><strong>GRADO ACAD\u00c9MICO:<br \/>\n<\/strong>Bachiller en Ciencia de la Computaci\u00f3n<\/li>\n<\/ul>\n<ul>\n<li><strong>T\u00cdTULO PROFESIONAL:<br \/>\n<\/strong>Licenciado en Ciencia de la Computaci\u00f3n<\/li>\n<\/ul>\n","protected":false},"excerpt":{"rendered":"<p>GRADO ACAD\u00c9MICO: Bachiller en Ciencia de la Computaci\u00f3n T\u00cdTULO PROFESIONAL: Licenciado en Ciencia de la Computaci\u00f3n<\/p>\n","protected":false},"author":1,"featured_media":1439,"parent":0,"menu_order":0,"comment_status":"closed","ping_status":"closed","template":"","meta":{"footnotes":""},"class_list":["post-1374","page","type-page","status-publish","has-post-thumbnail","hentry"],"_links":{"self":[{"href":"https:\/\/fips.unsa.edu.pe\/cienciadelacomputacion\/wp-json\/wp\/v2\/pages\/1374","targetHints":{"allow":["GET"]}}],"collection":[{"href":"https:\/\/fips.unsa.edu.pe\/cienciadelacomputacion\/wp-json\/wp\/v2\/pages"}],"about":[{"href":"https:\/\/fips.unsa.edu.pe\/cienciadelacomputacion\/wp-json\/wp\/v2\/types\/page"}],"author":[{"embeddable":true,"href":"https:\/\/fips.unsa.edu.pe\/cienciadelacomputacion\/wp-json\/wp\/v2\/users\/1"}],"replies":[{"embeddable":true,"href":"https:\/\/fips.unsa.edu.pe\/cienciadelacomputacion\/wp-json\/wp\/v2\/comments?post=1374"}],"version-history":[{"count":3,"href":"https:\/\/fips.unsa.edu.pe\/cienciadelacomputacion\/wp-json\/wp\/v2\/pages\/1374\/revisions"}],"predecessor-version":[{"id":1386,"href":"https:\/\/fips.unsa.edu.pe\/cienciadelacomputacion\/wp-json\/wp\/v2\/pages\/1374\/revisions\/1386"}],"wp:featuredmedia":[{"embeddable":true,"href":"https:\/\/fips.unsa.edu.pe\/cienciadelacomputacion\/wp-json\/wp\/v2\/media\/1439"}],"wp:attachment":[{"href":"https:\/\/fips.unsa.edu.pe\/cienciadelacomputacion\/wp-json\/wp\/v2\/media?parent=1374"}],"curies":[{"name":"wp","href":"https:\/\/api.w.org\/{rel}","templated":true}]}}