{"id":1183,"date":"2024-09-26T12:09:01","date_gmt":"2024-09-26T17:09:01","guid":{"rendered":"http:\/\/www2.unsa.edu.pe\/fips\/ciecomputacion\/?page_id=1183"},"modified":"2024-09-26T12:09:01","modified_gmt":"2024-09-26T17:09:01","slug":"infraestructura","status":"publish","type":"page","link":"https:\/\/fips.unsa.edu.pe\/cienciadelacomputacion\/infraestructura\/","title":{"rendered":"Infraestructura"},"content":{"rendered":"<p>La Escuela Profesional de Ciencia de la Computaci\u00f3n cuenta con un edificio de ultima generaci\u00f3n totalmente equipado para<br \/>\nlas necesidades de todos nuestros estudiantes.<\/p>\n<p>Nuestro pabell\u00f3n se llama Alan Turing, en conmemoraci\u00f3n al Padre de la Computaci\u00f3n.<\/p>\n<p>Dentro de nuestro pabell\u00f3n contamos con:<\/p>\n<ul>\n<li style=\"list-style-type: none\">\n<ul>\n<li style=\"list-style-type: none\">\n<ul>\n<li>\n<h3>5 aulas para dictado de clases te\u00f3ricas.<\/h3>\n<\/li>\n<\/ul>\n<\/li>\n<\/ul>\n<\/li>\n<\/ul>\n<p><img loading=\"lazy\" decoding=\"async\" class=\"wp-image-1753 aligncenter\" src=\"https:\/\/fips.unsa.edu.pe\/cienciadelacomputacion\/wp-content\/uploads\/sites\/8\/2022\/11\/IMG_20220905_132124-scaled.jpg\" alt=\"\" width=\"700\" height=\"526\" srcset=\"https:\/\/fips.unsa.edu.pe\/cienciadelacomputacion\/wp-content\/uploads\/sites\/8\/2022\/11\/IMG_20220905_132124-scaled.jpg 2560w, https:\/\/fips.unsa.edu.pe\/cienciadelacomputacion\/wp-content\/uploads\/sites\/8\/2022\/11\/IMG_20220905_132124-88x67.jpg 88w, https:\/\/fips.unsa.edu.pe\/cienciadelacomputacion\/wp-content\/uploads\/sites\/8\/2022\/11\/IMG_20220905_132124-768x577.jpg 768w, https:\/\/fips.unsa.edu.pe\/cienciadelacomputacion\/wp-content\/uploads\/sites\/8\/2022\/11\/IMG_20220905_132124-1536x1153.jpg 1536w, https:\/\/fips.unsa.edu.pe\/cienciadelacomputacion\/wp-content\/uploads\/sites\/8\/2022\/11\/IMG_20220905_132124-2048x1538.jpg 2048w\" sizes=\"auto, (max-width: 700px) 100vw, 700px\" \/><\/p>\n<ul>\n<li style=\"list-style-type: none\">\n<ul>\n<li style=\"list-style-type: none\">\n<ul>\n<li>\n<h3>1 Laboratorio Expansible de Programaci\u00f3n Cient\u00edfica.<\/h3>\n<\/li>\n<\/ul>\n<\/li>\n<\/ul>\n<p><img loading=\"lazy\" decoding=\"async\" class=\"wp-image-1753 aligncenter\" src=\"https:\/\/fips.unsa.edu.pe\/cienciadelacomputacion\/wp-content\/uploads\/sites\/8\/2022\/11\/IMG_20220412_115510-scaled.jpg\" alt=\"\" width=\"700\" height=\"526\" \/><\/p>\n<ul>\n<li>\n<h3>2 Laboratorio De Programaci\u00f3n Cient\u00edfica.<\/h3>\n<\/li>\n<\/ul>\n<\/li>\n<\/ul>\n<p><img loading=\"lazy\" decoding=\"async\" class=\"aligncenter wp-image-1754 \" src=\"https:\/\/fips.unsa.edu.pe\/cienciadelacomputacion\/wp-content\/uploads\/sites\/8\/2022\/11\/IMG_20210810_104355-scaled.jpg\" alt=\"\" width=\"700\" height=\"525\" srcset=\"https:\/\/fips.unsa.edu.pe\/cienciadelacomputacion\/wp-content\/uploads\/sites\/8\/2022\/11\/IMG_20210810_104355-scaled.jpg 2560w, https:\/\/fips.unsa.edu.pe\/cienciadelacomputacion\/wp-content\/uploads\/sites\/8\/2022\/11\/IMG_20210810_104355-88x67.jpg 88w, https:\/\/fips.unsa.edu.pe\/cienciadelacomputacion\/wp-content\/uploads\/sites\/8\/2022\/11\/IMG_20210810_104355-768x576.jpg 768w, https:\/\/fips.unsa.edu.pe\/cienciadelacomputacion\/wp-content\/uploads\/sites\/8\/2022\/11\/IMG_20210810_104355-1536x1152.jpg 1536w, https:\/\/fips.unsa.edu.pe\/cienciadelacomputacion\/wp-content\/uploads\/sites\/8\/2022\/11\/IMG_20210810_104355-2048x1536.jpg 2048w\" sizes=\"auto, (max-width: 700px) 100vw, 700px\" \/><\/p>\n<ul>\n<li style=\"list-style-type: none\">\n<ul>\n<li style=\"list-style-type: none\">\n<ul>\n<li>\n<h3>1 Laboratorio Especial De Ciencia de Datos, Computaci\u00f3n Grafica y Rob\u00f3tica.<\/h3>\n<\/li>\n<\/ul>\n<\/li>\n<\/ul>\n<p><img loading=\"lazy\" decoding=\"async\" class=\"aligncenter wp-image-1760\" src=\"https:\/\/fips.unsa.edu.pe\/cienciadelacomputacion\/wp-content\/uploads\/sites\/8\/2022\/11\/laboratorioEspecial2.jpg\" alt=\"\" width=\"710\" height=\"320\" srcset=\"https:\/\/fips.unsa.edu.pe\/cienciadelacomputacion\/wp-content\/uploads\/sites\/8\/2022\/11\/laboratorioEspecial2.jpg 1600w, https:\/\/fips.unsa.edu.pe\/cienciadelacomputacion\/wp-content\/uploads\/sites\/8\/2022\/11\/laboratorioEspecial2-768x346.jpg 768w, https:\/\/fips.unsa.edu.pe\/cienciadelacomputacion\/wp-content\/uploads\/sites\/8\/2022\/11\/laboratorioEspecial2-1536x691.jpg 1536w\" sizes=\"auto, (max-width: 710px) 100vw, 710px\" \/><\/p>\n<ul>\n<li style=\"list-style-type: none\">\n<ul>\n<li>\n<h3>1 Laboratorio Especial de Cloud Computing e Inteligencia Artificial.<\/h3>\n<\/li>\n<li>\n<h3>1 Espacio de Descanso y Esparcimiento<\/h3>\n<\/li>\n<\/ul>\n<\/li>\n<\/ul>\n<\/li>\n<\/ul>\n<p><img loading=\"lazy\" decoding=\"async\" class=\"aligncenter wp-image-1759\" src=\"https:\/\/fips.unsa.edu.pe\/cienciadelacomputacion\/wp-content\/uploads\/sites\/8\/2022\/11\/IMG_20220421_092211-scaled.jpg\" alt=\"\" width=\"700\" height=\"525\" srcset=\"https:\/\/fips.unsa.edu.pe\/cienciadelacomputacion\/wp-content\/uploads\/sites\/8\/2022\/11\/IMG_20220421_092211-scaled.jpg 2560w, https:\/\/fips.unsa.edu.pe\/cienciadelacomputacion\/wp-content\/uploads\/sites\/8\/2022\/11\/IMG_20220421_092211-88x67.jpg 88w, https:\/\/fips.unsa.edu.pe\/cienciadelacomputacion\/wp-content\/uploads\/sites\/8\/2022\/11\/IMG_20220421_092211-768x576.jpg 768w, https:\/\/fips.unsa.edu.pe\/cienciadelacomputacion\/wp-content\/uploads\/sites\/8\/2022\/11\/IMG_20220421_092211-1536x1152.jpg 1536w, https:\/\/fips.unsa.edu.pe\/cienciadelacomputacion\/wp-content\/uploads\/sites\/8\/2022\/11\/IMG_20220421_092211-2048x1536.jpg 2048w\" sizes=\"auto, (max-width: 700px) 100vw, 700px\" \/><\/p>\n<ul>\n<li style=\"list-style-type: none\">\n<ul>\n<li style=\"list-style-type: none\">\n<ul>\n<li style=\"list-style-type: none\">\n<ul>\n<li>\n<h3>1 Sala de Investigaci\u00f3n Cient\u00edfica<\/h3>\n<\/li>\n<li>\n<h3>1 Sala de Investigaci\u00f3n de Doctorado<\/h3>\n<\/li>\n<li>\n<h3>1 Sala de\u00a0 Proyectos de Investigaci\u00f3n<\/h3>\n<\/li>\n<li>\n<h3>1 Sala Docente y Reuniones<\/h3>\n<\/li>\n<li>\n<h3>1 Direcci\u00f3n de Escuela de Pregrado<\/h3>\n<ul>\n<li>Escuela Profesional de Ciencia de la Computaci\u00f3n<\/li>\n<\/ul>\n<\/li>\n<li>\n<h3>1 Direcci\u00f3n de Escuela de Posgrado<\/h3>\n<ul>\n<li>Maestr\u00eda de Inform\u00e1tica<\/li>\n<li>Maestr\u00eda de Ciencias de la Computaci\u00f3n<\/li>\n<li>Doctorado de Ciencias de la Computaci\u00f3n<\/li>\n<\/ul>\n<\/li>\n<li>\n<h3>4 Estaciones de Servicios Higi\u00e9nicos<\/h3>\n<\/li>\n<\/ul>\n<\/li>\n<\/ul>\n<\/li>\n<li><\/li>\n<\/ul>\n<\/li>\n<\/ul>\n","protected":false},"excerpt":{"rendered":"<p>La Escuela Profesional de Ciencia de la Computaci\u00f3n cuenta con un edificio de ultima generaci\u00f3n totalmente equipado para las necesidades de todos nuestros estudiantes. Nuestro pabell\u00f3n se llama Alan Turing, en conmemoraci\u00f3n al Padre de la Computaci\u00f3n. Dentro de nuestro pabell\u00f3n contamos con: 5 aulas para dictado de clases te\u00f3ricas. 1 Laboratorio Expansible de Programaci\u00f3n [&hellip;]<\/p>\n","protected":false},"author":1,"featured_media":1752,"parent":0,"menu_order":0,"comment_status":"closed","ping_status":"closed","template":"","meta":{"footnotes":""},"class_list":["post-1183","page","type-page","status-publish","has-post-thumbnail","hentry"],"_links":{"self":[{"href":"https:\/\/fips.unsa.edu.pe\/cienciadelacomputacion\/wp-json\/wp\/v2\/pages\/1183","targetHints":{"allow":["GET"]}}],"collection":[{"href":"https:\/\/fips.unsa.edu.pe\/cienciadelacomputacion\/wp-json\/wp\/v2\/pages"}],"about":[{"href":"https:\/\/fips.unsa.edu.pe\/cienciadelacomputacion\/wp-json\/wp\/v2\/types\/page"}],"author":[{"embeddable":true,"href":"https:\/\/fips.unsa.edu.pe\/cienciadelacomputacion\/wp-json\/wp\/v2\/users\/1"}],"replies":[{"embeddable":true,"href":"https:\/\/fips.unsa.edu.pe\/cienciadelacomputacion\/wp-json\/wp\/v2\/comments?post=1183"}],"version-history":[{"count":17,"href":"https:\/\/fips.unsa.edu.pe\/cienciadelacomputacion\/wp-json\/wp\/v2\/pages\/1183\/revisions"}],"predecessor-version":[{"id":1773,"href":"https:\/\/fips.unsa.edu.pe\/cienciadelacomputacion\/wp-json\/wp\/v2\/pages\/1183\/revisions\/1773"}],"wp:featuredmedia":[{"embeddable":true,"href":"https:\/\/fips.unsa.edu.pe\/cienciadelacomputacion\/wp-json\/wp\/v2\/media\/1752"}],"wp:attachment":[{"href":"https:\/\/fips.unsa.edu.pe\/cienciadelacomputacion\/wp-json\/wp\/v2\/media?parent=1183"}],"curies":[{"name":"wp","href":"https:\/\/api.w.org\/{rel}","templated":true}]}}