{"id":1167,"date":"2024-09-26T12:09:01","date_gmt":"2024-09-26T17:09:01","guid":{"rendered":"http:\/\/www2.unsa.edu.pe\/fips\/ciecomputacion\/?page_id=1167"},"modified":"2024-09-26T12:09:01","modified_gmt":"2024-09-26T17:09:01","slug":"campo-ocupacional","status":"publish","type":"page","link":"https:\/\/fips.unsa.edu.pe\/cienciadelacomputacion\/campo-ocupacional\/","title":{"rendered":"Campo Ocupacional"},"content":{"rendered":"<p>Nuestro egresado podr\u00e1 prestar sus servicios profesionales en empresas e instituciones p\u00fablicas y privadas que requieran sus capacidades en funci\u00f3n del desarrollo que oferta, entre ellas: Empresas dedicadas a la producci\u00f3n de software con calidad internacional.<\/p>\n<p>Empresas, instituciones y organizaciones que requieran software de calidad para mejorar sus actividades y\/o servicios ofertados.<\/p>\n<p>Nuestro egresado puede desempe\u00f1arse en el mercado laboral sin ning\u00fan problema ya que, en general, la exigencia del mercado y campo ocupacional est\u00e1 mucho m\u00e1s orientada al uso de herramientas.<\/p>\n<p>Sin embargo, es poco com\u00fan que los propios profesionales de esta carrera se pregunten: \u00bfqu\u00e9 tipo de formaci\u00f3n deber\u00eda tener si yo quisiera crear esas herramientas adem\u00e1s de saber usarlas. En otras palabras, los creadores de tecnolog\u00eda son los que dan origen a nuevos puestos de trabajo y abren la posibilidad de que otros puedan usar esa tecnolog\u00eda. Debido a la formaci\u00f3n basada en la investigaci\u00f3n, nuestro profesional debe siempre ser un innovador en el campo ocupacional.<\/p>\n","protected":false},"excerpt":{"rendered":"<p>Nuestro egresado podr\u00e1 prestar sus servicios profesionales en empresas e instituciones p\u00fablicas y privadas que requieran sus capacidades en funci\u00f3n del desarrollo que oferta, entre ellas: Empresas dedicadas a la producci\u00f3n de software con calidad internacional. Empresas, instituciones y organizaciones que requieran software de calidad para mejorar sus actividades y\/o servicios ofertados. Nuestro egresado puede [&hellip;]<\/p>\n","protected":false},"author":1,"featured_media":1281,"parent":0,"menu_order":0,"comment_status":"closed","ping_status":"closed","template":"","meta":{"footnotes":""},"class_list":["post-1167","page","type-page","status-publish","has-post-thumbnail","hentry"],"_links":{"self":[{"href":"https:\/\/fips.unsa.edu.pe\/cienciadelacomputacion\/wp-json\/wp\/v2\/pages\/1167","targetHints":{"allow":["GET"]}}],"collection":[{"href":"https:\/\/fips.unsa.edu.pe\/cienciadelacomputacion\/wp-json\/wp\/v2\/pages"}],"about":[{"href":"https:\/\/fips.unsa.edu.pe\/cienciadelacomputacion\/wp-json\/wp\/v2\/types\/page"}],"author":[{"embeddable":true,"href":"https:\/\/fips.unsa.edu.pe\/cienciadelacomputacion\/wp-json\/wp\/v2\/users\/1"}],"replies":[{"embeddable":true,"href":"https:\/\/fips.unsa.edu.pe\/cienciadelacomputacion\/wp-json\/wp\/v2\/comments?post=1167"}],"version-history":[{"count":4,"href":"https:\/\/fips.unsa.edu.pe\/cienciadelacomputacion\/wp-json\/wp\/v2\/pages\/1167\/revisions"}],"predecessor-version":[{"id":2988,"href":"https:\/\/fips.unsa.edu.pe\/cienciadelacomputacion\/wp-json\/wp\/v2\/pages\/1167\/revisions\/2988"}],"wp:featuredmedia":[{"embeddable":true,"href":"https:\/\/fips.unsa.edu.pe\/cienciadelacomputacion\/wp-json\/wp\/v2\/media\/1281"}],"wp:attachment":[{"href":"https:\/\/fips.unsa.edu.pe\/cienciadelacomputacion\/wp-json\/wp\/v2\/media?parent=1167"}],"curies":[{"name":"wp","href":"https:\/\/api.w.org\/{rel}","templated":true}]}}