{"id":1165,"date":"2024-09-26T12:09:01","date_gmt":"2024-09-26T17:09:01","guid":{"rendered":"http:\/\/www2.unsa.edu.pe\/fips\/ciecomputacion\/?page_id=1165"},"modified":"2024-09-26T12:09:01","modified_gmt":"2024-09-26T17:09:01","slug":"perfil-del-egresado","status":"publish","type":"page","link":"https:\/\/fips.unsa.edu.pe\/cienciadelacomputacion\/perfil-del-egresado\/","title":{"rendered":"Perfil del Egresado"},"content":{"rendered":"<p>El egresado del Programa Profesional de Ciencia de la Computaci\u00f3n es capaz de:<\/p>\n<ol>\n<li>Desarrollar tecnolog\u00eda computacional buscando el bien com\u00fan de los individuos, la sociedad y las organizaciones.<\/li>\n<li>Aportar con su formaci\u00f3n humana y sus capacidades cient\u00edficas y profesionales con la soluci\u00f3n de los problemas sociales de nuestro entorno.<\/li>\n<li>Transformar, acelerar y ampliar los l\u00edmites de cualquier \u00e1rea del conocimiento a trav\u00e9s de soluciones innovadoras basadas en el uso eficiente de tecnolog\u00eda computacional.<\/li>\n<li>Adaptarse r\u00e1pidamente a los cambios tecnol\u00f3gicos debido a su formaci\u00f3n basada en la investigaci\u00f3n constante.<\/li>\n<li>Trabajar y liderar equipos multidisciplinarios que llevan a cabo proyectos de innovaci\u00f3n tecnol\u00f3gica.<\/li>\n<li>Incrementar las ventajas competitivas de cualquier organizaci\u00f3n a trav\u00e9s del uso eficiente de tecnolog\u00eda computacional gracias a su alta capacidad de abstracci\u00f3n.<\/li>\n<li>Crear empresas de base tecnol\u00f3gica.<\/li>\n<li>Poder seguir estudios de postgrado con exigencia internacional en \u00e1reas relacionadas.<\/li>\n<\/ol>\n","protected":false},"excerpt":{"rendered":"<p>El egresado del Programa Profesional de Ciencia de la Computaci\u00f3n es capaz de: Desarrollar tecnolog\u00eda computacional buscando el bien com\u00fan de los individuos, la sociedad y las organizaciones. Aportar con su formaci\u00f3n humana y sus capacidades cient\u00edficas y profesionales con la soluci\u00f3n de los problemas sociales de nuestro entorno. Transformar, acelerar y ampliar los l\u00edmites [&hellip;]<\/p>\n","protected":false},"author":1,"featured_media":1438,"parent":0,"menu_order":0,"comment_status":"closed","ping_status":"closed","template":"","meta":{"footnotes":""},"class_list":["post-1165","page","type-page","status-publish","has-post-thumbnail","hentry"],"_links":{"self":[{"href":"https:\/\/fips.unsa.edu.pe\/cienciadelacomputacion\/wp-json\/wp\/v2\/pages\/1165","targetHints":{"allow":["GET"]}}],"collection":[{"href":"https:\/\/fips.unsa.edu.pe\/cienciadelacomputacion\/wp-json\/wp\/v2\/pages"}],"about":[{"href":"https:\/\/fips.unsa.edu.pe\/cienciadelacomputacion\/wp-json\/wp\/v2\/types\/page"}],"author":[{"embeddable":true,"href":"https:\/\/fips.unsa.edu.pe\/cienciadelacomputacion\/wp-json\/wp\/v2\/users\/1"}],"replies":[{"embeddable":true,"href":"https:\/\/fips.unsa.edu.pe\/cienciadelacomputacion\/wp-json\/wp\/v2\/comments?post=1165"}],"version-history":[{"count":3,"href":"https:\/\/fips.unsa.edu.pe\/cienciadelacomputacion\/wp-json\/wp\/v2\/pages\/1165\/revisions"}],"predecessor-version":[{"id":1371,"href":"https:\/\/fips.unsa.edu.pe\/cienciadelacomputacion\/wp-json\/wp\/v2\/pages\/1165\/revisions\/1371"}],"wp:featuredmedia":[{"embeddable":true,"href":"https:\/\/fips.unsa.edu.pe\/cienciadelacomputacion\/wp-json\/wp\/v2\/media\/1438"}],"wp:attachment":[{"href":"https:\/\/fips.unsa.edu.pe\/cienciadelacomputacion\/wp-json\/wp\/v2\/media?parent=1165"}],"curies":[{"name":"wp","href":"https:\/\/api.w.org\/{rel}","templated":true}]}}