{"id":1159,"date":"2024-09-26T12:09:01","date_gmt":"2024-09-26T17:09:01","guid":{"rendered":"http:\/\/www2.unsa.edu.pe\/fips\/ciecomputacion\/?page_id=1159"},"modified":"2024-09-26T12:09:01","modified_gmt":"2024-09-26T17:09:01","slug":"personal-docente","status":"publish","type":"page","link":"https:\/\/fips.unsa.edu.pe\/cienciadelacomputacion\/personal-docente\/","title":{"rendered":"Personal Docentes"},"content":{"rendered":"<p>El Personal Docente que presta servicios a la Escuela Profesional de Ciencia de la Computaci\u00f3n es el siguiente:<\/p>\n<table style=\"border: 1px solid gray;border-radius: 15px\">\n<thead>\n<tr>\n<th style=\"background-color: #5e151d;color: #ffffff;font-family: Arial, sans-serif;font-size: 14px;font-weight: bold;overflow: hidden;padding: 10px 5px;text-align: center;vertical-align: top;border: 1px solid #000000\">Nro.<\/th>\n<th style=\"background-color: #5e151d;color: #ffffff;font-family: Arial, sans-serif;font-size: 14px;font-weight: bold;overflow: hidden;padding: 10px 5px;text-align: center;vertical-align: top;border: 1px solid #000000\">Nombres y Apellidos<\/th>\n<th style=\"background-color: #5e151d;color: #ffffff;font-family: Arial, sans-serif;font-size: 14px;font-weight: bold;overflow: hidden;padding: 10px 5px;text-align: center;vertical-align: top;border: 1px solid #000000\">Correo Institucional<\/th>\n<th style=\"background-color: #5e151d;color: #ffffff;font-family: Arial, sans-serif;font-size: 14px;font-weight: bold;overflow: hidden;padding: 10px 5px;text-align: center;vertical-align: top;border: 1px solid #000000\">R\u00e9gimen<\/th>\n<th style=\"background-color: #5e151d;color: #ffffff;font-family: Arial, sans-serif;font-size: 14px;font-weight: bold;overflow: hidden;padding: 10px 5px;text-align: center;vertical-align: top;border: 1px solid #000000\">H-Index<\/th>\n<th style=\"background-color: #5e151d;color: #ffffff;font-family: Arial, sans-serif;font-size: 14px;font-weight: bold;overflow: hidden;padding: 10px 5px;text-align: center;vertical-align: top;border: 1px solid #000000\">Art\u00edculos<\/th>\n<th style=\"background-color: #5e151d;color: #ffffff;font-family: Arial, sans-serif;font-size: 14px;font-weight: bold;overflow: hidden;padding: 10px 5px;text-align: center;vertical-align: top;border: 1px solid #000000\">Proyectos<\/th>\n<\/tr>\n<\/thead>\n<tbody>\n<tr>\n<td style=\"padding: 5px;text-align: left\">01<\/td>\n<td style=\"padding: 5px;text-align: left\"><a href=\"https:\/\/dina.concytec.gob.pe\/appDirectorioCTI\/VerDatosInvestigador.do?id_investigador=14249\" target=\"_blank\" rel=\"noopener\">DR. JUAN CARLOS GUTIERREZ CACERES <\/a><\/td>\n<td style=\"padding: 5px;text-align: left\">jgutierrezca@unsa.edu.pe<\/td>\n<td style=\"padding: 5px;text-align: left\">Asociado &#8211; Investigador<\/td>\n<td style=\"padding: 5px;text-align: left\">05<\/td>\n<td style=\"padding: 5px;text-align: left\">18<\/td>\n<td style=\"padding: 5px;text-align: left\">07<\/td>\n<\/tr>\n<\/tbody>\n<tbody>\n<tr>\n<td style=\"padding: 5px;text-align: left\">02<\/td>\n<td style=\"padding: 5px;text-align: left\"><a href=\"https:\/\/dina.concytec.gob.pe\/appDirectorioCTI\/VerDatosInvestigador.do?id_investigador=14818\" target=\"_blank\" rel=\"noopener\">MG. ANA MARIA CUADROS VALDIVIA<\/a><\/td>\n<td style=\"padding: 5px;text-align: left\">acuadrosv@unsa.edu.pe<\/td>\n<td style=\"padding: 5px;text-align: left\">Auxiliar &#8211; Investigador<\/td>\n<td style=\"padding: 5px;text-align: left\">02<\/td>\n<td style=\"padding: 5px;text-align: left\">05<\/td>\n<td style=\"padding: 5px;text-align: left\">03<\/td>\n<\/tr>\n<\/tbody>\n<tbody>\n<tr>\n<td style=\"padding: 5px;text-align: left\">03<\/td>\n<td style=\"padding: 5px;text-align: left\"><a href=\"https:\/\/dina.concytec.gob.pe\/appDirectorioCTI\/VerDatosInvestigador.do?id_investigador=13612\" target=\"_blank\" rel=\"noopener\">DR. CRISTIAN JOSE LOPEZ DEL ALAMO<\/a><\/td>\n<td style=\"padding: 5px;text-align: left\">clopezd@unsa.edu.pe<\/td>\n<td style=\"padding: 5px;text-align: left\">Asociado &#8211; Investigador<\/td>\n<td style=\"padding: 5px;text-align: left\">02<\/td>\n<td style=\"padding: 5px;text-align: left\">12<\/td>\n<td style=\"padding: 5px;text-align: left\">05<\/td>\n<\/tr>\n<\/tbody>\n<tbody>\n<tr>\n<td style=\"padding: 5px;text-align: left\">04<\/td>\n<td style=\"padding: 5px;text-align: left\"><a href=\"https:\/\/dina.concytec.gob.pe\/appDirectorioCTI\/VerDatosInvestigador.do?id_investigador=19823\" target=\"_blank\" rel=\"noopener\">DR. EDWARD HINOJOSA CARDENAS<\/a><\/td>\n<td style=\"padding: 5px;text-align: left\">ehinojosa@unsa.edu.pe<\/td>\n<td style=\"padding: 5px;text-align: left\">Auxiliar &#8211; Investigador<\/td>\n<td style=\"padding: 5px;text-align: left\">04<\/td>\n<td style=\"padding: 5px;text-align: left\">14<\/td>\n<td style=\"padding: 5px;text-align: left\">03<\/td>\n<\/tr>\n<\/tbody>\n<tbody>\n<tr>\n<td style=\"padding: 5px;text-align: left\">05<\/td>\n<td style=\"padding: 5px;text-align: left\"><a href=\"https:\/\/dina.concytec.gob.pe\/appDirectorioCTI\/VerDatosInvestigador.do?id_investigador=70933\" target=\"_blank\" rel=\"noopener\">MG. ELIANA MARIA ADRIAZOLA HERRERA<\/a><\/td>\n<td style=\"padding: 5px;text-align: left\">eadriazola@unsa.edu.pe<\/td>\n<td style=\"padding: 5px;text-align: left\">Asociado<\/td>\n<td style=\"padding: 5px;text-align: left\">00<\/td>\n<td style=\"padding: 5px;text-align: left\">00<\/td>\n<td style=\"padding: 5px;text-align: left\">02<\/td>\n<\/tr>\n<\/tbody>\n<tbody>\n<tr>\n<td style=\"padding: 5px;text-align: left\">06<\/td>\n<td style=\"padding: 5px;text-align: left\"><a href=\"https:\/\/dina.concytec.gob.pe\/appDirectorioCTI\/VerDatosInvestigador.do?id_investigador=42471\" target=\"_blank\" rel=\"noopener\">MG. FRANCI SUNI LOPEZ<\/a><\/td>\n<td style=\"padding: 5px;text-align: left\">fsunilo@unsa.edu.pe<\/td>\n<td style=\"padding: 5px;text-align: left\"><\/td>\n<td style=\"padding: 5px;text-align: left\">00<\/td>\n<td style=\"padding: 5px;text-align: left\">00<\/td>\n<td style=\"padding: 5px;text-align: left\">00<\/td>\n<\/tr>\n<\/tbody>\n<tbody>\n<tr>\n<td style=\"padding: 5px;text-align: left\">07<\/td>\n<td style=\"padding: 5px;text-align: left\"><a href=\"https:\/\/dina.concytec.gob.pe\/appDirectorioCTI\/VerDatosInvestigador.do?id_investigador=29632\" target=\"_blank\" rel=\"noopener\">MG. WILBER ROBERTO RAMOS LOVON<\/a><\/td>\n<td style=\"padding: 5px;text-align: left\">wramos@unsa.edu.pe<\/td>\n<td style=\"padding: 5px;text-align: left\">Principal<\/td>\n<td style=\"padding: 5px;text-align: left\">01<\/td>\n<td style=\"padding: 5px;text-align: left\">04<\/td>\n<td style=\"padding: 5px;text-align: left\">02<\/td>\n<\/tr>\n<\/tbody>\n<tbody>\n<tr>\n<td style=\"padding: 5px;text-align: left\">08<\/td>\n<td style=\"padding: 5px;text-align: left\"><a href=\"https:\/\/dina.concytec.gob.pe\/appDirectorioCTI\/VerDatosInvestigador.do?id_investigador=3139\" target=\"_blank\" rel=\"noopener\">DRA. ROXANA FLORES QUISPE<\/a><\/td>\n<td style=\"padding: 5px;text-align: left\">rfloresqu@unsa.edu.pe<\/td>\n<td style=\"padding: 5px;text-align: left\">Auxiliar &#8211; Investigador<\/td>\n<td style=\"padding: 5px;text-align: left\">02<\/td>\n<td style=\"padding: 5px;text-align: left\">07<\/td>\n<td style=\"padding: 5px;text-align: left\">03<\/td>\n<\/tr>\n<\/tbody>\n<tbody>\n<tr>\n<td style=\"padding: 5px;text-align: left\">09<\/td>\n<td style=\"padding: 5px;text-align: left\"><a href=\"https:\/\/dina.concytec.gob.pe\/appDirectorioCTI\/VerDatosInvestigador.do?id_investigador=11069\" target=\"_blank\" rel=\"noopener\">DR. ALVARO HENRY MAMANI ALIAGA<\/a><\/td>\n<td style=\"padding: 5px;text-align: left\">amamaniali@unsa.edu.pe<\/td>\n<td style=\"padding: 5px;text-align: left\"><\/td>\n<td style=\"padding: 5px;text-align: left\">04<\/td>\n<td style=\"padding: 5px;text-align: left\">19<\/td>\n<td style=\"padding: 5px;text-align: left\">08<\/td>\n<\/tr>\n<\/tbody>\n<tbody>\n<tr>\n<td style=\"padding: 5px;text-align: left\">10<\/td>\n<td style=\"padding: 5px;text-align: left\"><a href=\"https:\/\/dina.concytec.gob.pe\/appDirectorioCTI\/VerDatosInvestigador.do?id_investigador=31394\" target=\"_blank\" rel=\"noopener\">DR. YUBER ELMER VELAZCO PAREDES<\/a><\/td>\n<td style=\"padding: 5px;text-align: left\">yvelazco@unsa.edu.pe<\/td>\n<td style=\"padding: 5px;text-align: left\">Auxiliar &#8211; Investigador<\/td>\n<td style=\"padding: 5px;text-align: left\">02<\/td>\n<td style=\"padding: 5px;text-align: left\">04<\/td>\n<td style=\"padding: 5px;text-align: left\">03<\/td>\n<\/tr>\n<\/tbody>\n<tbody>\n<tr>\n<td style=\"padding: 5px;text-align: left\">11<\/td>\n<td style=\"padding: 5px;text-align: left\"><a href=\"https:\/\/dina.concytec.gob.pe\/appDirectorioCTI\/VerDatosInvestigador.do?id_investigador=41133\" target=\"_blank\" rel=\"noopener\">DR. EDGAR SARMIENTO CALISAYA<\/a><\/td>\n<td style=\"padding: 5px;text-align: left\">esarmientoca@unsa.edu.pe<\/td>\n<td style=\"padding: 5px;text-align: left\"><\/td>\n<td style=\"padding: 5px;text-align: left\">05<\/td>\n<td style=\"padding: 5px;text-align: left\">25<\/td>\n<td style=\"padding: 5px;text-align: left\">02<\/td>\n<\/tr>\n<\/tbody>\n<tbody>\n<tr>\n<td style=\"padding: 5px;text-align: left\">12<\/td>\n<td style=\"padding: 5px;text-align: left\"><a href=\"https:\/\/dina.concytec.gob.pe\/appDirectorioCTI\/VerDatosInvestigador.do?id_investigador=14141\" target=\"_blank\" rel=\"noopener\">DRA. YESSENIA DEYSI, YARI RAMOS<\/a><\/td>\n<td style=\"padding: 5px;text-align: left\">yyarira@unsa.edu.pe<\/td>\n<td style=\"padding: 5px;text-align: left\"><\/td>\n<td style=\"padding: 5px;text-align: left\">02<\/td>\n<td style=\"padding: 5px;text-align: left\">15<\/td>\n<td style=\"padding: 5px;text-align: left\">04<\/td>\n<\/tr>\n<\/tbody>\n<tbody>\n<tr>\n<td style=\"padding: 5px;text-align: left\">13<\/td>\n<td style=\"padding: 5px;text-align: left\"><a href=\"https:\/\/dina.concytec.gob.pe\/appDirectorioCTI\/VerDatosInvestigador.do?id_investigador=73973\" target=\"_blank\" rel=\"noopener\">MG. ROSA YULIANA PACCOTACYA YANQUE<\/a><\/td>\n<td style=\"padding: 5px;text-align: left\">rpaccotacya@unsa.edu.pe<\/td>\n<td style=\"padding: 5px;text-align: left\"><\/td>\n<td style=\"padding: 5px;text-align: left\">01<\/td>\n<td style=\"padding: 5px;text-align: left\">06<\/td>\n<td style=\"padding: 5px;text-align: left\">02<\/td>\n<\/tr>\n<\/tbody>\n<\/table>\n<p>&nbsp;<\/p>\n","protected":false},"excerpt":{"rendered":"<p>El Personal Docente que presta servicios a la Escuela Profesional de Ciencia de la Computaci\u00f3n es el siguiente: Nro. Nombres y Apellidos Correo Institucional R\u00e9gimen H-Index Art\u00edculos Proyectos 01 DR. JUAN CARLOS GUTIERREZ CACERES jgutierrezca@unsa.edu.pe Asociado &#8211; Investigador 05 18 07 02 MG. ANA MARIA CUADROS VALDIVIA acuadrosv@unsa.edu.pe Auxiliar &#8211; Investigador 02 05 03 03 [&hellip;]<\/p>\n","protected":false},"author":1,"featured_media":1436,"parent":0,"menu_order":0,"comment_status":"closed","ping_status":"closed","template":"","meta":{"footnotes":""},"class_list":["post-1159","page","type-page","status-publish","has-post-thumbnail","hentry"],"_links":{"self":[{"href":"https:\/\/fips.unsa.edu.pe\/cienciadelacomputacion\/wp-json\/wp\/v2\/pages\/1159","targetHints":{"allow":["GET"]}}],"collection":[{"href":"https:\/\/fips.unsa.edu.pe\/cienciadelacomputacion\/wp-json\/wp\/v2\/pages"}],"about":[{"href":"https:\/\/fips.unsa.edu.pe\/cienciadelacomputacion\/wp-json\/wp\/v2\/types\/page"}],"author":[{"embeddable":true,"href":"https:\/\/fips.unsa.edu.pe\/cienciadelacomputacion\/wp-json\/wp\/v2\/users\/1"}],"replies":[{"embeddable":true,"href":"https:\/\/fips.unsa.edu.pe\/cienciadelacomputacion\/wp-json\/wp\/v2\/comments?post=1159"}],"version-history":[{"count":65,"href":"https:\/\/fips.unsa.edu.pe\/cienciadelacomputacion\/wp-json\/wp\/v2\/pages\/1159\/revisions"}],"predecessor-version":[{"id":2104,"href":"https:\/\/fips.unsa.edu.pe\/cienciadelacomputacion\/wp-json\/wp\/v2\/pages\/1159\/revisions\/2104"}],"wp:featuredmedia":[{"embeddable":true,"href":"https:\/\/fips.unsa.edu.pe\/cienciadelacomputacion\/wp-json\/wp\/v2\/media\/1436"}],"wp:attachment":[{"href":"https:\/\/fips.unsa.edu.pe\/cienciadelacomputacion\/wp-json\/wp\/v2\/media?parent=1159"}],"curies":[{"name":"wp","href":"https:\/\/api.w.org\/{rel}","templated":true}]}}