{"id":1151,"date":"2024-09-26T12:09:01","date_gmt":"2024-09-26T17:09:01","guid":{"rendered":"http:\/\/www2.unsa.edu.pe\/fips\/ciecomputacion\/?page_id=1151"},"modified":"2024-09-26T12:09:01","modified_gmt":"2024-09-26T17:09:01","slug":"objetivos-academicos","status":"publish","type":"page","link":"https:\/\/fips.unsa.edu.pe\/cienciadelacomputacion\/objetivos-academicos\/","title":{"rendered":"Objetivos Acad\u00e9micos"},"content":{"rendered":"<ol type=\"a\">\n<li>Formar Profesionales, Cient\u00edficos, impulsores del desarrollo a trav\u00e9s de la propuesta de nuevas t\u00e9cnicas computacionales que sean de utilidad a nivel local, nacional e internacional; capaz de ser generadores de puestos de empleo a trav\u00e9s de la innovaci\u00f3n permanente.<\/li>\n<li>Propiciar el desarrollo de Proyectos de Investigaci\u00f3n; de inter\u00e9s cient\u00edfico y social. Para contribuir a la generaci\u00f3n de conocimiento y del desarrollo sostenible.<\/li>\n<li>Propiciar la generaci\u00f3n de servicios acad\u00e9micos de calidad consolidando la formaci\u00f3n integral en pregrado, y la creaci\u00f3n de Maestr\u00edas y Doctorados con un alto nivel acad\u00e9mico, basado en est\u00e1ndares internacionales.<\/li>\n<li>Establecer el intercambio\u00a0 cient\u00edfico de estudiantes y docentes con otras Universidades, Instituciones y Organizaciones del Per\u00fa y del Mundo con fines de reciprocidad y cooperaci\u00f3n.<\/li>\n<li>Garantizar condiciones de trabajo estables y fomentar la capacitaci\u00f3n de docentes y Administrativos para garantizar el desarrollo de la escuela en un ambiente de modernidad.<\/li>\n<li>Fomentar y estimular la creaci\u00f3n intelectual as\u00ed como la producci\u00f3n cient\u00edfica y tecnol\u00f3gica de bienes y servicios por parte de docentes y estudiantes.<\/li>\n<li>Promover e incrementar las actividades de Proyecci\u00f3n Social que permitan articular las actividades computacionales con las necesidades sociales.<\/li>\n<\/ol>\n","protected":false},"excerpt":{"rendered":"<p>Formar Profesionales, Cient\u00edficos, impulsores del desarrollo a trav\u00e9s de la propuesta de nuevas t\u00e9cnicas computacionales que sean de utilidad a nivel local, nacional e internacional; capaz de ser generadores de puestos de empleo a trav\u00e9s de la innovaci\u00f3n permanente. Propiciar el desarrollo de Proyectos de Investigaci\u00f3n; de inter\u00e9s cient\u00edfico y social. Para contribuir a la [&hellip;]<\/p>\n","protected":false},"author":1,"featured_media":1432,"parent":0,"menu_order":0,"comment_status":"closed","ping_status":"closed","template":"","meta":{"footnotes":""},"class_list":["post-1151","page","type-page","status-publish","has-post-thumbnail","hentry"],"_links":{"self":[{"href":"https:\/\/fips.unsa.edu.pe\/cienciadelacomputacion\/wp-json\/wp\/v2\/pages\/1151","targetHints":{"allow":["GET"]}}],"collection":[{"href":"https:\/\/fips.unsa.edu.pe\/cienciadelacomputacion\/wp-json\/wp\/v2\/pages"}],"about":[{"href":"https:\/\/fips.unsa.edu.pe\/cienciadelacomputacion\/wp-json\/wp\/v2\/types\/page"}],"author":[{"embeddable":true,"href":"https:\/\/fips.unsa.edu.pe\/cienciadelacomputacion\/wp-json\/wp\/v2\/users\/1"}],"replies":[{"embeddable":true,"href":"https:\/\/fips.unsa.edu.pe\/cienciadelacomputacion\/wp-json\/wp\/v2\/comments?post=1151"}],"version-history":[{"count":2,"href":"https:\/\/fips.unsa.edu.pe\/cienciadelacomputacion\/wp-json\/wp\/v2\/pages\/1151\/revisions"}],"predecessor-version":[{"id":1295,"href":"https:\/\/fips.unsa.edu.pe\/cienciadelacomputacion\/wp-json\/wp\/v2\/pages\/1151\/revisions\/1295"}],"wp:featuredmedia":[{"embeddable":true,"href":"https:\/\/fips.unsa.edu.pe\/cienciadelacomputacion\/wp-json\/wp\/v2\/media\/1432"}],"wp:attachment":[{"href":"https:\/\/fips.unsa.edu.pe\/cienciadelacomputacion\/wp-json\/wp\/v2\/media?parent=1151"}],"curies":[{"name":"wp","href":"https:\/\/api.w.org\/{rel}","templated":true}]}}