{"id":1147,"date":"2024-09-26T12:09:33","date_gmt":"2024-09-26T17:09:33","guid":{"rendered":"http:\/\/www2.unsa.edu.pe\/fips\/ciecomputacion\/?page_id=1147"},"modified":"2024-09-26T12:09:33","modified_gmt":"2024-09-26T17:09:33","slug":"resena-historica","status":"publish","type":"page","link":"https:\/\/fips.unsa.edu.pe\/cienciadelacomputacion\/resena-historica\/","title":{"rendered":"Rese\u00f1a Hist\u00f3rica"},"content":{"rendered":"<p>La Escuela Profesional de Ciencia de la Computaci\u00f3n fue creada seg\u00fan Resoluci\u00f3n de Asamblea Universitaria N\u00b0 006-2008 aprobado del 02 de Octubre 2008, siendo Rector de la Universidad el Dr. Rolando Cornejo Cuervo.<\/p>\n<p>La Escuela Profesional de Ciencia de la Computaci\u00f3n, forma parte de la Facultad de Ingenier\u00eda de Producci\u00f3n y Servicios y viene funcionando desde el a\u00f1o 2010 y actualmente cuenta con 03 promociones de egresados.<\/p>\n<p>&nbsp;<\/p>\n","protected":false},"excerpt":{"rendered":"<p>La Escuela Profesional de Ciencia de la Computaci\u00f3n fue creada seg\u00fan Resoluci\u00f3n de Asamblea Universitaria N\u00b0 006-2008 aprobado del 02 de Octubre 2008, siendo Rector de la Universidad el Dr. Rolando Cornejo Cuervo. La Escuela Profesional de Ciencia de la Computaci\u00f3n, forma parte de la Facultad de Ingenier\u00eda de Producci\u00f3n y Servicios y viene funcionando [&hellip;]<\/p>\n","protected":false},"author":1,"featured_media":1445,"parent":0,"menu_order":0,"comment_status":"closed","ping_status":"closed","template":"","meta":{"footnotes":""},"class_list":["post-1147","page","type-page","status-publish","has-post-thumbnail","hentry"],"_links":{"self":[{"href":"https:\/\/fips.unsa.edu.pe\/cienciadelacomputacion\/wp-json\/wp\/v2\/pages\/1147","targetHints":{"allow":["GET"]}}],"collection":[{"href":"https:\/\/fips.unsa.edu.pe\/cienciadelacomputacion\/wp-json\/wp\/v2\/pages"}],"about":[{"href":"https:\/\/fips.unsa.edu.pe\/cienciadelacomputacion\/wp-json\/wp\/v2\/types\/page"}],"author":[{"embeddable":true,"href":"https:\/\/fips.unsa.edu.pe\/cienciadelacomputacion\/wp-json\/wp\/v2\/users\/1"}],"replies":[{"embeddable":true,"href":"https:\/\/fips.unsa.edu.pe\/cienciadelacomputacion\/wp-json\/wp\/v2\/comments?post=1147"}],"version-history":[{"count":3,"href":"https:\/\/fips.unsa.edu.pe\/cienciadelacomputacion\/wp-json\/wp\/v2\/pages\/1147\/revisions"}],"predecessor-version":[{"id":1332,"href":"https:\/\/fips.unsa.edu.pe\/cienciadelacomputacion\/wp-json\/wp\/v2\/pages\/1147\/revisions\/1332"}],"wp:featuredmedia":[{"embeddable":true,"href":"https:\/\/fips.unsa.edu.pe\/cienciadelacomputacion\/wp-json\/wp\/v2\/media\/1445"}],"wp:attachment":[{"href":"https:\/\/fips.unsa.edu.pe\/cienciadelacomputacion\/wp-json\/wp\/v2\/media?parent=1147"}],"curies":[{"name":"wp","href":"https:\/\/api.w.org\/{rel}","templated":true}]}}