{"id":1145,"date":"2024-09-26T12:09:01","date_gmt":"2024-09-26T17:09:01","guid":{"rendered":"http:\/\/www2.unsa.edu.pe\/fips\/ciecomputacion\/?page_id=1145"},"modified":"2024-09-26T12:09:01","modified_gmt":"2024-09-26T17:09:01","slug":"presentacion","status":"publish","type":"page","link":"https:\/\/fips.unsa.edu.pe\/cienciadelacomputacion\/presentacion\/","title":{"rendered":"Conoce a la Mejor Escuela de Computaci\u00f3n del Per\u00fa"},"content":{"rendered":"<p>Es conocido que la computaci\u00f3n ha sufrido un desarrollo impresionante en los \u00faltimos 65 a\u00f1os, convirti\u00e9ndose en el motor del desarrollo cient\u00edfico, tecnol\u00f3gico, industrial, social, econ\u00f3mico y cultural, transformando de manera significativa el diario accionar.<\/p>\n<p>El surgimiento del computador ha marcado una nueva era en la historia de la humanidad que era imposible de imaginar varias d\u00e9cadas atr\u00e1s. La gran cantidad de aplicaciones que se han desarrollado en los \u00faltimos a\u00f1os est\u00e1n transformando el desarrollo de todas las disciplinas del saber, la comercializaci\u00f3n en el \u00e1mbito globalizado, la comunicaci\u00f3n, los procesos de ense\u00f1anza-aprendizaje y hasta el entretenimiento.<\/p>\n<p>Muchos pa\u00edses consideran a la computaci\u00f3n como estrat\u00e9gica para su desarrollo. En Per\u00fa, el CONCYTEC recomienda se considere a la Computaci\u00f3n como una de las \u00e1reas prioritarias de vinculaci\u00f3n entre la academia e industria para fomentar la competitividad y la innovaci\u00f3n.<\/p>\n<p>En este contexto el presente plan estrat\u00e9gico pretende establecer los lineamiento futuros de trabajo para consolidar a la escuela Profesional de Ciencia de la Computaci\u00f3n como protagonista del desarrollo tecnol\u00f3gico y t\u00e9cnico de la regi\u00f3n y el pa\u00eds, a trav\u00e9s de la formaci\u00f3n de profesionales competentes con un conjunto de habilidades y destrezas para la soluci\u00f3n de problemas computacionales con compromiso social y orientados a la creaci\u00f3n de nueva tecnolog\u00eda, consolidando la industria del software en base a la investigaci\u00f3n cient\u00edfica y tecnol\u00f3gica en \u00e1reas innovadoras.<\/p>\n","protected":false},"excerpt":{"rendered":"<p>Es conocido que la computaci\u00f3n ha sufrido un desarrollo impresionante en los \u00faltimos 65 a\u00f1os, convirti\u00e9ndose en el motor del desarrollo cient\u00edfico, tecnol\u00f3gico, industrial, social, econ\u00f3mico y cultural, transformando de manera significativa el diario accionar. El surgimiento del computador ha marcado una nueva era en la historia de la humanidad que era imposible de imaginar [&hellip;]<\/p>\n","protected":false},"author":1,"featured_media":1739,"parent":0,"menu_order":0,"comment_status":"closed","ping_status":"closed","template":"","meta":{"footnotes":""},"class_list":["post-1145","page","type-page","status-publish","has-post-thumbnail","hentry"],"_links":{"self":[{"href":"https:\/\/fips.unsa.edu.pe\/cienciadelacomputacion\/wp-json\/wp\/v2\/pages\/1145","targetHints":{"allow":["GET"]}}],"collection":[{"href":"https:\/\/fips.unsa.edu.pe\/cienciadelacomputacion\/wp-json\/wp\/v2\/pages"}],"about":[{"href":"https:\/\/fips.unsa.edu.pe\/cienciadelacomputacion\/wp-json\/wp\/v2\/types\/page"}],"author":[{"embeddable":true,"href":"https:\/\/fips.unsa.edu.pe\/cienciadelacomputacion\/wp-json\/wp\/v2\/users\/1"}],"replies":[{"embeddable":true,"href":"https:\/\/fips.unsa.edu.pe\/cienciadelacomputacion\/wp-json\/wp\/v2\/comments?post=1145"}],"version-history":[{"count":10,"href":"https:\/\/fips.unsa.edu.pe\/cienciadelacomputacion\/wp-json\/wp\/v2\/pages\/1145\/revisions"}],"predecessor-version":[{"id":1741,"href":"https:\/\/fips.unsa.edu.pe\/cienciadelacomputacion\/wp-json\/wp\/v2\/pages\/1145\/revisions\/1741"}],"wp:featuredmedia":[{"embeddable":true,"href":"https:\/\/fips.unsa.edu.pe\/cienciadelacomputacion\/wp-json\/wp\/v2\/media\/1739"}],"wp:attachment":[{"href":"https:\/\/fips.unsa.edu.pe\/cienciadelacomputacion\/wp-json\/wp\/v2\/media?parent=1145"}],"curies":[{"name":"wp","href":"https:\/\/api.w.org\/{rel}","templated":true}]}}